{"id":62331,"date":"2022-05-09T00:00:00","date_gmt":"2022-05-08T22:00:00","guid":{"rendered":"https:\/\/2025.teleskopshop.ch\/shop\/non%20class\u00e9\/skywatcher-elektronisches-fernausloeserkabel-opt2\/"},"modified":"2025-01-25T11:56:13","modified_gmt":"2025-01-25T10:56:13","slug":"skywatcher-elektronisches-fernausloeserkabel-opt2","status":"publish","type":"product","link":"https:\/\/www.teleskopshop.ch\/fr\/shop\/astronomie-accessoires-fr\/computer-hardware-pour-telescopes-fr\/skywatcher-elektronisches-fernausloeserkabel-opt2\/","title":{"rendered":"Skywatcher C\u00e2ble d\u2019obturateur \u00e9lectronique \u00e0 distance OPT2"},"content":{"rendered":"<p>C\u00e2ble de d\u00e9verrouillage \u00e0 distance pour les supports Sky-Watcher AllView, Merlin, etc. Convient pour Olympus E-P2, E520, E420, E-P1, E510, E410 etc. \u00c9tendue de la livraison: C\u00e2ble de d\u00e9verrouillage \u00e0 distance Olympus OPT2! L\u2019alimentation et les piles ne sont pas incluses!<\/p>\n<p>G\u00e9n\u00e9ralit\u00e9s<\/p>\n<table>\n<tr>\n<td>Poids du colis:<\/td>\n<td>0.043kg<\/td>\n<\/tr>\n<\/table>\n<table>\n<tr>\n<td>Taille d\u2019exp\u00e9dition:<\/td>\n<td>12x5x4.5cm<\/td>\n<\/tr>\n<\/table>\n<p>Accessoires<\/p>\n<table>\n<tr>\n<td>Type<\/td>\n<td>: c\u00e2ble de d\u00e9verrouillage \u00e0 distance<\/td>\n<\/tr>\n<\/table>\n","protected":false},"excerpt":{"rendered":"<p>C\u00e2ble d\u2019obturateur \u00e0 distance Skywatcher pour Olympus E-P2 \/ E520 \/ E420 \/ E-P1 \/ E510 \/ E410, etc.<\/p>\n","protected":false},"featured_media":5718,"comment_status":"closed","ping_status":"open","template":"","meta":{"_acf_changed":false},"product_brand":[675],"product_cat":[1654,1721],"product_tag":[],"class_list":{"0":"post-62331","1":"product","2":"type-product","3":"status-publish","4":"has-post-thumbnail","6":"product_brand-skywatcher","7":"product_cat-astronomie-accessoires-fr","8":"product_cat-computer-hardware-pour-telescopes-fr","10":"first","11":"instock","12":"taxable","13":"shipping-taxable","14":"purchasable","15":"product-type-simple"},"acf":[],"_links":{"self":[{"href":"https:\/\/www.teleskopshop.ch\/fr\/wp-json\/wp\/v2\/product\/62331","targetHints":{"allow":["GET"]}}],"collection":[{"href":"https:\/\/www.teleskopshop.ch\/fr\/wp-json\/wp\/v2\/product"}],"about":[{"href":"https:\/\/www.teleskopshop.ch\/fr\/wp-json\/wp\/v2\/types\/product"}],"replies":[{"embeddable":true,"href":"https:\/\/www.teleskopshop.ch\/fr\/wp-json\/wp\/v2\/comments?post=62331"}],"wp:featuredmedia":[{"embeddable":true,"href":"https:\/\/www.teleskopshop.ch\/fr\/wp-json\/wp\/v2\/media\/5718"}],"wp:attachment":[{"href":"https:\/\/www.teleskopshop.ch\/fr\/wp-json\/wp\/v2\/media?parent=62331"}],"wp:term":[{"taxonomy":"product_brand","embeddable":true,"href":"https:\/\/www.teleskopshop.ch\/fr\/wp-json\/wp\/v2\/product_brand?post=62331"},{"taxonomy":"product_cat","embeddable":true,"href":"https:\/\/www.teleskopshop.ch\/fr\/wp-json\/wp\/v2\/product_cat?post=62331"},{"taxonomy":"product_tag","embeddable":true,"href":"https:\/\/www.teleskopshop.ch\/fr\/wp-json\/wp\/v2\/product_tag?post=62331"}],"curies":[{"name":"wp","href":"https:\/\/api.w.org\/{rel}","templated":true}]}}