{"id":62298,"date":"2022-05-09T00:00:00","date_gmt":"2022-05-08T22:00:00","guid":{"rendered":"https:\/\/2025.teleskopshop.ch\/shop\/non%20class\u00e9\/takahashi-wide-t-rings\/"},"modified":"2025-01-25T11:50:16","modified_gmt":"2025-01-25T10:50:16","slug":"takahashi-wide-t-rings","status":"publish","type":"product","link":"https:\/\/www.teleskopshop.ch\/fr\/shop\/optique\/takahashi-wide-t-rings\/","title":{"rendered":"Takahashi LargeS anneaux en T"},"content":{"rendered":"<p>Le soi-disant \u00ab\u00a0T-ring\u00a0\u00bb est un accessoire indispensable pour quiconque souhaite fixer un appareil photo num\u00e9rique au tube optique d&rsquo;un t\u00e9lescope. Sp\u00e9cifique \u00e0 la marque d&rsquo;appareil photo, il assure la liaison entre le bo\u00eetier de l&rsquo;appareil photo et l&rsquo;adaptateur photo de l&rsquo;instrument. Chaque anneau a une longueur sp\u00e9cifique qui assure une distance fixe de 56,2 mm entre le capteur de la cam\u00e9ra et la surface d&rsquo;appui de l&rsquo;adaptateur photo de l&rsquo;instrument.<br \/>\nLes anneaux en T larges Takahashi ont un diam\u00e8tre d&rsquo;entr\u00e9e de filetage M54x0,75 plus grand que les anneaux en T standard (M42x0,75). Ce plus grand diam\u00e8tre permet d&rsquo;utiliser des appareils photo plein format sans vignettage, tandis que l&rsquo;anneau en T standard ne couvre que le format APS-C. Cependant, il convient de rappeler que pour la pleine utilisation de ces cam\u00e9ras, il est essentiel que l&rsquo;instrument lui-m\u00eame ou son correcteur ou r\u00e9ducteur ait un cercle d&rsquo;image corrig\u00e9 minimum de 43,3 mm de diam\u00e8tre, n\u00e9cessaire pour couvrir le format 24&#215;36. Se r\u00e9f\u00e9rer aux fiches syst\u00e8me de chaque instrument pour le choix du T-ring en fonction du montage souhait\u00e9.<br \/>\nLes Takahashi Wide T-Rings se composent de 2 \u00e9l\u00e9ments : un anneau central avec un filetage m\u00e2le M54x0,75 c\u00f4t\u00e9 entr\u00e9e et un support de cam\u00e9ra sp\u00e9cifique \u00e0 la marque c\u00f4t\u00e9 sortie. Si n\u00e9cessaire, il est possible de retirer la bague centrale et de la remplacer par un mod\u00e8le disposant soit d&rsquo;un filetage femelle M42x0,75 (la bague devient un \u00ab\u00a0T standard\u00a0\u00bb) soit d&rsquo;un filetage femelle M52x0,75 (la bague devient un \u00ab\u00a0Wide FS-60 T-ring\u00a0\u00bb pour le r\u00e9fracteur Takahashi FS-60).<\/p>\n","protected":false},"excerpt":{"rendered":"<p>Le soi-disant \u00ab\u00a0T-ring\u00a0\u00bb est un accessoire indispensable pour quiconque souhaite fixer un appareil photo num\u00e9rique au tube optique d&rsquo;un t\u00e9lescope. Sp\u00e9cifique \u00e0 la marque d&rsquo;appareil photo, il assure la liaison entre le bo\u00eetier de l&rsquo;appareil photo et l&rsquo;adaptateur photo de l&rsquo;instrument. Chaque anneau a une longueur sp\u00e9cifique qui assure une distance fixe de 56,2 mm [&hellip;]<\/p>\n","protected":false},"featured_media":4646,"comment_status":"closed","ping_status":"open","template":"","meta":{"_acf_changed":false},"product_brand":[673],"product_cat":[1339],"product_tag":[],"class_list":{"0":"post-62298","1":"product","2":"type-product","3":"status-publish","4":"has-post-thumbnail","6":"product_brand-takahashi","7":"product_cat-optique","9":"first","10":"instock","11":"taxable","12":"shipping-taxable","13":"purchasable","14":"product-type-simple"},"acf":[],"_links":{"self":[{"href":"https:\/\/www.teleskopshop.ch\/fr\/wp-json\/wp\/v2\/product\/62298","targetHints":{"allow":["GET"]}}],"collection":[{"href":"https:\/\/www.teleskopshop.ch\/fr\/wp-json\/wp\/v2\/product"}],"about":[{"href":"https:\/\/www.teleskopshop.ch\/fr\/wp-json\/wp\/v2\/types\/product"}],"replies":[{"embeddable":true,"href":"https:\/\/www.teleskopshop.ch\/fr\/wp-json\/wp\/v2\/comments?post=62298"}],"wp:featuredmedia":[{"embeddable":true,"href":"https:\/\/www.teleskopshop.ch\/fr\/wp-json\/wp\/v2\/media\/4646"}],"wp:attachment":[{"href":"https:\/\/www.teleskopshop.ch\/fr\/wp-json\/wp\/v2\/media?parent=62298"}],"wp:term":[{"taxonomy":"product_brand","embeddable":true,"href":"https:\/\/www.teleskopshop.ch\/fr\/wp-json\/wp\/v2\/product_brand?post=62298"},{"taxonomy":"product_cat","embeddable":true,"href":"https:\/\/www.teleskopshop.ch\/fr\/wp-json\/wp\/v2\/product_cat?post=62298"},{"taxonomy":"product_tag","embeddable":true,"href":"https:\/\/www.teleskopshop.ch\/fr\/wp-json\/wp\/v2\/product_tag?post=62298"}],"curies":[{"name":"wp","href":"https:\/\/api.w.org\/{rel}","templated":true}]}}