{"id":62295,"date":"2022-05-09T00:00:00","date_gmt":"2022-05-08T22:00:00","guid":{"rendered":"https:\/\/2025.teleskopshop.ch\/shop\/non%20class\u00e9\/takahashi-toe-eyepieces\/"},"modified":"2025-01-25T11:57:00","modified_gmt":"2025-01-25T10:57:00","slug":"takahashi-toe-eyepieces","status":"publish","type":"product","link":"https:\/\/www.teleskopshop.ch\/fr\/shop\/astronomie-accessoires-fr\/adaptateurs\/adaptateur-takahashi\/takahashi-toe-eyepieces\/","title":{"rendered":"Oculaires Takahashi TOE"},"content":{"rendered":"<p>La meilleure observation est obtenue en combinant un excellent tube optique aux performances proches de la limite de diffraction avec un excellent oculaire. Cette combinaison optimise la r\u00e9solution de l&rsquo;instrument sur tout le champ de vision. Les oculaires Takahashi TOE ont \u00e9t\u00e9 d\u00e9velopp\u00e9s dans cet objectif. Que ce soit sur les t\u00e9lescopes Takahashi ou ceux d&rsquo;autres marques prestigieuses, ils permettent aux objectifs des diff\u00e9rents tubes optiques d&rsquo;atteindre leur plein potentiel, notamment en termes de r\u00e9solution. Ils montrent que des t\u00e9lescopes comme le TOA, TSA, FOA et FSQ ou des t\u00e9lescopes comme le Mewlon-CRS ne sont pas seulement des instruments photographiques, mais aussi des outils impressionnants pour l&rsquo;observation visuelle.<br \/>\nLes oculaires Takahashi TOE sont con\u00e7us pour observer la lune et les plan\u00e8tes \u00e0 fort grossissement avec un confort optimal. Le t\u00e9lescope TOA-130 utilise des oculaires de 4 mm, 3,3 mm et 2,5 mm pour obtenir des grossissements de 250x, 300x et 400x, respectivement. Avec la lunette FSQ \u00e0 F\/5, il est fortement recommand\u00e9 d&rsquo;utiliser une rallonge pour passer \u00e0 F\/8 en combinaison avec l&rsquo;ECG. Le champ de vision apparent de l&rsquo;EVG est de 52\u00b0, plus large que les 40\u00b0 de l&rsquo;ancien oculaire Hi-LE, et le d\u00e9gagement oculaire est identique \u00e0 celui des autres oculaires Takahashi tels que le LE-5 ou LE-7.5, ce qui rend l&rsquo;observation plan\u00e9taire particuli\u00e8rement confortable.<br \/>\nLes aberrations optiques dans les oculaires sont th\u00e9oriquement difficiles \u00e0 \u00e9valuer. Par cons\u00e9quent, Takahashi calcule les propri\u00e9t\u00e9s optiques des oculaires et minimise les aberrations, en supposant que l&rsquo;oculaire est un syst\u00e8me optique complet mont\u00e9 de mani\u00e8re afocale au foyer du r\u00e9fracteur TOA-130. D&rsquo;un point de vue ondul\u00e9, le rapport de Strehl ne descend pas en dessous de 98%, quelle que soit la longueur d&rsquo;onde consid\u00e9r\u00e9e (de 486 nm \u00e0 656 nm) et sur l&rsquo;ensemble du champ. D&rsquo;un point de vue g\u00e9om\u00e9trique, le spot plot montre que la r\u00e9solution est bien inf\u00e9rieure \u00e0 la limite de Dawes calcul\u00e9e pour l&rsquo;objectif TOA-130. Enfin, il convient de noter que l&rsquo;aberration chromatique restante est extr\u00eamement faible.<br \/>\nLa conception optique des oculaires TOE se compose de 6 lentilles r\u00e9parties en 4 groupes. La lentille Smyth du premier groupe et la lentille principale du dernier groupe ont \u00e9t\u00e9 optimis\u00e9es pour minimiser l&rsquo;aberration sph\u00e9rique, l&rsquo;aberration chromatique, la courbure de champ et l&rsquo;astigmatisme. Les images fant\u00f4mes et les reflets ont \u00e9t\u00e9 r\u00e9duits, ce qui permet d&rsquo;observer la lune et les plan\u00e8tes avec un contraste \u00e9lev\u00e9. Chaque surface optique est trait\u00e9e avec un traitement multicouche complet \u00e0 large spectre, et un traitement alternatif est appliqu\u00e9 aux surfaces o\u00f9 l&rsquo;\u00e9quilibre des couleurs doit \u00eatre corrig\u00e9 et le contraste am\u00e9lior\u00e9. Enfin, tous les bords des lentilles et les surfaces m\u00e9talliques int\u00e9rieures sont noircies pour \u00e9viter les rayons parasites.<\/p>\n","protected":false},"excerpt":{"rendered":"<p>La meilleure observation est obtenue en combinant un excellent tube optique aux performances proches de la limite de diffraction avec un excellent oculaire. Cette combinaison optimise la r\u00e9solution de l&rsquo;instrument sur tout le champ de vision. Les oculaires Takahashi TOE ont \u00e9t\u00e9 d\u00e9velopp\u00e9s dans cet objectif. Que ce soit sur les t\u00e9lescopes Takahashi ou ceux [&hellip;]<\/p>\n","protected":false},"featured_media":4582,"comment_status":"closed","ping_status":"open","template":"","meta":{"_acf_changed":false},"product_brand":[673],"product_cat":[1654,1699,1657],"product_tag":[],"class_list":{"0":"post-62295","1":"product","2":"type-product","3":"status-publish","4":"has-post-thumbnail","6":"product_brand-takahashi","7":"product_cat-astronomie-accessoires-fr","8":"product_cat-adaptateur-takahashi","9":"product_cat-adaptateurs","11":"first","12":"instock","13":"taxable","14":"shipping-taxable","15":"purchasable","16":"product-type-simple"},"acf":[],"_links":{"self":[{"href":"https:\/\/www.teleskopshop.ch\/fr\/wp-json\/wp\/v2\/product\/62295","targetHints":{"allow":["GET"]}}],"collection":[{"href":"https:\/\/www.teleskopshop.ch\/fr\/wp-json\/wp\/v2\/product"}],"about":[{"href":"https:\/\/www.teleskopshop.ch\/fr\/wp-json\/wp\/v2\/types\/product"}],"replies":[{"embeddable":true,"href":"https:\/\/www.teleskopshop.ch\/fr\/wp-json\/wp\/v2\/comments?post=62295"}],"wp:featuredmedia":[{"embeddable":true,"href":"https:\/\/www.teleskopshop.ch\/fr\/wp-json\/wp\/v2\/media\/4582"}],"wp:attachment":[{"href":"https:\/\/www.teleskopshop.ch\/fr\/wp-json\/wp\/v2\/media?parent=62295"}],"wp:term":[{"taxonomy":"product_brand","embeddable":true,"href":"https:\/\/www.teleskopshop.ch\/fr\/wp-json\/wp\/v2\/product_brand?post=62295"},{"taxonomy":"product_cat","embeddable":true,"href":"https:\/\/www.teleskopshop.ch\/fr\/wp-json\/wp\/v2\/product_cat?post=62295"},{"taxonomy":"product_tag","embeddable":true,"href":"https:\/\/www.teleskopshop.ch\/fr\/wp-json\/wp\/v2\/product_tag?post=62295"}],"curies":[{"name":"wp","href":"https:\/\/api.w.org\/{rel}","templated":true}]}}