{"id":62235,"date":"2022-05-09T00:00:00","date_gmt":"2022-05-08T22:00:00","guid":{"rendered":"https:\/\/2025.teleskopshop.ch\/shop\/non%20class\u00e9\/acuter-spektiv-grandvista-ds80a-2\/"},"modified":"2025-01-25T11:47:02","modified_gmt":"2025-01-25T10:47:02","slug":"acuter-spektiv-grandvista-ds80a-2","status":"publish","type":"product","link":"https:\/\/www.teleskopshop.ch\/fr\/shop\/optique\/trepieds-fr\/plus-de-50-mm\/acuter-spektiv-grandvista-ds80a-2\/","title":{"rendered":"Lunette d&rsquo;observation aigu\u00eb Grandvista DS80A"},"content":{"rendered":"<p>Les nouvelles longues-vues \u00e9tanches achromatiques am\u00e9lior\u00e9es de la s\u00e9rie Acuter GrandVista ont un design exceptionnellement beau et sont des instruments optiques tr\u00e8s fonctionnels et pr\u00e9cis. Ils combinent d&rsquo;excellentes performances optiques avec de nombreuses fonctionnalit\u00e9s haut de gamme indispensables, ce qui les rend parfaits pour l&rsquo;ornithologie et les observations approfondies de la nature ainsi que pour le tir sportif et m\u00eame l&rsquo;astronomie. La longue-vue est \u00e9quip\u00e9e d&rsquo;un oculaire \u00e0 zoom standard de 20x \u00e0 60x, mais peut \u00e9galement \u00eatre \u00e9quip\u00e9e d&rsquo;oculaires astronomiques standard pour une large gamme de grossissements. La longue-vue peut \u00eatre enti\u00e8rement tourn\u00e9e dans l&rsquo;anneau de tube int\u00e9gr\u00e9 pour une vue particuli\u00e8rement confortable. L&rsquo;ensemble de l&rsquo;optique est multicouche. Contenu de la livraison&nbsp;: sac de longue-vue 20-60&#215;80&nbsp;! L&rsquo;alimentation et les piles ne sont pas incluses&nbsp;!<\/p>\n<p>G\u00e9n\u00e9ral<\/p>\n<table>\n<tr>\n<td>Poids<\/td>\n<p> d&rsquo;exp\u00e9dition <\/p>\n<td>3,2 kg<\/td>\n<\/tr>\n<\/table>\n<table>\n<tr>\n<td>Taille<\/td>\n<p> d&rsquo;exp\u00e9dition <\/p>\n<td>59x20x18.5cm<\/td>\n<\/tr>\n<\/table>\n<p>observation de la nature<\/p>\n<table>\n<tr>\n<td>Type<\/td>\n<td>longue-vue avec oculaires interchangeables \u00e0 45\u00b0<\/td>\n<\/tr>\n<\/table>\n<table>\n<tr>\n<td>Grossissement<\/td>\n<td>20-60x<\/td>\n<\/tr>\n<\/table>\n<table>\n<tr>\n<td>Diam\u00e8tre de l&rsquo;objectif (mm)<\/td>\n<td>80<\/td>\n<\/tr>\n<\/table>\n<table>\n<tr>\n<td>Pupille de sortie (mm)<\/td>\n<td>1,33<\/td>\n<\/tr>\n<\/table>\n<table>\n<tr>Cadran du <\/p>\n<td>syst\u00e8me de mise au point<\/td>\n<td>avec r\u00e9duction suppl\u00e9mentaire de 15:1<\/td>\n<\/tr>\n<\/table>\n<table>\n<tr>\n<td>D\u00e9gagement oculaire \u00e0 l&rsquo;oculaire (mm)<\/td>\n<td>20,00<\/td>\n<\/tr>\n<\/table>\n<table>\n<tr>\n<td>R\u00e9sistant aux \u00e9claboussures<\/td>\n<td>oui<\/td>\n<\/tr>\n<\/table>\n","protected":false},"excerpt":{"rendered":"<p>Longue-vue \u00e9tanche Acuter 20-60&#215;80 avec vue \u00e0 45\u00b0<\/p>\n","protected":false},"featured_media":6678,"comment_status":"closed","ping_status":"open","template":"","meta":{"_acf_changed":false},"product_brand":[678],"product_cat":[1339,1561,1555],"product_tag":[],"class_list":{"0":"post-62235","1":"product","2":"type-product","3":"status-publish","4":"has-post-thumbnail","6":"product_brand-acuter","7":"product_cat-optique","8":"product_cat-plus-de-50-mm","9":"product_cat-trepieds-fr","11":"first","12":"instock","13":"taxable","14":"shipping-taxable","15":"purchasable","16":"product-type-simple"},"acf":[],"_links":{"self":[{"href":"https:\/\/www.teleskopshop.ch\/fr\/wp-json\/wp\/v2\/product\/62235","targetHints":{"allow":["GET"]}}],"collection":[{"href":"https:\/\/www.teleskopshop.ch\/fr\/wp-json\/wp\/v2\/product"}],"about":[{"href":"https:\/\/www.teleskopshop.ch\/fr\/wp-json\/wp\/v2\/types\/product"}],"replies":[{"embeddable":true,"href":"https:\/\/www.teleskopshop.ch\/fr\/wp-json\/wp\/v2\/comments?post=62235"}],"wp:featuredmedia":[{"embeddable":true,"href":"https:\/\/www.teleskopshop.ch\/fr\/wp-json\/wp\/v2\/media\/6678"}],"wp:attachment":[{"href":"https:\/\/www.teleskopshop.ch\/fr\/wp-json\/wp\/v2\/media?parent=62235"}],"wp:term":[{"taxonomy":"product_brand","embeddable":true,"href":"https:\/\/www.teleskopshop.ch\/fr\/wp-json\/wp\/v2\/product_brand?post=62235"},{"taxonomy":"product_cat","embeddable":true,"href":"https:\/\/www.teleskopshop.ch\/fr\/wp-json\/wp\/v2\/product_cat?post=62235"},{"taxonomy":"product_tag","embeddable":true,"href":"https:\/\/www.teleskopshop.ch\/fr\/wp-json\/wp\/v2\/product_tag?post=62235"}],"curies":[{"name":"wp","href":"https:\/\/api.w.org\/{rel}","templated":true}]}}