{"id":62223,"date":"2022-05-09T00:00:00","date_gmt":"2022-05-08T22:00:00","guid":{"rendered":"https:\/\/2025.teleskopshop.ch\/shop\/non%20class\u00e9\/barr-stroud-spektiv-sierra-20-60x84ed\/"},"modified":"2025-01-25T11:54:53","modified_gmt":"2025-01-25T10:54:53","slug":"barr-stroud-spektiv-sierra-20-60x84ed","status":"publish","type":"product","link":"https:\/\/www.teleskopshop.ch\/fr\/shop\/optique\/trepieds-fr\/plus-de-50-mm\/barr-stroud-spektiv-sierra-20-60x84ed\/","title":{"rendered":"Longue-vue Barr &amp; Stroud Sierra 20-60x84ED"},"content":{"rendered":"<p>La longue-vue haut de gamme Barr &amp; Stroud 20-60&#215;84 ED Deluxe a \u00e9t\u00e9 d\u00e9velopp\u00e9e pour les ornithologues exp\u00e9riment\u00e9s et les observateurs de la nature. Un \u00e9l\u00e9ment en verre japonais S-FPL53ED de haute qualit\u00e9 a \u00e9t\u00e9 utilis\u00e9 dans l&rsquo;objectif pour permettre des images aux couleurs vraies presque sans erreur de couleur. La longue-vue ED est \u00e9quip\u00e9e d&rsquo;un oculaire \u00e0 zoom super grand angle 20-60x de haute qualit\u00e9 avec un \u0153illeton r\u00e9glable. L&rsquo;oculaire contient un \u00e9l\u00e9ment asph\u00e9rique pour corriger les aberrations sph\u00e9riques. L&rsquo;oculaire est solidement maintenu dans une bague de compression en laiton. Cependant, la longue-vue peut \u00e9galement \u00eatre \u00e9quip\u00e9e d&rsquo;oculaires de t\u00e9lescope normaux de 1,25&Prime;, ce qui la rend encore plus polyvalente. La longue-vue Barr &amp; Stroud peut \u00eatre mise au point en douceur, confortablement et intuitivement gr\u00e2ce \u00e0 une grande bague molet\u00e9e. prismes BaK-4 corrig\u00e9s et est enti\u00e8rement multicouche Optique rev\u00eatue pour une transmission maximale de la lumi\u00e8re et une imagerie lumineuse et \u00e0 contraste \u00e9lev\u00e9 Il est \u00e9tanche et rempli d&rsquo;azote pour une visualisation sans bu\u00e9e Le bo\u00eetier est fabriqu\u00e9 \u00e0 partir d&rsquo;un alliage aluminium-magn\u00e9sium r\u00e9sistant mais l\u00e9ger et rev\u00eatu d&rsquo;un joli caoutchouc pour le prot\u00e9ger des chocs.Pour la fixation sur un tr\u00e9pied, il est \u00e9quip\u00e9 d&rsquo;un anneau rotatif avec fil photo &#8211; \u00e9galement utile pour les tireurs.Il comprend \u00e9galement un capuchon de ros\u00e9e extensible.Un sac de protection est inclus dans la livraison du longue-vue.Contenu de la livraison&nbsp;:&nbsp;sac pour oculaires de zoom de longue-vue&nbsp;!L&rsquo;alimentation et les piles ne sont pas incluses&nbsp;!<\/p>\n<p>G\u00e9n\u00e9ral<\/p>\n<table>\n<tr>\n<td>Poids<\/td>\n<p> d&rsquo;exp\u00e9dition <\/p>\n<td>2,3 kg<\/td>\n<\/tr>\n<\/table>\n<table>\n<tr>\n<td>Taille<\/td>\n<p> d&rsquo;exp\u00e9dition <\/p>\n<td>20x14x50cm<\/td>\n<\/tr>\n<\/table>\n<p>Donn\u00e9es : Barr &amp; Stroud<\/p>\n<table>\n<tr>Longue-vue <\/p>\n<td>type<\/td>\n<td>45\u00b0 ED avec raccord oculaire interchangeable 1,25&Prime;<\/td>\n<\/tr>\n<\/table>\n<table>\n<tr>\n<td>Grossissement<\/td>\n<td>20-60x<\/td>\n<\/tr>\n<\/table>\n<table>\n<tr>\n<td>Diam\u00e8tre de l&rsquo;objectif (mm)<\/td>\n<td>84<\/td>\n<\/tr>\n<\/table>\n<table>\n<tr>\n<td>Pupille de sortie (mm)<\/td>\n<td>1,40<\/td>\n<\/tr>\n<\/table>\n<table>\n<tr>\n<td>Syst\u00e8me de mise au point Mise au point interne<\/td>\n<td>via une grande bague de r\u00e9glage<\/td>\n<\/tr>\n<\/table>\n<table>\n<tr>Types de <\/p>\n<td>verre<\/td>\n<td>S-FPL53 ED pour objectif \/ BaK-4 pour prismes<\/td>\n<\/tr>\n<\/table>\n<table>\n<tr>Traitement des <\/p>\n<td>lentilles<\/td>\n<td>Optique FMC \/ Prismes PHC<\/td>\n<\/tr>\n<\/table>\n<table>\n<tr>Champ <\/p>\n<td>de vision \u00e0 1000m<\/td>\n<td>34,4 \u00e0 17,7m<\/td>\n<\/tr>\n<\/table>\n<table>\n<tr>\n<td>Distance minimale de mise au point (m)<\/td>\n<td>\n<table>\n<tr>\n<td>R\u00e9sistant aux \u00e9claboussures<\/td>\n<td>oui<\/td>\n<\/tr>\n<\/table>\n<table>\n<tr>\n<td>Remplissage d&rsquo;azote (oui \/ non)<\/td>\n<td>oui<\/td>\n<\/tr>\n<\/table>\n","protected":false},"excerpt":{"rendered":"<p>Barr &amp; Stroud Longue-vue ED 84 mm de haute qualit\u00e9 avec connexion oculaire 1,25&Prime; et oculaire zoom 20-60x<\/p>\n","protected":false},"featured_media":6122,"comment_status":"closed","ping_status":"open","template":"","meta":{"_acf_changed":false},"product_brand":[684],"product_cat":[1339,1561,1555],"product_tag":[],"class_list":{"0":"post-62223","1":"product","2":"type-product","3":"status-publish","4":"has-post-thumbnail","6":"product_brand-barr-stroud","7":"product_cat-optique","8":"product_cat-plus-de-50-mm","9":"product_cat-trepieds-fr","11":"first","12":"instock","13":"taxable","14":"shipping-taxable","15":"purchasable","16":"product-type-simple"},"acf":[],"_links":{"self":[{"href":"https:\/\/www.teleskopshop.ch\/fr\/wp-json\/wp\/v2\/product\/62223","targetHints":{"allow":["GET"]}}],"collection":[{"href":"https:\/\/www.teleskopshop.ch\/fr\/wp-json\/wp\/v2\/product"}],"about":[{"href":"https:\/\/www.teleskopshop.ch\/fr\/wp-json\/wp\/v2\/types\/product"}],"replies":[{"embeddable":true,"href":"https:\/\/www.teleskopshop.ch\/fr\/wp-json\/wp\/v2\/comments?post=62223"}],"wp:featuredmedia":[{"embeddable":true,"href":"https:\/\/www.teleskopshop.ch\/fr\/wp-json\/wp\/v2\/media\/6122"}],"wp:attachment":[{"href":"https:\/\/www.teleskopshop.ch\/fr\/wp-json\/wp\/v2\/media?parent=62223"}],"wp:term":[{"taxonomy":"product_brand","embeddable":true,"href":"https:\/\/www.teleskopshop.ch\/fr\/wp-json\/wp\/v2\/product_brand?post=62223"},{"taxonomy":"product_cat","embeddable":true,"href":"https:\/\/www.teleskopshop.ch\/fr\/wp-json\/wp\/v2\/product_cat?post=62223"},{"taxonomy":"product_tag","embeddable":true,"href":"https:\/\/www.teleskopshop.ch\/fr\/wp-json\/wp\/v2\/product_tag?post=62223"}],"curies":[{"name":"wp","href":"https:\/\/api.w.org\/{rel}","templated":true}]}}