{"id":62220,"date":"2022-05-09T00:00:00","date_gmt":"2022-05-08T22:00:00","guid":{"rendered":"https:\/\/2025.teleskopshop.ch\/shop\/non%20class\u00e9\/barr-stroud-spektiv-sierra-20-60x80-dual-speed\/"},"modified":"2025-01-25T11:48:32","modified_gmt":"2025-01-25T10:48:32","slug":"barr-stroud-spektiv-sierra-20-60x80-dual-speed","status":"publish","type":"product","link":"https:\/\/www.teleskopshop.ch\/fr\/shop\/optique\/trepieds-fr\/plus-de-50-mm\/barr-stroud-spektiv-sierra-20-60x80-dual-speed\/","title":{"rendered":"Longue-vue Barr &amp; Stroud Sierra 20-60&#215;80 double vitesse"},"content":{"rendered":"<p>Cette longue-vue Barr &amp; Stroud a \u00e9t\u00e9 con\u00e7ue pour les amoureux de la nature et les ornithologues avertis mais soucieux de leur valeur. Ces nouvelles longues-vues Sierra \u00e0 double vitesse sont probablement le meilleur rapport qualit\u00e9-prix sur le march\u00e9 aujourd&rsquo;hui. Ils offrent des performances optiques comparables ou m\u00eame meilleures que des longues-vues comparables. Les longues-vues sont \u00e9tanches et avec leur rev\u00eatement en caoutchouc solide, elles fonctionneront pendant de nombreuses ann\u00e9es. Lentilles multicouches et prismes BaK-4 Toutes les longues-vues Sierra int\u00e8grent des prismes BaK-4 et des lentilles enti\u00e8rement multicouches usin\u00e9es avec pr\u00e9cision pour permettre des performances optiques comparables ou m\u00eame meilleures que des appareils comparables. Corps en polycarbonate Toutes les longues-vues Barr &amp; Stroud Sierra sont fabriqu\u00e9es en polycarbonate l\u00e9ger, ce qui r\u00e9duit le poids et est extr\u00eamement solide et durable. Corps blind\u00e9 en caoutchouc Le rev\u00eatement en caoutchouc solide r\u00e9duit le bruit de pr\u00e9hension et prot\u00e8ge la longue-vue Sierra de l&rsquo;usure due \u00e0 une utilisation normale. \u00c9tanche, antibu\u00e9e et purg\u00e9 \u00e0 l&rsquo;azote Toutes les longues-vues Sierra sont \u00e9tanches, antibu\u00e9e et purg\u00e9es \u00e0 l&rsquo;azote pour des ann\u00e9es d&rsquo;utilisation. Bouclier de ros\u00e9e coulissant int\u00e9gr\u00e9 Toutes les longues-vues Sierra sont \u00e9quip\u00e9es d&rsquo;un bouclier de ros\u00e9e coulissant pour emp\u00eacher la lumi\u00e8re parasite d&rsquo;entrer. Un sac de protection est inclus avec la lunette. Contenu de la livraison&nbsp;: longue-vue avec \u00e9tui pour oculaires zoom&nbsp;! L&rsquo;alimentation \u00e9lectrique et les piles ne sont pas incluses&nbsp;!<\/p>\n<p>G\u00e9n\u00e9ral<\/p>\n<table>\n<tr>\n<td>Poids<\/td>\n<p> d&rsquo;exp\u00e9dition <\/p>\n<td>2,1 kg<\/td>\n<\/tr>\n<\/table>\n<table>\n<tr>\n<td>Taille<\/td>\n<p> d&rsquo;exp\u00e9dition <\/p>\n<td>17x11x46.5cm<\/td>\n<\/tr>\n<\/table>\n<p>Donn\u00e9es : Barr &amp; Stroud<\/p>\n<table>\n<tr>Longue-vue de <\/p>\n<td>type<\/td>\n<td>45\u00b0 avec oculaire zoom<\/td>\n<\/tr>\n<\/table>\n<table>\n<tr>\n<td>Grossissement<\/td>\n<td>20-60x<\/td>\n<\/tr>\n<\/table>\n<table>\n<tr>\n<td>Diam\u00e8tre de l&rsquo;objectif (mm)<\/td>\n<td>80<\/td>\n<\/tr>\n<\/table>\n<table>\n<tr>\n<td>Pupille de sortie (mm)<\/td>\n<td>1,33<\/td>\n<\/tr>\n<\/table>\n<table>\n<tr>Cadran du <\/p>\n<td>syst\u00e8me de mise au point<\/td>\n<td>avec r\u00e9duction 10:1<\/td>\n<\/tr>\n<\/table>\n<table>\n<tr>Types de <\/p>\n<td>verre<\/td>\n<td>BaK-4<\/td>\n<\/tr>\n<\/table>\n<table>\n<tr>\n<td>Rev\u00eatement de lentille<\/td>\n<td>FMC<\/td>\n<\/tr>\n<\/table>\n<table>\n<tr>Champ <\/p>\n<td>de vision \u00e0 1000 m<\/td>\n<td>29,6-15<\/td>\n<p> m<\/tr>\n<\/table>\n<table>\n<tr>\n<td>Distance minimale de mise au point (m)<\/td>\n<td>\n<table>\n<tr>\n<td>R\u00e9sistant aux \u00e9claboussures<\/td>\n<td>oui<\/td>\n<\/tr>\n<\/table>\n<table>\n<tr>\n<td>Remplissage d&rsquo;azote (oui \/ non)<\/td>\n<td>oui<\/td>\n<\/tr>\n<\/table>\n","protected":false},"excerpt":{"rendered":"<p>Longue-vue Barr &amp; Stroud Sierra 80 mm avec oculaire zoom 20-60x<\/p>\n","protected":false},"featured_media":6118,"comment_status":"closed","ping_status":"open","template":"","meta":{"_acf_changed":false},"product_brand":[684],"product_cat":[1339,1561,1555],"product_tag":[],"class_list":{"0":"post-62220","1":"product","2":"type-product","3":"status-publish","4":"has-post-thumbnail","6":"product_brand-barr-stroud","7":"product_cat-optique","8":"product_cat-plus-de-50-mm","9":"product_cat-trepieds-fr","11":"first","12":"instock","13":"taxable","14":"shipping-taxable","15":"purchasable","16":"product-type-simple"},"acf":[],"_links":{"self":[{"href":"https:\/\/www.teleskopshop.ch\/fr\/wp-json\/wp\/v2\/product\/62220","targetHints":{"allow":["GET"]}}],"collection":[{"href":"https:\/\/www.teleskopshop.ch\/fr\/wp-json\/wp\/v2\/product"}],"about":[{"href":"https:\/\/www.teleskopshop.ch\/fr\/wp-json\/wp\/v2\/types\/product"}],"replies":[{"embeddable":true,"href":"https:\/\/www.teleskopshop.ch\/fr\/wp-json\/wp\/v2\/comments?post=62220"}],"wp:featuredmedia":[{"embeddable":true,"href":"https:\/\/www.teleskopshop.ch\/fr\/wp-json\/wp\/v2\/media\/6118"}],"wp:attachment":[{"href":"https:\/\/www.teleskopshop.ch\/fr\/wp-json\/wp\/v2\/media?parent=62220"}],"wp:term":[{"taxonomy":"product_brand","embeddable":true,"href":"https:\/\/www.teleskopshop.ch\/fr\/wp-json\/wp\/v2\/product_brand?post=62220"},{"taxonomy":"product_cat","embeddable":true,"href":"https:\/\/www.teleskopshop.ch\/fr\/wp-json\/wp\/v2\/product_cat?post=62220"},{"taxonomy":"product_tag","embeddable":true,"href":"https:\/\/www.teleskopshop.ch\/fr\/wp-json\/wp\/v2\/product_tag?post=62220"}],"curies":[{"name":"wp","href":"https:\/\/api.w.org\/{rel}","templated":true}]}}