{"id":62208,"date":"2022-05-09T00:00:00","date_gmt":"2022-05-08T22:00:00","guid":{"rendered":"https:\/\/2025.teleskopshop.ch\/shop\/non%20class\u00e9\/helios-spektiv-rapide-10x50\/"},"modified":"2025-01-25T11:46:06","modified_gmt":"2025-01-25T10:46:06","slug":"helios-spektiv-rapide-10x50","status":"publish","type":"product","link":"https:\/\/www.teleskopshop.ch\/fr\/shop\/optique\/trepieds-fr\/jusqua-50mm\/helios-spektiv-rapide-10x50\/","title":{"rendered":"Longue-vue H\u00e9lios Rapide 10&#215;50"},"content":{"rendered":"<p>Cette longue-vue Helios \u00e9tanche et de haute qualit\u00e9 est id\u00e9ale pour l&rsquo;observation de la nature et le tir sportif. L&rsquo;\u00e9tui en caoutchouc de forme ergonomique tient parfaitement dans la main pour une utilisation rapide et confortable. La longue-vue peut \u00eatre mont\u00e9e sur le tr\u00e9pied de table extensible fourni ou sur un grand tr\u00e9pied. Les prismes BaK-4 de haute qualit\u00e9 et les optiques enti\u00e8rement multicouches permettent d&rsquo;excellentes performances optiques. Il a \u00e9t\u00e9 rempli d&rsquo;azote pour la r\u00e9sistance \u00e0 l&rsquo;eau et la protection anti-bu\u00e9e. Pour ceux qui portent des lunettes, il est \u00e9quip\u00e9 d&rsquo;un \u0153illeton pliable en caoutchouc. Le d\u00e9gagement oculaire est de 17,5 mm. Contenu de la livraison : 10 x 50 capuchons de protection anti-poussi\u00e8re pour tr\u00e9pied de table&nbsp;! L&rsquo;alimentation et les piles ne sont pas incluses&nbsp;!<\/p>\n<p>G\u00e9n\u00e9ral<\/p>\n<table>\n<tr>Poids d&rsquo; <\/p>\n<td>exp\u00e9dition<\/td>\n<td>1kg<\/td>\n<\/tr>\n<\/table>\n<table>\n<tr>\n<td>Taille<\/td>\n<p> d&rsquo;exp\u00e9dition <\/p>\n<td>20x15x8cm<\/td>\n<\/tr>\n<\/table>\n<p>observation de la nature<\/p>\n<table>\n<tr>Longue-vue <\/p>\n<td>de type<\/td>\n<td>prisme en<\/td>\n<p> toit<\/tr>\n<\/table>\n<table>\n<tr>\n<td>Grossissement<\/td>\n<td>10x<\/td>\n<\/tr>\n<\/table>\n<table>\n<tr>\n<td>Diam\u00e8tre de l&rsquo;objectif (mm)<\/td>\n<td>50<\/td>\n<\/tr>\n<\/table>\n<table>\n<tr>\n<td>Pupille de sortie (mm)<\/td>\n<td>5,00<\/td>\n<\/tr>\n<\/table>\n<table>\n<tr>\n<td>Syst\u00e8me de<\/td>\n<p> mise au point <\/p>\n<td>rotatif<\/td>\n<\/tr>\n<\/table>\n<table>\n<tr>\n<td>Cr\u00e9puscule<\/td>\n<td>num\u00e9ro 22.36<\/td>\n<\/tr>\n<\/table>\n<table>\n<tr>\n<td>Intensit\u00e9 lumineuse<\/td>\n<td>25<\/td>\n<\/tr>\n<\/table>\n<table>\n<tr>Rev\u00eatement de <\/p>\n<td>lentille Rev\u00eatement<\/td>\n<td>multicouche<\/td>\n<\/tr>\n<\/table>\n<table>\n<tr>\n<td>D\u00e9gagement oculaire \u00e0 l&rsquo;oculaire (mm)<\/td>\n<td>17,50<\/td>\n<\/tr>\n<\/table>\n<table>\n<tr>Champ <\/p>\n<td>de vision \u00e0 1000m<\/td>\n<td>101m<\/td>\n<\/tr>\n<\/table>\n<table>\n<tr>\n<td>Distance minimale de mise au point (m)<\/td>\n<td>2,50<\/td>\n<\/tr>\n<\/table>\n<table>\n<tr>\n<td>R\u00e9sistant aux \u00e9claboussures<\/td>\n<td>oui<\/td>\n<\/tr>\n<\/table>\n<table>\n<tr>\n<td>Remplissage d&rsquo;azote (oui \/ non)<\/td>\n<td>oui<\/td>\n<\/tr>\n<\/table>\n","protected":false},"excerpt":{"rendered":"<p>Longue-vue \u00e9tanche Helios avec ouverture de 50 mm et tr\u00e9pied de table<\/p>\n","protected":false},"featured_media":6558,"comment_status":"closed","ping_status":"open","template":"","meta":{"_acf_changed":false},"product_brand":[682],"product_cat":[1558,1339,1555],"product_tag":[],"class_list":{"0":"post-62208","1":"product","2":"type-product","3":"status-publish","4":"has-post-thumbnail","6":"product_brand-helios","7":"product_cat-jusqua-50mm","8":"product_cat-optique","9":"product_cat-trepieds-fr","11":"first","12":"instock","13":"taxable","14":"shipping-taxable","15":"purchasable","16":"product-type-simple"},"acf":[],"_links":{"self":[{"href":"https:\/\/www.teleskopshop.ch\/fr\/wp-json\/wp\/v2\/product\/62208","targetHints":{"allow":["GET"]}}],"collection":[{"href":"https:\/\/www.teleskopshop.ch\/fr\/wp-json\/wp\/v2\/product"}],"about":[{"href":"https:\/\/www.teleskopshop.ch\/fr\/wp-json\/wp\/v2\/types\/product"}],"replies":[{"embeddable":true,"href":"https:\/\/www.teleskopshop.ch\/fr\/wp-json\/wp\/v2\/comments?post=62208"}],"wp:featuredmedia":[{"embeddable":true,"href":"https:\/\/www.teleskopshop.ch\/fr\/wp-json\/wp\/v2\/media\/6558"}],"wp:attachment":[{"href":"https:\/\/www.teleskopshop.ch\/fr\/wp-json\/wp\/v2\/media?parent=62208"}],"wp:term":[{"taxonomy":"product_brand","embeddable":true,"href":"https:\/\/www.teleskopshop.ch\/fr\/wp-json\/wp\/v2\/product_brand?post=62208"},{"taxonomy":"product_cat","embeddable":true,"href":"https:\/\/www.teleskopshop.ch\/fr\/wp-json\/wp\/v2\/product_cat?post=62208"},{"taxonomy":"product_tag","embeddable":true,"href":"https:\/\/www.teleskopshop.ch\/fr\/wp-json\/wp\/v2\/product_tag?post=62208"}],"curies":[{"name":"wp","href":"https:\/\/api.w.org\/{rel}","templated":true}]}}