{"id":62176,"date":"2022-05-09T00:00:00","date_gmt":"2022-05-08T22:00:00","guid":{"rendered":"https:\/\/2025.teleskopshop.ch\/shop\/non%20class\u00e9\/skywatcher-teleskop-startravel-150-mit-eq5-montierung\/"},"modified":"2025-02-24T10:45:27","modified_gmt":"2025-02-24T09:45:27","slug":"skywatcher-teleskop-startravel-150-mit-eq5-montierung","status":"publish","type":"product","link":"https:\/\/www.teleskopshop.ch\/fr\/shop\/optique\/telescopes-fr\/refracteur\/avec-monture-equatoriale\/skywatcher-teleskop-startravel-150-mit-eq5-montierung\/","title":{"rendered":"Skywatcher Teleskop Startravel 150 mit EQ5 Montierung"},"content":{"rendered":"<p>Die Optik: Sky-Watcher Startravel Teleskope sind 2-elementige, Luftspalt Achromat Refraktoren, perfekt f\u00fcr die Weitfeld Beobachtung von Kometen, Sternfeldern, Sternhaufen, Nebeln, hellen Galaxien und Planeten, dem Mond und der Sonne (mit sicheren, geeigneten Filtern) sowie der Naturbeobachtung am Tag bei Verwendung eines Amici Prismas (Optional erh\u00e4ltlich). Dieses Weitfeld Teleskop mit seinem kurzen Tubus ist aber auch mit fester \u00d6ffnung f\u00fcr die Astrofotografie oder terrestrische Fotografie zu verwenden. Sein schnelles \u00d6ffnungsverh\u00e4ltnis macht ihn ideal f\u00fcr die Fotografie von Mond und Sonnenfinsternissen sowie die Naturfotografie. Die Montierung: Die sehr stabile Sky-Watcher EQ5 \u00c4quatoriale Montierung bietet eine excellente Pr\u00e4zision und Stabilit\u00e4t und stellt auch dem Erfahrenen Astronomen viele n\u00fctzliche Funktionen zur Verf\u00fcgung. Die Montierung ruht auf einem gro\u00dfen, justierbaren Stativ mit Edelstahl Beinen und Ablageplatte f\u00fcr Zubeh\u00f6r. Sie ist mit einer Libelle zur Nivellierung und einer Polh\u00f6henverstellung mit Mikrometer Skala sowie einer Azimutal Verstellung zur Poljustage ausger\u00fcstet. Des weiteren hat sie eingravierte Teilkreise und Bedienkn\u00f6pfe f\u00fcr die manuelle Nachf\u00fchrung. Optional ist ein Polsucher Fernrohr erh\u00e4ltlich f\u00fcr die pr\u00e4zise Ausrichtung auf den Himmelspol. Die Montierung kann weiterhin optional mit einer Nachf\u00fchrung in RA oder beiden Achsen sowie einer SynScan GoTo Steuerung nachger\u00fcstet werden. Lieferumfang: 150mm Refraktor Teleskop 9&#215;50 Sucher 1,25&Prime; Zenitspiegel Okulare: 10mm &#038; 25mm Direkter DSLR Kamera Anschlu\u00df Fokussierer mit 2&Prime; und 1,25&Prime; Anschlu\u00df EQ5 \u00c4quatoriale Montierung Stativ mit Edelstahl Beinen und Ablageplatte Gegengewichte !Stromversorgung und Batterien sind nicht im Lieferumfang enthalten!<\/p>\n<p>Allgemein<\/p>\n<table>\n<tr>\n<td>Versandgewicht<\/td>\n<td>10.5kg \/ 25.9kg<\/td>\n<\/tr>\n<\/table>\n<table>\n<tr>\n<td>Versandgr\u00f6\u00dfe<\/td>\n<td>117x27x27cm \/ 106&#215;45.5x26cm<\/td>\n<\/tr>\n<\/table>\n<p>Optik<\/p>\n<table>\n<tr>\n<td>Bauart<\/td>\n<td>achromatischer Refraktor<\/td>\n<\/tr>\n<\/table>\n<table>\n<tr>\n<td>Brennweite (mm)<\/td>\n<td>750<\/td>\n<\/tr>\n<\/table>\n<table>\n<tr>\n<td>\u00d6ffnung (mm)<\/td>\n<td>150<\/td>\n<\/tr>\n<\/table>\n<table>\n<tr>\n<td>\u00d6ffnungsverh\u00e4ltnis<\/td>\n<td>f:5<\/td>\n<\/tr>\n<\/table>\n<table>\n<tr>\n<td>Okularauszug<\/td>\n<td>2&Prime;<\/td>\n<\/tr>\n<\/table>\n<table>\n<tr>\n<td>Tubusgewicht (kg)<\/td>\n<td>6.80<\/td>\n<\/tr>\n<\/table>\n<\/td>\n<td>Montierung<\/p>\n<table>\n<tr>\n<td>Typ<\/td>\n<td>\u00c4quatoriale manuelle Montierung<\/td>\n<\/tr>\n<\/table>\n<table>\n<tr>\n<td>Max. Zuladung visuell (kg)<\/td>\n<td>10.00<\/td>\n<\/tr>\n<\/table>\n<table>\n<tr>\n<td>Montierungsgewicht gesamt (kg)<\/td>\n<td>22.30<\/td>\n<\/tr>\n<\/table>\n","protected":false},"excerpt":{"rendered":"<p>Vielen Dank f\u00fcr Ihren Besuch bei Teleskopshop.ch. <\/p>\n<p>Es freut uns, Ihnen das Produkt <b>Skywatcher Teleskop Startravel 150 mit EQ5 Montierung<\/b> zu den nachfolgenden Konditionen anbieten zu d\u00fcrfen.<\/p>\n","protected":false},"featured_media":5482,"comment_status":"closed","ping_status":"closed","template":"","meta":{"_acf_changed":false},"product_brand":[675],"product_cat":[1642,1339,1630,1567],"product_tag":[],"class_list":{"0":"post-62176","1":"product","2":"type-product","3":"status-publish","4":"has-post-thumbnail","6":"product_brand-skywatcher","7":"product_cat-avec-monture-equatoriale","8":"product_cat-optique","9":"product_cat-refracteur","10":"product_cat-telescopes-fr","12":"first","13":"instock","14":"sale","15":"taxable","16":"shipping-taxable","17":"purchasable","18":"product-type-simple"},"acf":[],"_links":{"self":[{"href":"https:\/\/www.teleskopshop.ch\/fr\/wp-json\/wp\/v2\/product\/62176","targetHints":{"allow":["GET"]}}],"collection":[{"href":"https:\/\/www.teleskopshop.ch\/fr\/wp-json\/wp\/v2\/product"}],"about":[{"href":"https:\/\/www.teleskopshop.ch\/fr\/wp-json\/wp\/v2\/types\/product"}],"replies":[{"embeddable":true,"href":"https:\/\/www.teleskopshop.ch\/fr\/wp-json\/wp\/v2\/comments?post=62176"}],"wp:featuredmedia":[{"embeddable":true,"href":"https:\/\/www.teleskopshop.ch\/fr\/wp-json\/wp\/v2\/media\/5482"}],"wp:attachment":[{"href":"https:\/\/www.teleskopshop.ch\/fr\/wp-json\/wp\/v2\/media?parent=62176"}],"wp:term":[{"taxonomy":"product_brand","embeddable":true,"href":"https:\/\/www.teleskopshop.ch\/fr\/wp-json\/wp\/v2\/product_brand?post=62176"},{"taxonomy":"product_cat","embeddable":true,"href":"https:\/\/www.teleskopshop.ch\/fr\/wp-json\/wp\/v2\/product_cat?post=62176"},{"taxonomy":"product_tag","embeddable":true,"href":"https:\/\/www.teleskopshop.ch\/fr\/wp-json\/wp\/v2\/product_tag?post=62176"}],"curies":[{"name":"wp","href":"https:\/\/api.w.org\/{rel}","templated":true}]}}