{"id":62164,"date":"2022-05-09T00:00:00","date_gmt":"2022-05-08T22:00:00","guid":{"rendered":"https:\/\/2025.teleskopshop.ch\/shop\/non%20class\u00e9\/skywatcher-teleskop-evostar-120-mit-eq5-montierung\/"},"modified":"2025-03-03T10:33:27","modified_gmt":"2025-03-03T09:33:27","slug":"skywatcher-teleskop-evostar-120-mit-eq5-montierung","status":"publish","type":"product","link":"https:\/\/www.teleskopshop.ch\/fr\/shop\/optique\/telescopes-fr\/refracteur\/avec-monture-equatoriale\/skywatcher-teleskop-evostar-120-mit-eq5-montierung\/","title":{"rendered":"Skywatcher Teleskop Evostar 120 mit EQ5 Montierung"},"content":{"rendered":"<p>Die Optik: Sky-Watcher Evostar Teleskope sind klassische 2-elementige Luftspalt Achromat Refraktoren. Die Optik wurde mehrfach verg\u00fctet. Sie \u00fcberzeugen mit einer au\u00dfergew\u00f6hnlichen, hohen Performance und hoher Aufl\u00f6sung und wurden nach h\u00f6chsten Standards mit Optischer und Mechanischer Pr\u00e4zision gefertigt. Mit der gro\u00dfen Brennweite und atemberaubender, Beugungsbegrenzter Optik sind sie ideal f\u00fcr die detailierte, hochvergr\u00f6\u00dferte Beobachtung von Mond, Planeten und anderen Objekten des Sonnensystems mit knackscharfer, kontrastreicher Abbildung. Die Montierung: Die sehr stabile Sky-Watcher EQ5 \u00c4quatoriale Montierung bietet eine excellente Pr\u00e4zision und Stabilit\u00e4t und stellt auch dem Erfahrenen Astronomen viele n\u00fctzliche Funktionen zur Verf\u00fcgung. Die Montierung ruht auf einem gro\u00dfen, justierbaren Stativ mit Edelstahl Beinen und Ablageplatte f\u00fcr Zubeh\u00f6r. Sie ist mit einer Libelle zur Nivellierung und einer Polh\u00f6henverstellung mit Mikrometer Skala sowie einer Azimutal Verstellung zur Poljustage ausger\u00fcstet. Des weiteren hat sie eingravierte Teilkreise und Bedienkn\u00f6pfe f\u00fcr die manuelle Nachf\u00fchrung. Optional ist ein Polsucher Fernrohr erh\u00e4ltlich f\u00fcr die pr\u00e4zise Ausrichtung auf den Himmelspol. Die Montierung kann weiterhin optional mit einer Nachf\u00fchrung in RA oder beiden Achsen sowie einer SynScan GoTo Steuerung nachger\u00fcstet werden. Lieferumfang: 120mm Refraktor Teleskop 9&#215;50 Sucher Fokussierer mit Adapter f\u00fcr 2&Prime; und 1,25&Prime; 2&Prime; Zenitspiegel Okulare: 10mm &#038; 25mm DSLR Kameraanschluss EQ5 \u00c4quatoriale Montierung Stativ mit Edelstahl Beinen und Ablageplatte Gegengewichte !Stromversorgung und Batterien sind nicht im Lieferumfang enthalten!<\/p>\n<p>Allgemein<\/p>\n<table>\n<tr>\n<td>Versandgewicht<\/td>\n<td>7.9kg \/ 25.9kg<\/td>\n<\/tr>\n<\/table>\n<table>\n<tr>\n<td>Versandgr\u00f6\u00dfe<\/td>\n<td>138x23x23cm \/ 106&#215;45.5x26cm<\/td>\n<\/tr>\n<\/table>\n<p>Optik<\/p>\n<table>\n<tr>\n<td>Bauart<\/td>\n<td>achromatischer Refraktor<\/td>\n<\/tr>\n<\/table>\n<table>\n<tr>\n<td>Brennweite (mm)<\/td>\n<td>1000<\/td>\n<\/tr>\n<\/table>\n<table>\n<tr>\n<td>\u00d6ffnung (mm)<\/td>\n<td>120<\/td>\n<\/tr>\n<\/table>\n<table>\n<tr>\n<td>\u00d6ffnungsverh\u00e4ltnis<\/td>\n<td>f:8.33<\/td>\n<\/tr>\n<\/table>\n<table>\n<tr>\n<td>Okularauszug<\/td>\n<td>2&Prime;<\/td>\n<\/tr>\n<\/table>\n<table>\n<tr>\n<td>Tubusgewicht (kg)<\/td>\n<td>4.70<\/td>\n<\/tr>\n<\/table>\n<\/td>\n<td>Montierung<\/p>\n<table>\n<tr>\n<td>Typ<\/td>\n<td>\u00c4quatoriale manuelle Montierung<\/td>\n<\/tr>\n<\/table>\n<table>\n<tr>\n<td>Max. Zuladung visuell (kg)<\/td>\n<td>10.00<\/td>\n<\/tr>\n<\/table>\n<table>\n<tr>\n<td>Montierungsgewicht gesamt (kg)<\/td>\n<td>22.30<\/td>\n<\/tr>\n<\/table>\n","protected":false},"excerpt":{"rendered":"<p>Vielen Dank f\u00fcr Ihren Besuch bei Teleskopshop.ch. <\/p>\n<p>Es freut uns, Ihnen das Produkt <b>Skywatcher Teleskop Evostar 120 mit EQ5 Montierung<\/b> zu den nachfolgenden Konditionen anbieten zu d\u00fcrfen.<\/p>\n","protected":false},"featured_media":5466,"comment_status":"closed","ping_status":"closed","template":"","meta":{"_acf_changed":false},"product_brand":[675],"product_cat":[1642,1339,1630,1567],"product_tag":[],"class_list":{"0":"post-62164","1":"product","2":"type-product","3":"status-publish","4":"has-post-thumbnail","6":"product_brand-skywatcher","7":"product_cat-avec-monture-equatoriale","8":"product_cat-optique","9":"product_cat-refracteur","10":"product_cat-telescopes-fr","12":"first","13":"instock","14":"sale","15":"taxable","16":"shipping-taxable","17":"purchasable","18":"product-type-simple"},"acf":[],"_links":{"self":[{"href":"https:\/\/www.teleskopshop.ch\/fr\/wp-json\/wp\/v2\/product\/62164","targetHints":{"allow":["GET"]}}],"collection":[{"href":"https:\/\/www.teleskopshop.ch\/fr\/wp-json\/wp\/v2\/product"}],"about":[{"href":"https:\/\/www.teleskopshop.ch\/fr\/wp-json\/wp\/v2\/types\/product"}],"replies":[{"embeddable":true,"href":"https:\/\/www.teleskopshop.ch\/fr\/wp-json\/wp\/v2\/comments?post=62164"}],"wp:featuredmedia":[{"embeddable":true,"href":"https:\/\/www.teleskopshop.ch\/fr\/wp-json\/wp\/v2\/media\/5466"}],"wp:attachment":[{"href":"https:\/\/www.teleskopshop.ch\/fr\/wp-json\/wp\/v2\/media?parent=62164"}],"wp:term":[{"taxonomy":"product_brand","embeddable":true,"href":"https:\/\/www.teleskopshop.ch\/fr\/wp-json\/wp\/v2\/product_brand?post=62164"},{"taxonomy":"product_cat","embeddable":true,"href":"https:\/\/www.teleskopshop.ch\/fr\/wp-json\/wp\/v2\/product_cat?post=62164"},{"taxonomy":"product_tag","embeddable":true,"href":"https:\/\/www.teleskopshop.ch\/fr\/wp-json\/wp\/v2\/product_tag?post=62164"}],"curies":[{"name":"wp","href":"https:\/\/api.w.org\/{rel}","templated":true}]}}