{"id":62152,"date":"2022-05-09T00:00:00","date_gmt":"2022-05-08T22:00:00","guid":{"rendered":"https:\/\/2025.teleskopshop.ch\/shop\/non%20class\u00e9\/skywatcher-teleskop-quattro-8s\/"},"modified":"2025-03-03T09:45:25","modified_gmt":"2025-03-03T08:45:25","slug":"skywatcher-teleskop-quattro-8s","status":"publish","type":"product","link":"https:\/\/www.teleskopshop.ch\/fr\/shop\/optique\/telescopes-fr\/tubes-optiques-ota\/telescopes-reflecteurs\/newtonien-fr\/skywatcher-teleskop-quattro-8s\/","title":{"rendered":"Skywatcher Teleskop Quattro 8S"},"content":{"rendered":"<p>Die Teleskop Optik: Die neue Skywatcher Quattro Newton Teleskop Serie mit dem schnellen f\/4 \u00d6ffnungsverh\u00e4ltnis wurde speziell f\u00fcr die hochwertige Astrofotografie mit kurzen Belichtungszeiten entwickelt. Sie sind aber ebenfalls feine Teleskope f\u00fcr die visuelle Beobachtung. Der Tubus ist innen mit Blenden mit sehr scharfer Kante ausgestattet, die dem Strahlengang angepasst wurden Der 2\u201c Linear Power Focuser mit Untersetzung enth\u00e4lt 4 pr\u00e4zise Kugellager um das Auszugsrohr stabil und ohne Shifting auch mit schwerem Zubeh\u00f6r zu f\u00fchren. Die Kugellager erlauben, besser als ein Zahnstangenauszug, die besonders weiche Verstellung mit gro\u00dfer Pr\u00e4zision. Die 10:1 Untersetzung am zweiten Fokussierknopf erlaubt eine sehr feine Einstellung, die auch dem anspruchsvollen Benutzer gerecht wird. Das Teleskop ist mit einem parabolischen Spiegel aus Pyrex gefertigt, das eine geringe thermische Ausdehnung besitzt und damit schnellere Ausk\u00fchlzeiten erm\u00f6glicht. Lieferumfang: 8\u201c Newton Teleskop mit Stahltubus 9&#215;50 Sucher Parabolischer 205mm Hauptspiegel aus Pyrex 2\u201c Dual Speed 10:1 Linear Power Fokussierer Rohrschellen und Montageschiene !Stromversorgung und Batterien sind nicht im Lieferumfang enthalten!<\/p>\n<p>Allgemein<\/p>\n<table>\n<tr>\n<td>Versandgewicht<\/td>\n<td>12.6kg<\/td>\n<\/tr>\n<\/table>\n<table>\n<tr>\n<td>Versandgr\u00f6\u00dfe<\/td>\n<td>80x40x45cm<\/td>\n<\/tr>\n<\/table>\n<p>Optik<\/p>\n<table>\n<tr>\n<td>Bauart<\/td>\n<td>Fotonewton \/ Spiegelteleskop<\/td>\n<\/tr>\n<\/table>\n<table>\n<tr>\n<td>Brennweite (mm)<\/td>\n<td>800<\/td>\n<\/tr>\n<\/table>\n<table>\n<tr>\n<td>\u00d6ffnung (mm)<\/td>\n<td>205<\/td>\n<\/tr>\n<\/table>\n<table>\n<tr>\n<td>\u00d6ffnungsverh\u00e4ltnis<\/td>\n<td>f:4<\/td>\n<\/tr>\n<\/table>\n<table>\n<tr>\n<td>Okularauszug<\/td>\n<td>2&Prime; Linear Power Fokussierer mit 10:1 Untersetzung<\/td>\n<\/tr>\n<\/table>\n<table>\n<tr>\n<td>Tubusgewicht (kg)<\/td>\n<td>9.40<\/td>\n<\/tr>\n<\/table>\n","protected":false},"excerpt":{"rendered":"<p>Vielen Dank f\u00fcr Ihren Besuch bei Teleskopshop.ch. <\/p>\n<p>Es freut uns, Ihnen das Produkt <b>Skywatcher Teleskop Quattro 8S<\/b> zu den nachfolgenden Konditionen anbieten zu d\u00fcrfen.<\/p>\n","protected":false},"featured_media":5218,"comment_status":"closed","ping_status":"closed","template":"","meta":{"_acf_changed":false},"product_brand":[675],"product_cat":[1627,1339,1567,1621,1609],"product_tag":[],"class_list":{"0":"post-62152","1":"product","2":"type-product","3":"status-publish","4":"has-post-thumbnail","6":"product_brand-skywatcher","7":"product_cat-newtonien-fr","8":"product_cat-optique","9":"product_cat-telescopes-fr","10":"product_cat-telescopes-reflecteurs","11":"product_cat-tubes-optiques-ota","13":"first","14":"instock","15":"sale","16":"taxable","17":"shipping-taxable","18":"purchasable","19":"product-type-simple"},"acf":[],"_links":{"self":[{"href":"https:\/\/www.teleskopshop.ch\/fr\/wp-json\/wp\/v2\/product\/62152","targetHints":{"allow":["GET"]}}],"collection":[{"href":"https:\/\/www.teleskopshop.ch\/fr\/wp-json\/wp\/v2\/product"}],"about":[{"href":"https:\/\/www.teleskopshop.ch\/fr\/wp-json\/wp\/v2\/types\/product"}],"replies":[{"embeddable":true,"href":"https:\/\/www.teleskopshop.ch\/fr\/wp-json\/wp\/v2\/comments?post=62152"}],"wp:featuredmedia":[{"embeddable":true,"href":"https:\/\/www.teleskopshop.ch\/fr\/wp-json\/wp\/v2\/media\/5218"}],"wp:attachment":[{"href":"https:\/\/www.teleskopshop.ch\/fr\/wp-json\/wp\/v2\/media?parent=62152"}],"wp:term":[{"taxonomy":"product_brand","embeddable":true,"href":"https:\/\/www.teleskopshop.ch\/fr\/wp-json\/wp\/v2\/product_brand?post=62152"},{"taxonomy":"product_cat","embeddable":true,"href":"https:\/\/www.teleskopshop.ch\/fr\/wp-json\/wp\/v2\/product_cat?post=62152"},{"taxonomy":"product_tag","embeddable":true,"href":"https:\/\/www.teleskopshop.ch\/fr\/wp-json\/wp\/v2\/product_tag?post=62152"}],"curies":[{"name":"wp","href":"https:\/\/api.w.org\/{rel}","templated":true}]}}