{"id":62132,"date":"2022-05-09T00:00:00","date_gmt":"2022-05-08T22:00:00","guid":{"rendered":"https:\/\/2025.teleskopshop.ch\/shop\/non%20class\u00e9\/skywatcher-teleskop-explorer-190mn-ds-pro\/"},"modified":"2025-03-03T09:32:54","modified_gmt":"2025-03-03T08:32:54","slug":"skywatcher-teleskop-explorer-190mn-ds-pro","status":"publish","type":"product","link":"https:\/\/www.teleskopshop.ch\/fr\/shop\/optique\/telescopes-fr\/tubes-optiques-ota\/telescopes-reflecteurs\/newtonien-fr\/skywatcher-teleskop-explorer-190mn-ds-pro\/","title":{"rendered":"Skywatcher Teleskop Explorer 190MN DS Pro"},"content":{"rendered":"<p>Die Teleskop Optik: Das hochinteressante Skywatcher Maksutov Newton Teleskop ist genau das, was Astrofotografen und ernsthafte visuelle Beobachter gesucht haben. Das Maksutov Newton Spiegelteleskop Design kombiniert die besten Eigenschaften der newtonschen Reflektoren und der Maksutov Cassegrain Teleskope. Dieses optische Design \u00fcberzeugt durch beeindruckende Bildqualit\u00e4t und bietet kontrastreiche, perfekt flache Bilder, frei von Farben. Das Maksutov Newton Teleskop Design bietet gro\u00dfe \u00d6ffnung apochromatischer Leistung, mit au\u00dfergew\u00f6hnlicher Feldkorrektur, in einem kompakten Tubus zu einem erstaunlich g\u00fcnstigen Preis. Sterne werden wie Nadelstiche \u00fcber den gesamten Bereich abgebildet. Perfekt f\u00fcr modernen DSLR Kameras optimiert. F\u00fcnf eingesetzte Blenden im Tubus beseitigen st\u00f6rende interne Reflexionen und verbessern den Kontrast. Im Vergleich zu \u00e4hnlichen Schmidt Newtons mit gleichen oder gr\u00f6\u00dferen \u00d6ffnungen, erzielt das Skywatcher Maksutov Newton Teleskop wesentlich sch\u00e4rfere und kontrastreichere Bilder. Fotografisch, wie visuell. Lieferumfang: 190mm Maksutov Newton Tubus 2\u00a0\u00bb Dual Speed Fokussierer 9&#215;50 Sucher !Stromversorgung und Batterien sind nicht im Lieferumfang enthalten!<\/p>\n<p>Allgemein<\/p>\n<table>\n<tr>\n<td>Versandgewicht<\/td>\n<td>17.4kg<\/td>\n<\/tr>\n<\/table>\n<table>\n<tr>\n<td>Versandgr\u00f6\u00dfe<\/td>\n<td>125x40x45.5cm<\/td>\n<\/tr>\n<\/table>\n<p>Optik<\/p>\n<table>\n<tr>\n<td>Bauart<\/td>\n<td>Maksutov Newton \/ Spiegelteleskop<\/td>\n<\/tr>\n<\/table>\n<table>\n<tr>\n<td>Brennweite (mm)<\/td>\n<td>1000<\/td>\n<\/tr>\n<\/table>\n<table>\n<tr>\n<td>\u00d6ffnung (mm)<\/td>\n<td>190<\/td>\n<\/tr>\n<\/table>\n<table>\n<tr>\n<td>\u00d6ffnungsverh\u00e4ltnis<\/td>\n<td>f:5.26<\/td>\n<\/tr>\n<\/table>\n<table>\n<tr>\n<td>Okularauszug<\/td>\n<td>2\u00a0\u00bb Dual Speed Fokussierer mit Untersetzung<\/td>\n<\/tr>\n<\/table>\n<table>\n<tr>\n<td>Tubusgewicht (kg)<\/td>\n<td>12.30<\/td>\n<\/tr>\n<\/table>\n","protected":false},"excerpt":{"rendered":"<p>Vielen Dank f\u00fcr Ihren Besuch bei Teleskopshop.ch. <\/p>\n<p>Es freut uns, Ihnen das Produkt <b>Skywatcher Teleskop Explorer 190MN DS Pro<\/b> zu den nachfolgenden Konditionen anbieten zu d\u00fcrfen.<\/p>\n","protected":false},"featured_media":5190,"comment_status":"closed","ping_status":"closed","template":"","meta":{"_acf_changed":false},"product_brand":[675],"product_cat":[1627,1339,1567,1621,1609],"product_tag":[],"class_list":{"0":"post-62132","1":"product","2":"type-product","3":"status-publish","4":"has-post-thumbnail","6":"product_brand-skywatcher","7":"product_cat-newtonien-fr","8":"product_cat-optique","9":"product_cat-telescopes-fr","10":"product_cat-telescopes-reflecteurs","11":"product_cat-tubes-optiques-ota","13":"first","14":"instock","15":"sale","16":"taxable","17":"shipping-taxable","18":"purchasable","19":"product-type-simple"},"acf":[],"_links":{"self":[{"href":"https:\/\/www.teleskopshop.ch\/fr\/wp-json\/wp\/v2\/product\/62132","targetHints":{"allow":["GET"]}}],"collection":[{"href":"https:\/\/www.teleskopshop.ch\/fr\/wp-json\/wp\/v2\/product"}],"about":[{"href":"https:\/\/www.teleskopshop.ch\/fr\/wp-json\/wp\/v2\/types\/product"}],"replies":[{"embeddable":true,"href":"https:\/\/www.teleskopshop.ch\/fr\/wp-json\/wp\/v2\/comments?post=62132"}],"wp:featuredmedia":[{"embeddable":true,"href":"https:\/\/www.teleskopshop.ch\/fr\/wp-json\/wp\/v2\/media\/5190"}],"wp:attachment":[{"href":"https:\/\/www.teleskopshop.ch\/fr\/wp-json\/wp\/v2\/media?parent=62132"}],"wp:term":[{"taxonomy":"product_brand","embeddable":true,"href":"https:\/\/www.teleskopshop.ch\/fr\/wp-json\/wp\/v2\/product_brand?post=62132"},{"taxonomy":"product_cat","embeddable":true,"href":"https:\/\/www.teleskopshop.ch\/fr\/wp-json\/wp\/v2\/product_cat?post=62132"},{"taxonomy":"product_tag","embeddable":true,"href":"https:\/\/www.teleskopshop.ch\/fr\/wp-json\/wp\/v2\/product_tag?post=62132"}],"curies":[{"name":"wp","href":"https:\/\/api.w.org\/{rel}","templated":true}]}}