{"id":62120,"date":"2022-05-09T00:00:00","date_gmt":"2022-05-08T22:00:00","guid":{"rendered":"https:\/\/2025.teleskopshop.ch\/shop\/non%20class\u00e9\/skywatcher-teleskop-skymax-90t-ota\/"},"modified":"2025-01-25T11:56:37","modified_gmt":"2025-01-25T10:56:37","slug":"skywatcher-teleskop-skymax-90t-ota","status":"publish","type":"product","link":"https:\/\/www.teleskopshop.ch\/fr\/shop\/optique\/telescopes-fr\/tubes-optiques-ota\/telescopes-reflecteurs\/maksutov-cassegrain-telescopes-reflecteurs-fr\/skywatcher-teleskop-skymax-90t-ota\/","title":{"rendered":"T\u00e9lescope Skywatcher SkyMax 90T OTA"},"content":{"rendered":"<p>L&rsquo;optique du t\u00e9lescope : Ce t\u00e9lescope compact Skywatcher Maksutov Cassegrain avec son optique multicouche haute r\u00e9solution convient \u00e0 une r\u00e9solution moyenne \u00e0 \u00e9lev\u00e9e pour d\u00e9couvrir des d\u00e9tails de surface sur la lune ainsi que pour observer des plan\u00e8tes et des \u00e9toiles doubles. Mais il peut aussi tr\u00e8s bien \u00eatre utilis\u00e9 pour l&rsquo;observation de la nature. Contenu de la livraison : t\u00e9lescope Maksutov Cassegrain 90 mm viseur point rouge 1,25&Prime; oculaires diagonaux en \u00e9toile : 10 mm et 25 mm ! L&rsquo;alimentation et les piles ne sont pas incluses dans la livraison !<\/p>\n<p>G\u00e9n\u00e9ralit\u00e9s<\/p>\n<table>\n<tr>\n<td>Poids<\/td>\n<p> d&rsquo;exp\u00e9dition <\/p>\n<td>4kg<\/td>\n<\/tr>\n<\/table>\n<table>\n<tr>\n<td>Taille<\/td>\n<p> d&rsquo;exp\u00e9dition <\/p>\n<td>57x25x25cm<\/td>\n<\/tr>\n<\/table>\n<p>Optique<\/p>\n<table>\n<tr>\n<td>Type<\/td>\n<td>Maksutov Cassegrain \/ t\u00e9lescope r\u00e9fl\u00e9chissant<\/td>\n<\/tr>\n<\/table>\n<table>\n<tr>\n<td>Distance focale (mm)<\/td>\n<td>1250<\/td>\n<\/tr>\n<\/table>\n<table>\n<tr>\n<td>Ouverture (mm)<\/td>\n<td>90<\/td>\n<\/tr>\n<\/table>\n<table>\n<tr>\n<td>Ouverture<\/td>\n<td>f:13.9<\/td>\n<\/tr>\n<\/table>\n<table>\n<tr>\n<td>Mise au point<\/td>\n<p> miroir primaire du focuseur <\/p>\n<td>\/ connexion oculaire 1,25&nbsp;\u00bb<\/td>\n<\/tr>\n<\/table>\n<table>\n<tr>\n<td>Poids du tube (kg)<\/td>\n<td>1,40<\/td>\n<\/tr>\n<\/table>\n","protected":false},"excerpt":{"rendered":"<p>Tube de t\u00e9lescope Skywatcher 90mm (3.5&Prime;) F\/1250 Maksutov Cassegrain<\/p>\n","protected":false},"featured_media":5170,"comment_status":"closed","ping_status":"open","template":"","meta":{"_acf_changed":false},"product_brand":[675],"product_cat":[1625,1339,1567,1621,1609],"product_tag":[],"class_list":{"0":"post-62120","1":"product","2":"type-product","3":"status-publish","4":"has-post-thumbnail","6":"product_brand-skywatcher","7":"product_cat-maksutov-cassegrain-telescopes-reflecteurs-fr","8":"product_cat-optique","9":"product_cat-telescopes-fr","10":"product_cat-telescopes-reflecteurs","11":"product_cat-tubes-optiques-ota","13":"first","14":"instock","15":"taxable","16":"shipping-taxable","17":"purchasable","18":"product-type-simple"},"acf":[],"_links":{"self":[{"href":"https:\/\/www.teleskopshop.ch\/fr\/wp-json\/wp\/v2\/product\/62120","targetHints":{"allow":["GET"]}}],"collection":[{"href":"https:\/\/www.teleskopshop.ch\/fr\/wp-json\/wp\/v2\/product"}],"about":[{"href":"https:\/\/www.teleskopshop.ch\/fr\/wp-json\/wp\/v2\/types\/product"}],"replies":[{"embeddable":true,"href":"https:\/\/www.teleskopshop.ch\/fr\/wp-json\/wp\/v2\/comments?post=62120"}],"wp:featuredmedia":[{"embeddable":true,"href":"https:\/\/www.teleskopshop.ch\/fr\/wp-json\/wp\/v2\/media\/5170"}],"wp:attachment":[{"href":"https:\/\/www.teleskopshop.ch\/fr\/wp-json\/wp\/v2\/media?parent=62120"}],"wp:term":[{"taxonomy":"product_brand","embeddable":true,"href":"https:\/\/www.teleskopshop.ch\/fr\/wp-json\/wp\/v2\/product_brand?post=62120"},{"taxonomy":"product_cat","embeddable":true,"href":"https:\/\/www.teleskopshop.ch\/fr\/wp-json\/wp\/v2\/product_cat?post=62120"},{"taxonomy":"product_tag","embeddable":true,"href":"https:\/\/www.teleskopshop.ch\/fr\/wp-json\/wp\/v2\/product_tag?post=62120"}],"curies":[{"name":"wp","href":"https:\/\/api.w.org\/{rel}","templated":true}]}}