{"id":62072,"date":"2022-05-09T00:00:00","date_gmt":"2022-05-08T22:00:00","guid":{"rendered":"https:\/\/2025.teleskopshop.ch\/shop\/non%20class\u00e9\/skywatcher-teleskop-startravel-80t-ota\/"},"modified":"2025-01-25T11:56:41","modified_gmt":"2025-01-25T10:56:41","slug":"skywatcher-teleskop-startravel-80t-ota","status":"publish","type":"product","link":"https:\/\/www.teleskopshop.ch\/fr\/shop\/optique\/telescopes-fr\/tubes-optiques-ota\/refracteurs\/achromats-fr\/skywatcher-teleskop-startravel-80t-ota\/","title":{"rendered":"T\u00e9lescope Skywatcher Startravel 80T OTA"},"content":{"rendered":"<p>L&rsquo;optique du t\u00e9lescope : Le t\u00e9lescope Skywatcher id\u00e9al pour l&rsquo;observation \u00e0 grand champ des objets du ciel profond, y compris les n\u00e9buleuses, les champs d&rsquo;\u00e9toiles, les amas d&rsquo;\u00e9toiles et les galaxies, la lune, les plan\u00e8tes et les com\u00e8tes plus brillantes, mais aussi l&rsquo;observation terrestre pendant la journ\u00e9e. Ce t\u00e9lescope \u00e0 grand champ avec son tube court peut \u00e9galement \u00eatre utilis\u00e9 avec une ouverture fixe pour l&rsquo;astrophotographie ou la photographie terrestre. Son rapport focal rapide le rend id\u00e9al pour la photographie d&rsquo;\u00e9clipses lunaires et solaires ainsi que pour la photographie de la nature. Contenu de la livraison : T\u00e9lescope r\u00e9fracteur 80 mm Viseur 6&#215;30 1,25 \u00a0\u00bb Oculaires \u00e0 prisme Amici : 10 mm et 25 mm 2x anneaux de tube de lentille de Barlow ! L&rsquo;alimentation et les piles ne sont pas incluses dans la livraison !<\/p>\n<p>G\u00e9n\u00e9ralit\u00e9s<\/p>\n<table>\n<tr>\n<td>Poids<\/td>\n<p> d&rsquo;exp\u00e9dition <\/p>\n<td>3,0 kg<\/td>\n<\/tr>\n<\/table>\n<table>\n<tr>\n<td>Taille<\/td>\n<p> d&rsquo;exp\u00e9dition <\/p>\n<td>45x22x22cm<\/td>\n<\/tr>\n<\/table>\n<p>Optique<\/p>\n<table>\n<tr>\n<td>Type<\/td>\n<td>de r\u00e9fracteur achromatique<\/td>\n<\/tr>\n<\/table>\n<table>\n<tr>\n<td>Distance focale (mm)<\/td>\n<td>400<\/td>\n<\/tr>\n<\/table>\n<table>\n<tr>\n<td>Ouverture (mm)<\/td>\n<td>80<\/td>\n<\/tr>\n<\/table>\n<table>\n<tr>\n<td>Ouverture<\/td>\n<td>f:5<\/td>\n<\/tr>\n<\/table>\n<table>\n<tr>\n<td>Mise au point<\/td>\n<td>1.25&Prime;<\/td>\n<\/tr>\n<\/table>\n<table>\n<tr>\n<td>Poids du tube (kg)<\/td>\n<td>1,80<\/td>\n<\/tr>\n<\/table>\n","protected":false},"excerpt":{"rendered":"<p>T\u00e9lescope r\u00e9fracteur Skywatcher 80mm (3.1&Prime;) F\/400<\/p>\n","protected":false},"featured_media":5106,"comment_status":"closed","ping_status":"open","template":"","meta":{"_acf_changed":false},"product_brand":[675],"product_cat":[1615,1339,1612,1567,1609],"product_tag":[],"class_list":{"0":"post-62072","1":"product","2":"type-product","3":"status-publish","4":"has-post-thumbnail","6":"product_brand-skywatcher","7":"product_cat-achromats-fr","8":"product_cat-optique","9":"product_cat-refracteurs","10":"product_cat-telescopes-fr","11":"product_cat-tubes-optiques-ota","13":"first","14":"instock","15":"taxable","16":"shipping-taxable","17":"purchasable","18":"product-type-simple"},"acf":[],"_links":{"self":[{"href":"https:\/\/www.teleskopshop.ch\/fr\/wp-json\/wp\/v2\/product\/62072","targetHints":{"allow":["GET"]}}],"collection":[{"href":"https:\/\/www.teleskopshop.ch\/fr\/wp-json\/wp\/v2\/product"}],"about":[{"href":"https:\/\/www.teleskopshop.ch\/fr\/wp-json\/wp\/v2\/types\/product"}],"replies":[{"embeddable":true,"href":"https:\/\/www.teleskopshop.ch\/fr\/wp-json\/wp\/v2\/comments?post=62072"}],"wp:featuredmedia":[{"embeddable":true,"href":"https:\/\/www.teleskopshop.ch\/fr\/wp-json\/wp\/v2\/media\/5106"}],"wp:attachment":[{"href":"https:\/\/www.teleskopshop.ch\/fr\/wp-json\/wp\/v2\/media?parent=62072"}],"wp:term":[{"taxonomy":"product_brand","embeddable":true,"href":"https:\/\/www.teleskopshop.ch\/fr\/wp-json\/wp\/v2\/product_brand?post=62072"},{"taxonomy":"product_cat","embeddable":true,"href":"https:\/\/www.teleskopshop.ch\/fr\/wp-json\/wp\/v2\/product_cat?post=62072"},{"taxonomy":"product_tag","embeddable":true,"href":"https:\/\/www.teleskopshop.ch\/fr\/wp-json\/wp\/v2\/product_tag?post=62072"}],"curies":[{"name":"wp","href":"https:\/\/api.w.org\/{rel}","templated":true}]}}