{"id":62066,"date":"2022-05-09T00:00:00","date_gmt":"2022-05-08T22:00:00","guid":{"rendered":"https:\/\/2025.teleskopshop.ch\/shop\/non%20class\u00e9\/skywatcher-teleskop-startravel-120t-ota\/"},"modified":"2025-03-03T09:48:13","modified_gmt":"2025-03-03T08:48:13","slug":"skywatcher-teleskop-startravel-120t-ota","status":"publish","type":"product","link":"https:\/\/www.teleskopshop.ch\/fr\/shop\/optique\/telescopes-fr\/tubes-optiques-ota\/refracteurs\/achromats-fr\/skywatcher-teleskop-startravel-120t-ota\/","title":{"rendered":"Skywatcher Teleskop Startravel 120T OTA"},"content":{"rendered":"<p>Die Teleskop Optik: Das ideale Skywatcher Teleskop f\u00fcr die Beobachtung von terrestrischen Objekten am Tage aber auch von Deep Sky bei der astronomischen Nutzung. Skywatcher Startravel Teleskope sind 2-elementige, Luftspalt Achromat Refraktoren, perfekt f\u00fcr die Weitfeld Beobachtung von Kometen, Sternfeldern, Sternhaufen, Nebeln, hellen Galaxien und Planeten, dem Mond und der Sonne (mit sicheren, geeigneten Filtern) sowie der Naturbeobachtung am Tag bei Verwendung eines Amici Prismas (Optional erh\u00e4ltlich). Dieses Weitfeld Teleskop mit seinem kurzen Tubus ist aber auch mit fester \u00d6ffnung f\u00fcr die Astrofotografie oder terrestrische Fotografie zu verwenden. Sein schnelles \u00d6ffnungsverh\u00e4ltnis macht ihn ideal f\u00fcr die Fotografie von Mond und Sonnenfinsternissen sowie die Naturfotografie. Lieferumfang: 120mm Refraktor Teleskop Leuchtpunkt Sucher 1,25&Prime; Amici Prisma Okulare: 10mm &#038; 25mm Direkter DSLR Kamera Anschlu\u00df Fokussierer mit 2&Prime; und 1,25&Prime; Anschlu\u00df Rohrschellen und Montageschiene !Stromversorgung und Batterien sind nicht im Lieferumfang enthalten!<\/p>\n<p>Allgemein<\/p>\n<table>\n<tr>\n<td>Versandgewicht<\/td>\n<td>5.7kg<\/td>\n<\/tr>\n<\/table>\n<table>\n<tr>\n<td>Versandgr\u00f6\u00dfe<\/td>\n<td>97&#215;22.5x22cm<\/td>\n<\/tr>\n<\/table>\n<p>Optik<\/p>\n<table>\n<tr>\n<td>Bauart<\/td>\n<td>achromatischer Refraktor<\/td>\n<\/tr>\n<\/table>\n<table>\n<tr>\n<td>Brennweite (mm)<\/td>\n<td>600<\/td>\n<\/tr>\n<\/table>\n<table>\n<tr>\n<td>\u00d6ffnung (mm)<\/td>\n<td>120<\/td>\n<\/tr>\n<\/table>\n<table>\n<tr>\n<td>\u00d6ffnungsverh\u00e4ltnis<\/td>\n<td>f:5<\/td>\n<\/tr>\n<\/table>\n<table>\n<tr>\n<td>Okularauszug<\/td>\n<td>2&Prime;<\/td>\n<\/tr>\n<\/table>\n<table>\n<tr>\n<td>Tubusgewicht (kg)<\/td>\n<td>4.10<\/td>\n<\/tr>\n<\/table>\n","protected":false},"excerpt":{"rendered":"<p>Vielen Dank f\u00fcr Ihren Besuch bei Teleskopshop.ch. <\/p>\n<p>Es freut uns, Ihnen das Produkt <b>Skywatcher Teleskop Startravel 120T OTA<\/b> zu den nachfolgenden Konditionen anbieten zu d\u00fcrfen.<\/p>\n","protected":false},"featured_media":5098,"comment_status":"closed","ping_status":"closed","template":"","meta":{"_acf_changed":false},"product_brand":[675],"product_cat":[1615,1339,1612,1567,1609],"product_tag":[],"class_list":{"0":"post-62066","1":"product","2":"type-product","3":"status-publish","4":"has-post-thumbnail","6":"product_brand-skywatcher","7":"product_cat-achromats-fr","8":"product_cat-optique","9":"product_cat-refracteurs","10":"product_cat-telescopes-fr","11":"product_cat-tubes-optiques-ota","13":"first","14":"instock","15":"sale","16":"taxable","17":"shipping-taxable","18":"purchasable","19":"product-type-simple"},"acf":[],"_links":{"self":[{"href":"https:\/\/www.teleskopshop.ch\/fr\/wp-json\/wp\/v2\/product\/62066","targetHints":{"allow":["GET"]}}],"collection":[{"href":"https:\/\/www.teleskopshop.ch\/fr\/wp-json\/wp\/v2\/product"}],"about":[{"href":"https:\/\/www.teleskopshop.ch\/fr\/wp-json\/wp\/v2\/types\/product"}],"replies":[{"embeddable":true,"href":"https:\/\/www.teleskopshop.ch\/fr\/wp-json\/wp\/v2\/comments?post=62066"}],"wp:featuredmedia":[{"embeddable":true,"href":"https:\/\/www.teleskopshop.ch\/fr\/wp-json\/wp\/v2\/media\/5098"}],"wp:attachment":[{"href":"https:\/\/www.teleskopshop.ch\/fr\/wp-json\/wp\/v2\/media?parent=62066"}],"wp:term":[{"taxonomy":"product_brand","embeddable":true,"href":"https:\/\/www.teleskopshop.ch\/fr\/wp-json\/wp\/v2\/product_brand?post=62066"},{"taxonomy":"product_cat","embeddable":true,"href":"https:\/\/www.teleskopshop.ch\/fr\/wp-json\/wp\/v2\/product_cat?post=62066"},{"taxonomy":"product_tag","embeddable":true,"href":"https:\/\/www.teleskopshop.ch\/fr\/wp-json\/wp\/v2\/product_tag?post=62066"}],"curies":[{"name":"wp","href":"https:\/\/api.w.org\/{rel}","templated":true}]}}