{"id":62042,"date":"2022-05-09T00:00:00","date_gmt":"2022-05-08T22:00:00","guid":{"rendered":"https:\/\/2025.teleskopshop.ch\/shop\/non%20class\u00e9\/skywatcher-teleskop-explorer-200p-mit-eq5-montierung\/"},"modified":"2025-01-25T11:56:25","modified_gmt":"2025-01-25T10:56:25","slug":"skywatcher-teleskop-explorer-200p-mit-eq5-montierung","status":"publish","type":"product","link":"https:\/\/www.teleskopshop.ch\/fr\/shop\/optique\/telescopes-fr\/reflecteur-newtonien\/manuel\/skywatcher-teleskop-explorer-200p-mit-eq5-montierung\/","title":{"rendered":"T\u00e9lescope Skywatcher Explorer 200P avec monture EQ5"},"content":{"rendered":"<p>L&rsquo;optique : R\u00e9compens\u00e9e par le magazine Sky At Night de la BBC, l&rsquo;optique du t\u00e9lescope newtonien Sky-Watcher 200P est un excellent choix pour l&rsquo;astronome en herbe et exp\u00e9riment\u00e9, mais convient \u00e9galement au d\u00e9butant tr\u00e8s int\u00e9ress\u00e9. Avec sa grande ouverture de 200 mm et son superbe miroir parabolique, m\u00eame les objets les plus faibles peuvent \u00eatre observ\u00e9s gr\u00e2ce \u00e0 sa puissance \u00e9lev\u00e9e. Ce t\u00e9lescope est un puissant outil polyvalent pour observer la lune, les plan\u00e8tes, les n\u00e9buleuses, les amas d&rsquo;\u00e9toiles, les \u00e9toiles doubles et bien plus encore. La monture : La monture \u00e9quatoriale tr\u00e8s stable Sky-Watcher EQ5 offre une excellente pr\u00e9cision et stabilit\u00e9 et offre \u00e9galement \u00e0 l&rsquo;astronome exp\u00e9riment\u00e9 de nombreuses fonctions utiles. Le support repose sur un grand tr\u00e9pied r\u00e9glable avec des pieds en acier inoxydable et un plateau pour les accessoires. Il est \u00e9quip\u00e9 d&rsquo;un niveau \u00e0 bulle pour le nivellement et d&rsquo;un r\u00e9glage de la hauteur du m\u00e2t avec une \u00e9chelle microm\u00e9trique ainsi que d&rsquo;un r\u00e9glage d&rsquo;azimut pour le r\u00e9glage du m\u00e2t. De plus, il poss\u00e8de des cercles gradu\u00e9s grav\u00e9s et des boutons de commande pour le suivi manuel. Un chercheur polaire est disponible en option pour un alignement pr\u00e9cis avec le p\u00f4le c\u00e9leste. Le support peut \u00e9galement \u00eatre \u00e9quip\u00e9 en option d&rsquo;un suivi en RA ou sur les deux axes et d&rsquo;une commande SynScan GoTo. Contenu de la livraison : Mise au point de t\u00e9lescope newtonien 200 mm avec connexion 2&Prime; et 1,25&Prime; Viseur 9&#215;50 Oculaires : 10 mm et 25 mm 2x objectif Barlow avec connexion cam\u00e9ra EQ5 Monture \u00e9quatoriale Tr\u00e9pied avec pieds en acier inoxydable et contrepoids ! L&rsquo;alimentation et les piles ne sont pas incluses dans la lunette de livraison!<br \/>\nG\u00e9n\u00e9ralit\u00e9s<\/p>\n<table>\n<tbody>\n<tr>\n<td>Poids \u00e0 l\u2019exp\u00e9dition<\/td>\n<td>13,8 kg \/ 25,9 kg<\/td>\n<\/tr>\n<\/tbody>\n<\/table>\n<table>\n<tbody>\n<tr>\n<td>Taille de l\u2019exp\u00e9dition<\/td>\n<td>105x40x45cm \/ 106&#215;45.5x26cm<\/td>\n<\/tr>\n<\/tbody>\n<\/table>\n<p>Optique<\/p>\n<table>\n<tbody>\n<tr>\n<td>Concevoir<\/td>\n<td>Newtonien \/ T\u00e9lescope r\u00e9fl\u00e9chissant<\/td>\n<\/tr>\n<\/tbody>\n<\/table>\n<table>\n<tbody>\n<tr>\n<td>Distance focale (mm)<\/td>\n<td>1000<\/td>\n<\/tr>\n<\/tbody>\n<\/table>\n<table>\n<tbody>\n<tr>\n<td>Ouverture (mm)<\/td>\n<td>200<\/td>\n<\/tr>\n<\/tbody>\n<\/table>\n<table>\n<tbody>\n<tr>\n<td>Rapport focal<\/td>\n<td>f:5<\/td>\n<\/tr>\n<\/tbody>\n<\/table>\n<table>\n<tbody>\n<tr>\n<td>Mise au point<\/td>\n<td>2&Prime;<\/td>\n<\/tr>\n<\/tbody>\n<\/table>\n<table>\n<tbody>\n<tr>\n<td>Poids du tube (kg)<\/td>\n<td>8.80<\/td>\n<\/tr>\n<\/tbody>\n<\/table>\n<p>Monter<\/p>\n<table>\n<tbody>\n<tr>\n<td>Type<\/td>\n<td>Montage manuel \u00e9quatorial<\/td>\n<\/tr>\n<\/tbody>\n<\/table>\n<table>\n<tbody>\n<tr>\n<td>Max. Charge utile visuelle (kg)<\/td>\n<td>10.00<\/td>\n<\/tr>\n<\/tbody>\n<\/table>\n<table>\n<tbody>\n<tr>\n<td>Poids total de la monture (kg)<\/td>\n<td>22.30<\/td>\n<\/tr>\n<\/tbody>\n<\/table>\n","protected":false},"excerpt":{"rendered":"<p>T\u00e9lescope newtonien Skywatcher 200 mm (8&Prime;) F\/5 avec monture manuelle \u00e9quatoriale EQ5<\/p>\n","protected":false},"featured_media":5330,"comment_status":"closed","ping_status":"open","template":"","meta":{"_acf_changed":false},"product_brand":[675],"product_cat":[1606,1339,1600,1567],"product_tag":[],"class_list":{"0":"post-62042","1":"product","2":"type-product","3":"status-publish","4":"has-post-thumbnail","6":"product_brand-skywatcher","7":"product_cat-manuel","8":"product_cat-optique","9":"product_cat-reflecteur-newtonien","10":"product_cat-telescopes-fr","12":"first","13":"instock","14":"taxable","15":"shipping-taxable","16":"purchasable","17":"product-type-simple"},"acf":[],"_links":{"self":[{"href":"https:\/\/www.teleskopshop.ch\/fr\/wp-json\/wp\/v2\/product\/62042","targetHints":{"allow":["GET"]}}],"collection":[{"href":"https:\/\/www.teleskopshop.ch\/fr\/wp-json\/wp\/v2\/product"}],"about":[{"href":"https:\/\/www.teleskopshop.ch\/fr\/wp-json\/wp\/v2\/types\/product"}],"replies":[{"embeddable":true,"href":"https:\/\/www.teleskopshop.ch\/fr\/wp-json\/wp\/v2\/comments?post=62042"}],"wp:featuredmedia":[{"embeddable":true,"href":"https:\/\/www.teleskopshop.ch\/fr\/wp-json\/wp\/v2\/media\/5330"}],"wp:attachment":[{"href":"https:\/\/www.teleskopshop.ch\/fr\/wp-json\/wp\/v2\/media?parent=62042"}],"wp:term":[{"taxonomy":"product_brand","embeddable":true,"href":"https:\/\/www.teleskopshop.ch\/fr\/wp-json\/wp\/v2\/product_brand?post=62042"},{"taxonomy":"product_cat","embeddable":true,"href":"https:\/\/www.teleskopshop.ch\/fr\/wp-json\/wp\/v2\/product_cat?post=62042"},{"taxonomy":"product_tag","embeddable":true,"href":"https:\/\/www.teleskopshop.ch\/fr\/wp-json\/wp\/v2\/product_tag?post=62042"}],"curies":[{"name":"wp","href":"https:\/\/api.w.org\/{rel}","templated":true}]}}