{"id":62021,"date":"2022-05-09T00:00:00","date_gmt":"2022-05-08T22:00:00","guid":{"rendered":"https:\/\/2025.teleskopshop.ch\/shop\/non%20class\u00e9\/skywatcher-teleskop-explorer-200p-mit-eq5-pro-synscan-montierung\/"},"modified":"2025-02-24T10:43:11","modified_gmt":"2025-02-24T09:43:11","slug":"skywatcher-teleskop-explorer-200p-mit-eq5-pro-synscan-montierung","status":"publish","type":"product","link":"https:\/\/www.teleskopshop.ch\/fr\/shop\/optique\/telescopes-fr\/reflecteur-newtonien\/go-to-fr\/skywatcher-teleskop-explorer-200p-mit-eq5-pro-synscan-montierung\/","title":{"rendered":"Skywatcher Teleskop Explorer 200P mit EQ5 Pro SynScan\u2122 Montierung"},"content":{"rendered":"<p>Die Optik: Die vom Sky At Night Magazine der BBC ausgezeichnete Sky-Watcher-200P Newton Teleskop Optik ist eine hervorragende Wahl f\u00fcr den aufsteigenden und erfahrenen Astronomen aber ebenso geeignet f\u00fcr den sehr interessierten Anf\u00e4nger. Mit seiner gro\u00dfen 200mm \u00d6ffnung und dem superben Parabolspiegel k\u00f6nnen auch schw\u00e4chere Objekte mit seiner hohen Leistung beobachtet werden. Dieses Teleskop ist ein leistungsstarker Allrounder zur Beobachtung von Mond, Planeten, Nebeln, Sternhaufen, Doppelsternen und vielem mehr. Montierung: Sky-Watcher bietet hier eine einfache L\u00f6sung f\u00fcr Hobbyastronomen an, die ihr Teleskop auf eine bequeme Computergesteuerte Montierung setzen wollen, aber noch keine schwere HEQ5 oder EQ6 Montierung einsetzen m\u00f6chten. Die EQ5 Pro SynScan\u2122 Montierung verwendet das gleiche GoTo System, das in der HEQ5 und EQ6 Pro SynScan\u2122 Montierung eingesetzt wird. Es erlaubt dem Benutzer ein beliebiges Objekt einzustellen oder mit nur einem Knopfdruck eine gef\u00fchrte Tour \u00fcber den Nachthimmel zu starten. Die umfangreiche Datenbank enth\u00e4lt \u00fcber 42.900 Objekte des Nachthimmels. Die Sky-Watcher EQ5 Pro SynScan\u2122 Montierung ist das perfekte Instrument f\u00fcr den Einsteiger mit etwas gr\u00f6\u00dferem Teleskop in die visuelle Beobachtung oder Fotografie das neue Hobby mit minimalem Aufbau Aufwand zu genie\u00dfen ohne sich bereits perfekt am Himmel auszukennen. Die Montierung wird mit einem stabilen Stativ mit Edelstahl Beinen geliefert. Lieferumfang: 200mm Newton Teleskop Fokussierer mit 2&Prime; und 1,25&Prime; Anschlu\u00df 9&#215;50 Sucher Okulare: 10mm &#038; 25mm 2fach Barlow Linse mit Kameraanschlu\u00df EQ5 Pro SynScan\u2122 Montierung Stativ mit Edelstahl Beinen und Ablageplatte SynScan\u2122 V.5 Handsteuerbox und Motorsteuerbox mit Kabeln Gegengewichte !Stromversorgung und Batterien sind nicht im Lieferumfang enthalten!<\/p>\n<p>Allgemein<\/p>\n<table>\n<tr>\n<td>Versandgewicht<\/td>\n<td>13.8kg \/ 27.7kg<\/td>\n<\/tr>\n<\/table>\n<table>\n<tr>\n<td>Versandgr\u00f6\u00dfe<\/td>\n<td>105x40x45cm \/ 105x50x25cm<\/td>\n<\/tr>\n<\/table>\n<p>Optik<\/p>\n<table>\n<tr>\n<td>Bauart<\/td>\n<td>Newton \/ Spiegelteleskop<\/td>\n<\/tr>\n<\/table>\n<table>\n<tr>\n<td>Brennweite (mm)<\/td>\n<td>1000<\/td>\n<\/tr>\n<\/table>\n<table>\n<tr>\n<td>\u00d6ffnung (mm)<\/td>\n<td>200<\/td>\n<\/tr>\n<\/table>\n<table>\n<tr>\n<td>\u00d6ffnungsverh\u00e4ltnis<\/td>\n<td>f:5<\/td>\n<\/tr>\n<\/table>\n<table>\n<tr>\n<td>Okularauszug<\/td>\n<td>2&Prime;<\/td>\n<\/tr>\n<\/table>\n<table>\n<tr>\n<td>Tubusgewicht (kg)<\/td>\n<td>8.80<\/td>\n<\/tr>\n<\/table>\n<\/td>\n<td>Montierung<\/p>\n<table>\n<tr>\n<td>Typ<\/td>\n<td>\u00c4quatoriale motorisierte Montierung<\/td>\n<\/tr>\n<\/table>\n<table>\n<tr>\n<td>GoTo<\/td>\n<td> ja <\/td>\n<\/tr>\n<\/table>\n<table>\n<tr>\n<td>Max. Zuladung visuell (kg)<\/td>\n<td>10.00<\/td>\n<\/tr>\n<\/table>\n<table>\n<tr>\n<td>Montierungsgewicht gesamt (kg)<\/td>\n<td>23.40<\/td>\n<\/tr>\n<\/table>\n","protected":false},"excerpt":{"rendered":"<p>Vielen Dank f\u00fcr Ihren Besuch bei Teleskopshop.ch. <\/p>\n<p>Es freut uns, Ihnen das Produkt <b>Skywatcher Teleskop Explorer 200P mit EQ5 Pro SynScan\u2122 Montierung<\/b> zu den nachfolgenden Konditionen anbieten zu d\u00fcrfen.<\/p>\n","protected":false},"featured_media":5294,"comment_status":"closed","ping_status":"closed","template":"","meta":{"_acf_changed":false},"product_brand":[675],"product_cat":[1603,1339,1600,1567],"product_tag":[],"class_list":{"0":"post-62021","1":"product","2":"type-product","3":"status-publish","4":"has-post-thumbnail","6":"product_brand-skywatcher","7":"product_cat-go-to-fr","8":"product_cat-optique","9":"product_cat-reflecteur-newtonien","10":"product_cat-telescopes-fr","12":"first","13":"instock","14":"sale","15":"taxable","16":"shipping-taxable","17":"purchasable","18":"product-type-simple"},"acf":[],"_links":{"self":[{"href":"https:\/\/www.teleskopshop.ch\/fr\/wp-json\/wp\/v2\/product\/62021","targetHints":{"allow":["GET"]}}],"collection":[{"href":"https:\/\/www.teleskopshop.ch\/fr\/wp-json\/wp\/v2\/product"}],"about":[{"href":"https:\/\/www.teleskopshop.ch\/fr\/wp-json\/wp\/v2\/types\/product"}],"replies":[{"embeddable":true,"href":"https:\/\/www.teleskopshop.ch\/fr\/wp-json\/wp\/v2\/comments?post=62021"}],"wp:featuredmedia":[{"embeddable":true,"href":"https:\/\/www.teleskopshop.ch\/fr\/wp-json\/wp\/v2\/media\/5294"}],"wp:attachment":[{"href":"https:\/\/www.teleskopshop.ch\/fr\/wp-json\/wp\/v2\/media?parent=62021"}],"wp:term":[{"taxonomy":"product_brand","embeddable":true,"href":"https:\/\/www.teleskopshop.ch\/fr\/wp-json\/wp\/v2\/product_brand?post=62021"},{"taxonomy":"product_cat","embeddable":true,"href":"https:\/\/www.teleskopshop.ch\/fr\/wp-json\/wp\/v2\/product_cat?post=62021"},{"taxonomy":"product_tag","embeddable":true,"href":"https:\/\/www.teleskopshop.ch\/fr\/wp-json\/wp\/v2\/product_tag?post=62021"}],"curies":[{"name":"wp","href":"https:\/\/api.w.org\/{rel}","templated":true}]}}