{"id":61994,"date":"2022-05-09T00:00:00","date_gmt":"2022-05-08T22:00:00","guid":{"rendered":"https:\/\/2025.teleskopshop.ch\/shop\/non%20class\u00e9\/helios-monokular-voyager-10-25x42-zoom\/"},"modified":"2025-01-25T11:46:11","modified_gmt":"2025-01-25T10:46:11","slug":"helios-monokular-voyager-10-25x42-zoom","status":"publish","type":"product","link":"https:\/\/www.teleskopshop.ch\/fr\/shop\/optique\/monoculaires\/helios-monokular-voyager-10-25x42-zoom\/","title":{"rendered":"Helios monoculaire Voyager zoom 10-25&#215;42"},"content":{"rendered":"<p>Ce t\u00e9lescope Helios \u00e9tanche de 42 mm de haute qualit\u00e9 et de conception ergonomique offre un grossissement de 10x \u00e0 25x. Le d\u00e9gagement oculaire varie entre 14 mm et 9,5 mm. Il est enti\u00e8rement multicouche et int\u00e8gre des prismes BaK-4 de haute qualit\u00e9. Il est rempli d&rsquo;azote pour une r\u00e9sistance \u00e0 l&rsquo;eau et une protection anti-bu\u00e9e. La distance rapproch\u00e9e est d&rsquo;au moins 50,8 cm. L&rsquo;\u0153illeton en caoutchouc peut \u00eatre rabattu pour les porteurs de lunettes. Un sac et une bandouli\u00e8re sont inclus. Contenu de la livraison : 10-25&#215;42 sac de capuchons anti-poussi\u00e8re pour t\u00e9lescope&nbsp;! L&rsquo;alimentation et les piles ne sont pas incluses&nbsp;!<\/p>\n<p>G\u00e9n\u00e9ral<\/p>\n<table>\n<tr>\n<td>Poids<\/td>\n<p> d&rsquo;exp\u00e9dition <\/p>\n<td>0,4 kg<\/td>\n<\/tr>\n<\/table>\n<table>\n<tr>\n<td>Taille<\/td>\n<p> d&rsquo;exp\u00e9dition <\/p>\n<td>20&#215;7.5x6cm<\/td>\n<\/tr>\n<\/table>\n<p>observation de la nature<\/p>\n<table>\n<tr>\n<td>Type<\/td>\n<td>zoom monoculaire<\/td>\n<\/tr>\n<\/table>\n<table>\n<tr>\n<td>Grossissement<\/td>\n<td>10-25x<\/td>\n<\/tr>\n<\/table>\n<table>\n<tr>\n<td>Diam\u00e8tre de l&rsquo;objectif (mm)<\/td>\n<td>42<\/td>\n<\/tr>\n<\/table>\n<table>\n<tr>\n<td>Syst\u00e8me de mise au point mise au point<\/td>\n<td>rotative<\/td>\n<\/tr>\n<\/table>\n<table>\n<tr>Rev\u00eatement de <\/p>\n<td>lentille Rev\u00eatement<\/td>\n<td>multicouche<\/td>\n<\/tr>\n<\/table>\n<table>\n<tr>\n<td>Distance minimale de mise au point (m)<\/td>\n<td>0,51<\/td>\n<\/tr>\n<\/table>\n<table>\n<tr>\n<td>R\u00e9sistant aux \u00e9claboussures<\/td>\n<td>oui<\/td>\n<\/tr>\n<\/table>\n<table>\n<tr>\n<td>Remplissage d&rsquo;azote (oui \/ non)<\/td>\n<td>oui<\/td>\n<\/tr>\n<\/table>\n","protected":false},"excerpt":{"rendered":"<p>T\u00e9lescope \u00e0 zoom caoutchout\u00e9 \u00e9tanche Helios pour l&rsquo;observation de la nature<\/p>\n","protected":false},"featured_media":6774,"comment_status":"closed","ping_status":"open","template":"","meta":{"_acf_changed":false},"product_brand":[682],"product_cat":[1474,1339],"product_tag":[],"class_list":{"0":"post-61994","1":"product","2":"type-product","3":"status-publish","4":"has-post-thumbnail","6":"product_brand-helios","7":"product_cat-monoculaires","8":"product_cat-optique","10":"first","11":"instock","12":"taxable","13":"shipping-taxable","14":"purchasable","15":"product-type-simple"},"acf":[],"_links":{"self":[{"href":"https:\/\/www.teleskopshop.ch\/fr\/wp-json\/wp\/v2\/product\/61994","targetHints":{"allow":["GET"]}}],"collection":[{"href":"https:\/\/www.teleskopshop.ch\/fr\/wp-json\/wp\/v2\/product"}],"about":[{"href":"https:\/\/www.teleskopshop.ch\/fr\/wp-json\/wp\/v2\/types\/product"}],"replies":[{"embeddable":true,"href":"https:\/\/www.teleskopshop.ch\/fr\/wp-json\/wp\/v2\/comments?post=61994"}],"wp:featuredmedia":[{"embeddable":true,"href":"https:\/\/www.teleskopshop.ch\/fr\/wp-json\/wp\/v2\/media\/6774"}],"wp:attachment":[{"href":"https:\/\/www.teleskopshop.ch\/fr\/wp-json\/wp\/v2\/media?parent=61994"}],"wp:term":[{"taxonomy":"product_brand","embeddable":true,"href":"https:\/\/www.teleskopshop.ch\/fr\/wp-json\/wp\/v2\/product_brand?post=61994"},{"taxonomy":"product_cat","embeddable":true,"href":"https:\/\/www.teleskopshop.ch\/fr\/wp-json\/wp\/v2\/product_cat?post=61994"},{"taxonomy":"product_tag","embeddable":true,"href":"https:\/\/www.teleskopshop.ch\/fr\/wp-json\/wp\/v2\/product_tag?post=61994"}],"curies":[{"name":"wp","href":"https:\/\/api.w.org\/{rel}","templated":true}]}}