{"id":61973,"date":"2022-05-09T00:00:00","date_gmt":"2022-05-08T22:00:00","guid":{"rendered":"https:\/\/2025.teleskopshop.ch\/shop\/non%20class\u00e9\/barr-stroud-monokular-sprite-mini-8x25\/"},"modified":"2025-01-25T11:48:31","modified_gmt":"2025-01-25T10:48:31","slug":"barr-stroud-monokular-sprite-mini-8x25","status":"publish","type":"product","link":"https:\/\/www.teleskopshop.ch\/fr\/shop\/optique\/monoculaires\/barr-stroud-monokular-sprite-mini-8x25\/","title":{"rendered":"Barr &amp; Stroud Monoculaire Sprite Mini 8&#215;25"},"content":{"rendered":"<p>Barr &amp; Stroud 80 Series Monoculaire Propri\u00e9t\u00e9s\/Caract\u00e9ristiques&nbsp;: &#8211; Lentilles enti\u00e8rement multicouches &#8211; \u00c9tanche jusqu&rsquo;\u00e0 une profondeur de 1,5 m pendant environ 3 minutes &#8211; Rempli d&rsquo;azote, emp\u00eache la bu\u00e9e d&rsquo;humidit\u00e9 dans l&rsquo;optique &#8211; Protection contre la pluie &#8211; L\u00e9ger gr\u00e2ce au polycarbonate &#8211; Durable armure en caoutchouc &#8211; Mallette de transport &#8211; Bouchons d&rsquo;objectif &#8211; Tr\u00e9pied de table Con\u00e7u pour l&rsquo;observateur enthousiaste de plein air et d&rsquo;oiseaux. Le nouveau monoculaire compact Barr&amp;Stroud est parfait pour ceux qui voyagent l\u00e9ger mais qui appr\u00e9cient et appr\u00e9cient tout de m\u00eame les performances d&rsquo;un monoculaire. Fabriqu\u00e9 pour une utilisation \u00e0 une main, cet oculaire peut \u00eatre utilis\u00e9 m\u00eame dans des conditions difficiles. Livr\u00e9 avec bouchons d&rsquo;objectif, tr\u00e9pied de table et \u00e9tui de transport.<\/p>\n<p>G\u00e9n\u00e9ral<\/p>\n<table>\n<tr>\n<td>Poids<\/td>\n<p> d&rsquo;exp\u00e9dition <\/p>\n<td>0,264 kg<\/td>\n<\/tr>\n<\/table>\n<table>\n<tr>\n<td>Taille<\/td>\n<p> d&rsquo;exp\u00e9dition <\/p>\n<td>7.5&#215;6.5x14cm<\/td>\n<\/tr>\n<\/table>\n<p>Donn\u00e9es : Barr &amp; Stroud<\/p>\n<table>\n<tr>Monoculaire <\/p>\n<td>\u00e0<\/td>\n<p> prisme <\/p>\n<td>en toit<\/td>\n<\/tr>\n<\/table>\n<table>\n<tr>\n<td>Grossissement<\/td>\n<td>8x<\/td>\n<\/tr>\n<\/table>\n<table>\n<tr>\n<td>Diam\u00e8tre de l&rsquo;objectif (mm)<\/td>\n<td>25<\/td>\n<\/tr>\n<\/table>\n<table>\n<tr>\n<td>Pupille de sortie (mm)<\/td>\n<td>3,13<\/td>\n<\/tr>\n<\/table>\n<table>\n<tr>Mise au point <\/p>\n<td>h\u00e9lico\u00efdale du syst\u00e8me de<\/td>\n<p> mise au <\/p>\n<td>point<\/td>\n<\/tr>\n<\/table>\n<table>\n<tr>Types de prisme <\/p>\n<td>en verre<\/td>\n<td>BaK-4<\/td>\n<\/tr>\n<\/table>\n<table>\n<tr>\n<td>Cr\u00e9puscule<\/td>\n<td>num\u00e9ro 14.14<\/td>\n<\/tr>\n<\/table>\n<table>\n<tr>\n<td>Intensit\u00e9<\/td>\n<p> lumineuse <\/p>\n<td>9,77<\/td>\n<\/tr>\n<\/table>\n<table>\n<tr>\n<td>Rev\u00eatement de lentille<\/td>\n<td>FMC<\/td>\n<\/tr>\n<\/table>\n<table>\n<tr>\n<td>D\u00e9gagement oculaire \u00e0 l&rsquo;oculaire (mm)<\/td>\n<td>14,50<\/td>\n<\/tr>\n<\/table>\n<table>\n<tr>Champ <\/p>\n<td>de vision \u00e0 1000m<\/td>\n<td>122m<\/td>\n<\/tr>\n<\/table>\n<table>\n<tr>\n<td>Distance minimale de mise au point (m)<\/td>\n<td>\n<table>\n<tr>\n<td>R\u00e9sistant aux \u00e9claboussures<\/td>\n<td>oui<\/td>\n<\/tr>\n<\/table>\n","protected":false},"excerpt":{"rendered":"<p>Monoculaire Barr &amp; Stroud Sprite Mini 8&#215;25 W\/P<\/p>\n","protected":false},"featured_media":6106,"comment_status":"closed","ping_status":"open","template":"","meta":{"_acf_changed":false},"product_brand":[684],"product_cat":[1474,1339],"product_tag":[],"class_list":{"0":"post-61973","1":"product","2":"type-product","3":"status-publish","4":"has-post-thumbnail","6":"product_brand-barr-stroud","7":"product_cat-monoculaires","8":"product_cat-optique","10":"first","11":"instock","12":"taxable","13":"shipping-taxable","14":"purchasable","15":"product-type-simple"},"acf":[],"_links":{"self":[{"href":"https:\/\/www.teleskopshop.ch\/fr\/wp-json\/wp\/v2\/product\/61973","targetHints":{"allow":["GET"]}}],"collection":[{"href":"https:\/\/www.teleskopshop.ch\/fr\/wp-json\/wp\/v2\/product"}],"about":[{"href":"https:\/\/www.teleskopshop.ch\/fr\/wp-json\/wp\/v2\/types\/product"}],"replies":[{"embeddable":true,"href":"https:\/\/www.teleskopshop.ch\/fr\/wp-json\/wp\/v2\/comments?post=61973"}],"wp:featuredmedia":[{"embeddable":true,"href":"https:\/\/www.teleskopshop.ch\/fr\/wp-json\/wp\/v2\/media\/6106"}],"wp:attachment":[{"href":"https:\/\/www.teleskopshop.ch\/fr\/wp-json\/wp\/v2\/media?parent=61973"}],"wp:term":[{"taxonomy":"product_brand","embeddable":true,"href":"https:\/\/www.teleskopshop.ch\/fr\/wp-json\/wp\/v2\/product_brand?post=61973"},{"taxonomy":"product_cat","embeddable":true,"href":"https:\/\/www.teleskopshop.ch\/fr\/wp-json\/wp\/v2\/product_cat?post=61973"},{"taxonomy":"product_tag","embeddable":true,"href":"https:\/\/www.teleskopshop.ch\/fr\/wp-json\/wp\/v2\/product_tag?post=61973"}],"curies":[{"name":"wp","href":"https:\/\/api.w.org\/{rel}","templated":true}]}}