{"id":61932,"date":"2022-05-09T00:00:00","date_gmt":"2022-05-08T22:00:00","guid":{"rendered":"https:\/\/2025.teleskopshop.ch\/shop\/non%20class\u00e9\/skywatcher-teleskop-skyhawk-1145p-synscan-az-goto\/"},"modified":"2025-01-25T11:48:43","modified_gmt":"2025-01-25T10:48:43","slug":"skywatcher-teleskop-skyhawk-1145p-synscan-az-goto","status":"publish","type":"product","link":"https:\/\/www.teleskopshop.ch\/fr\/shop\/optique\/telescopes-fr\/telescope-pour-debutants\/go-to-debutants-fr\/skywatcher-teleskop-skyhawk-1145p-synscan-az-goto\/","title":{"rendered":"T\u00e9lescope Skywatcher Skyhawk 1145P SynScan AZ GoTo"},"content":{"rendered":"<p>L&rsquo;optique du t\u00e9lescope : Le t\u00e9lescope Sky-Watcher Skyhawk-1145P avec sa superbe optique parabolique a prouv\u00e9 sa polyvalence. Il est recommand\u00e9 par le magazine Sky At Night de la BBC pour ses hautes performances et sa facilit\u00e9 d&rsquo;utilisation, en particulier pour les d\u00e9butants. La monture de t\u00e9lescope : La monture GoTo sp\u00e9ciale pour ordinateur Sky-Watcher SynScan\u2122 AZ vous permet de localiser et de suivre facilement des objets dans le ciel nocturne, tels que des plan\u00e8tes, des n\u00e9buleuses, des amas d&rsquo;\u00e9toiles, des galaxies et bien plus encore. Le bo\u00eetier de commande manuelle SynScan\u2122 AZ d\u00e9place automatiquement votre t\u00e9lescope vers l&rsquo;objet souhait\u00e9 ou vous guide dans le ciel nocturne d&rsquo;une simple pression sur un bouton&nbsp;! Le menu convivial contient plus de 42 900 objets du ciel nocturne. M\u00eame un observateur inexp\u00e9riment\u00e9 peut apprendre les fonctions en seulement quelques nuits d&rsquo;observation. Contenu de la livraison : T\u00e9lescope newtonien 114 mm Monture SynScan\u2122 Viseur 6&#215;24 Oculaires : 10 mm et 25 mm 2x Lentille de Barlow Tr\u00e9pied en acier inoxydable avec plaque de rangement ! L&rsquo;alimentation et les piles ne sont pas incluses dans la livraison !<\/p>\n<p>G\u00e9n\u00e9ral<\/p>\n<table>\n<tr>\n<td>Poids<\/td>\n<p> d&rsquo;exp\u00e9dition <\/p>\n<td>10,2 kg<\/td>\n<\/tr>\n<\/table>\n<table>\n<tr>\n<td>Taille<\/td>\n<p> d&rsquo;exp\u00e9dition <\/p>\n<td>87&#215;43.5x25cm<\/td>\n<\/tr>\n<\/table>\n<p>optique<\/p>\n<table>\n<tr>\n<td>Type<\/td>\n<td>Newton \/ t\u00e9lescope \u00e0 r\u00e9flexion<\/td>\n<\/tr>\n<\/table>\n<table>\n<tr>\n<td>Distance focale (mm)<\/td>\n<td>500<\/td>\n<\/tr>\n<\/table>\n<table>\n<tr>\n<td>Ouverture (mm)<\/td>\n<td>114<\/td>\n<\/tr>\n<\/table>\n<table>\n<tr>\n<td>Ouverture<\/td>\n<td>f:4.4<\/td>\n<\/tr>\n<\/table>\n<table>\n<tr>\n<td>Mise au point<\/td>\n<td>1.25&Prime;<\/td>\n<\/tr>\n<\/table>\n<table>\n<tr>\n<td>Poids tube (kg)<\/td>\n<td>2,00<\/td>\n<\/tr>\n<\/table>\n<\/td>\n<td>monter<\/p>\n<table>\n<tr>\n<td>Type<\/td>\n<td>de support d&rsquo;ordinateur Azimut<\/td>\n<\/tr>\n<\/table>\n<table>\n<tr>\n<td>Aller \u00e0<\/td>\n<td>oui<\/td>\n<\/tr>\n<\/table>\n<table>\n<tr>\n<td>Max. Charge utile visuelle (kg)<\/td>\n<td>5.00<\/td>\n<\/tr>\n<\/table>\n<table>\n<tr>\n<td>Poids total du support (kg)<\/td>\n<td>4,50<\/td>\n<\/tr>\n<\/table>\n","protected":false},"excerpt":{"rendered":"<p>T\u00e9lescope Skywatcher 114 mm (4,5&Prime;) F\/500 Newton avec miroir parabolique et support pour ordinateur<\/p>\n","protected":false},"featured_media":5454,"comment_status":"closed","ping_status":"open","template":"","meta":{"_acf_changed":false},"product_brand":[675],"product_cat":[1582,1339,1576,1567],"product_tag":[],"class_list":{"0":"post-61932","1":"product","2":"type-product","3":"status-publish","4":"has-post-thumbnail","6":"product_brand-skywatcher","7":"product_cat-go-to-debutants-fr","8":"product_cat-optique","9":"product_cat-telescope-pour-debutants","10":"product_cat-telescopes-fr","12":"first","13":"instock","14":"taxable","15":"shipping-taxable","16":"purchasable","17":"product-type-simple"},"acf":[],"_links":{"self":[{"href":"https:\/\/www.teleskopshop.ch\/fr\/wp-json\/wp\/v2\/product\/61932","targetHints":{"allow":["GET"]}}],"collection":[{"href":"https:\/\/www.teleskopshop.ch\/fr\/wp-json\/wp\/v2\/product"}],"about":[{"href":"https:\/\/www.teleskopshop.ch\/fr\/wp-json\/wp\/v2\/types\/product"}],"replies":[{"embeddable":true,"href":"https:\/\/www.teleskopshop.ch\/fr\/wp-json\/wp\/v2\/comments?post=61932"}],"wp:featuredmedia":[{"embeddable":true,"href":"https:\/\/www.teleskopshop.ch\/fr\/wp-json\/wp\/v2\/media\/5454"}],"wp:attachment":[{"href":"https:\/\/www.teleskopshop.ch\/fr\/wp-json\/wp\/v2\/media?parent=61932"}],"wp:term":[{"taxonomy":"product_brand","embeddable":true,"href":"https:\/\/www.teleskopshop.ch\/fr\/wp-json\/wp\/v2\/product_brand?post=61932"},{"taxonomy":"product_cat","embeddable":true,"href":"https:\/\/www.teleskopshop.ch\/fr\/wp-json\/wp\/v2\/product_cat?post=61932"},{"taxonomy":"product_tag","embeddable":true,"href":"https:\/\/www.teleskopshop.ch\/fr\/wp-json\/wp\/v2\/product_tag?post=61932"}],"curies":[{"name":"wp","href":"https:\/\/api.w.org\/{rel}","templated":true}]}}