{"id":61926,"date":"2022-05-09T00:00:00","date_gmt":"2022-05-08T22:00:00","guid":{"rendered":"https:\/\/2025.teleskopshop.ch\/shop\/non%20class\u00e9\/skywatcher-teleskop-startravel-80-az3\/"},"modified":"2025-01-25T11:56:23","modified_gmt":"2025-01-25T10:56:23","slug":"skywatcher-teleskop-startravel-80-az3","status":"publish","type":"product","link":"https:\/\/www.teleskopshop.ch\/fr\/shop\/optique\/telescopes-fr\/telescope-pour-debutants\/azimutales\/skywatcher-teleskop-startravel-80-az3\/","title":{"rendered":"T\u00e9lescope Skywatcher Startravel 80 AZ3"},"content":{"rendered":"<p>L&rsquo;optique du t\u00e9lescope : Le t\u00e9lescope id\u00e9al de Skywatcher pour l&rsquo;observation \u00e0 large champ des objets du ciel profond, y compris les n\u00e9buleuses, les champs d&rsquo;\u00e9toiles, les amas d&rsquo;\u00e9toiles et les galaxies, la lune, les plan\u00e8tes et les com\u00e8tes plus brillantes, mais aussi l&rsquo;observation terrestre pendant la journ\u00e9e lorsqu&rsquo;il est utilis\u00e9 avec un 1, 25&Prime; Amici Prisma (disponible en option) est utilis\u00e9. Ce t\u00e9lescope \u00e0 grand champ avec son tube court peut \u00e9galement \u00eatre utilis\u00e9 avec une ouverture fixe pour l&rsquo;astrophotographie ou la photographie terrestre. Son rapport focal rapide le rend id\u00e9al pour la photographie de la lune et des \u00e9clipses solaires ainsi que la photographie de la nature.La monture de t\u00e9lescope : la monture azimutale AZ3 intuitive et facile \u00e0 utiliser offre une grande stabilit\u00e9 et un contr\u00f4le pr\u00e9cis du t\u00e9lescope via deux axes de r\u00e9glage flexibles dans le sens horizontal et vertical.Contenu de la livraison : t\u00e9lescope r\u00e9fracteur 80 mm Sky-Watcher Monture AZ3 Chercheur point rouge Oculaires diagonaux en \u00e9toile de 1,25&Prime; : 12,5 mm et 26 mm Pl\u00f6ssl Direct DSLR Camera Connexion 2x Lentille de Barlow Tr\u00e9pied en aluminium avec \u00e9tag\u00e8re ! L&rsquo;alimentation et les piles ne sont pas incluses dans la livraison !<\/p>\n<p>G\u00e9n\u00e9ralit\u00e9s<\/p>\n<table>\n<tr>\n<td>Poids<\/td>\n<p> d&rsquo;exp\u00e9dition <\/p>\n<td>9,6 kg<\/td>\n<\/tr>\n<\/table>\n<table>\n<tr>\n<td>Taille<\/td>\n<p> d&rsquo;exp\u00e9dition <\/p>\n<td>95x44x24cm<\/td>\n<\/tr>\n<\/table>\n<p>Optique<\/p>\n<table>\n<tr>\n<td>Type<\/td>\n<td>de r\u00e9fracteur achromatique<\/td>\n<\/tr>\n<\/table>\n<table>\n<tr>\n<td>Distance focale (mm)<\/td>\n<td>400<\/td>\n<\/tr>\n<\/table>\n<table>\n<tr>\n<td>Ouverture (mm)<\/td>\n<td>80<\/td>\n<\/tr>\n<\/table>\n<table>\n<tr>\n<td>Ouverture<\/td>\n<td>f:5<\/td>\n<\/tr>\n<\/table>\n<table>\n<tr>\n<td>Mise au point<\/td>\n<td>1.25&Prime;<\/td>\n<\/tr>\n<\/table>\n<table>\n<tr>\n<td>Poids du tube (kg)<\/td>\n<td>1,80<\/td>\n<\/tr>\n<\/table>\n<\/td>\n<td>Monter<\/p>\n<table>\n<tr>\n<td>Type<\/td>\n<td>Montage manuel en azimut AZ3<\/td>\n<\/tr>\n<\/table>\n<table>\n<tr>\n<td>Max. Charge utile visuelle (kg)<\/td>\n<td>5.00<\/td>\n<\/tr>\n<\/table>\n<table>\n<tr>\n<td>Poids total du support (kg)<\/td>\n<td>3,90<\/td>\n<\/tr>\n<\/table>\n","protected":false},"excerpt":{"rendered":"<p>T\u00e9lescope r\u00e9fracteur Skywatcher 80mm (3.1&Prime;) F\/5 avec monture Azimuth AZ3<\/p>\n","protected":false},"featured_media":5450,"comment_status":"closed","ping_status":"open","template":"","meta":{"_acf_changed":false},"product_brand":[675],"product_cat":[1579,1339,1576,1567],"product_tag":[],"class_list":{"0":"post-61926","1":"product","2":"type-product","3":"status-publish","4":"has-post-thumbnail","6":"product_brand-skywatcher","7":"product_cat-azimutales","8":"product_cat-optique","9":"product_cat-telescope-pour-debutants","10":"product_cat-telescopes-fr","12":"first","13":"instock","14":"taxable","15":"shipping-taxable","16":"purchasable","17":"product-type-simple"},"acf":[],"_links":{"self":[{"href":"https:\/\/www.teleskopshop.ch\/fr\/wp-json\/wp\/v2\/product\/61926","targetHints":{"allow":["GET"]}}],"collection":[{"href":"https:\/\/www.teleskopshop.ch\/fr\/wp-json\/wp\/v2\/product"}],"about":[{"href":"https:\/\/www.teleskopshop.ch\/fr\/wp-json\/wp\/v2\/types\/product"}],"replies":[{"embeddable":true,"href":"https:\/\/www.teleskopshop.ch\/fr\/wp-json\/wp\/v2\/comments?post=61926"}],"wp:featuredmedia":[{"embeddable":true,"href":"https:\/\/www.teleskopshop.ch\/fr\/wp-json\/wp\/v2\/media\/5450"}],"wp:attachment":[{"href":"https:\/\/www.teleskopshop.ch\/fr\/wp-json\/wp\/v2\/media?parent=61926"}],"wp:term":[{"taxonomy":"product_brand","embeddable":true,"href":"https:\/\/www.teleskopshop.ch\/fr\/wp-json\/wp\/v2\/product_brand?post=61926"},{"taxonomy":"product_cat","embeddable":true,"href":"https:\/\/www.teleskopshop.ch\/fr\/wp-json\/wp\/v2\/product_cat?post=61926"},{"taxonomy":"product_tag","embeddable":true,"href":"https:\/\/www.teleskopshop.ch\/fr\/wp-json\/wp\/v2\/product_tag?post=61926"}],"curies":[{"name":"wp","href":"https:\/\/api.w.org\/{rel}","templated":true}]}}