{"id":61911,"date":"2022-05-09T00:00:00","date_gmt":"2022-05-08T22:00:00","guid":{"rendered":"https:\/\/2025.teleskopshop.ch\/shop\/non%20class\u00e9\/skywatcher-teleskop-skymax-127-az5\/"},"modified":"2025-03-03T09:19:28","modified_gmt":"2025-03-03T08:19:28","slug":"skywatcher-teleskop-skymax-127-az5","status":"publish","type":"product","link":"https:\/\/www.teleskopshop.ch\/fr\/shop\/optique\/telescopes-fr\/telescope-pour-debutants\/azimutales\/skywatcher-teleskop-skymax-127-az5\/","title":{"rendered":"Skywatcher Teleskop Skymax 127 AZ5"},"content":{"rendered":"<p>Die ideale, unkomplizierte Montierung zum immer dabei haben, sowohl f\u00fcr die bequeme und einfache visuelle Astronomische Beobachtung, als auch f\u00fcr Terrestrische Beobachtungen am Tage perfekt geeignet! Mit einem leistungsf\u00e4higen 127 mm Skymax 127 Maksutov Cassegrain Teleskop im Bundle. Die azimutale AZ5 Deluxe Montierung wurde aus solidem Aluminium Guss gefertigt f\u00fcr kleinere Teleskope mit bis zu 5 kg Gewicht, die sich mit einer Vixen \/ Skywatcher Norm Schwalbenschwanzschiene einfach befestigen lassen. Sie k\u00f6nnen aber auch andere Ger\u00e4te mit einem optional erh\u00e4ltlichen L-Halter verwenden. Sie wird mit einem Aluminium Stativ geliefert, das sich stufenlos in jeder H\u00f6he arretieren l\u00e4sst sowie einer kurzen Verl\u00e4ngerungss\u00e4ule. Enthalten sind zus\u00e4tzlich zwei biegsame Wellen zur Bet\u00e4tigung der Feinuntersetzungen. Sie k\u00f6nnen die Montierung aber auch manuell in jeder Achse bewegen, f\u00fcr schnelles Schwenken in horizontaler und vertikaler Richtung. Das kompakte, aber leistungsstarke Skymax 127 Teleskop ist ideal f\u00fcr die Beobachtung von Doppelsternen, Oberfl\u00e4chen Details des Mondes oder von hellen Planeten. Seine hoch aufl\u00f6sende, langbrennweitige Optik ist Mehrschicht verg\u00fctet f\u00fcr einen maximalen Kontrast und hohe Sch\u00e4rfe. Lieferumfang: Azimutaler AZ5 Montierungskopf Verl\u00e4ngerungss\u00e4ule 2 biegsame Wellen Aluminium Stativ Skymax 127 Maksutov Cassegrain Teleskop Rotlichtsucher 1.25&Prime; Zenitspiegel 10 mm &amp; 25 mm Okular !Stromversorgung und Batterien sind nicht im Lieferumfang enthalten!<br \/>\nAllgemein<\/p>\n<table>\n<tbody>\n<tr>\n<td>Versandgewicht<\/td>\n<td>12.70kg<\/td>\n<\/tr>\n<\/tbody>\n<\/table>\n<table>\n<tbody>\n<tr>\n<td>Versandgr\u00f6\u00dfe<\/td>\n<td>96x44x26cm<\/td>\n<\/tr>\n<\/tbody>\n<\/table>\n<p>Optik<\/p>\n<table>\n<tbody>\n<tr>\n<td>Bauart<\/td>\n<td>Maksutov Cassegrain \/ Spiegelteleskop<\/td>\n<\/tr>\n<\/tbody>\n<\/table>\n<table>\n<tbody>\n<tr>\n<td>Brennweite (mm)<\/td>\n<td>1500<\/td>\n<\/tr>\n<\/tbody>\n<\/table>\n<table>\n<tbody>\n<tr>\n<td>\u00d6ffnung (mm)<\/td>\n<td>127<\/td>\n<\/tr>\n<\/tbody>\n<\/table>\n<table>\n<tbody>\n<tr>\n<td>\u00d6ffnungsverh\u00e4ltnis<\/td>\n<td>f:11.8<\/td>\n<\/tr>\n<\/tbody>\n<\/table>\n<table>\n<tbody>\n<tr>\n<td>Okularauszug<\/td>\n<td>Hauptspiegelfokussierung \/ 1.25&Prime; Okularanschlu\u00df<\/td>\n<\/tr>\n<\/tbody>\n<\/table>\n<table>\n<tbody>\n<tr>\n<td>Tubusgewicht (kg)<\/td>\n<td>3.50<\/td>\n<\/tr>\n<\/tbody>\n<\/table>\n<p>Montierung<\/p>\n<table>\n<tbody>\n<tr>\n<td>Typ<\/td>\n<td>Azimutale manuelle Montierung<\/td>\n<\/tr>\n<\/tbody>\n<\/table>\n<table>\n<tbody>\n<tr>\n<td>Max. Zuladung visuell (kg)<\/td>\n<td>5.00<\/td>\n<\/tr>\n<\/tbody>\n<\/table>\n<table>\n<tbody>\n<tr>\n<td>Max. Zuladung photografisch (kg)<\/td>\n<td>5.00<\/td>\n<\/tr>\n<\/tbody>\n<\/table>\n<table>\n<tbody>\n<tr>\n<td>Montierungsgewicht gesamt (kg)<\/td>\n<td>4.90<\/td>\n<\/tr>\n<\/tbody>\n<\/table>\n","protected":false},"excerpt":{"rendered":"<p>Vielen Dank f\u00fcr Ihren Besuch bei Teleskopshop.ch. <\/p>\n<p>Es freut uns, Ihnen das Produkt <b>Skywatcher Teleskop Skymax 127 AZ5<\/b> zu den nachfolgenden Konditionen anbieten zu d\u00fcrfen.<\/p>\n","protected":false},"featured_media":5582,"comment_status":"closed","ping_status":"closed","template":"","meta":{"_acf_changed":false},"product_brand":[675],"product_cat":[1579,1339,1576,1567],"product_tag":[],"class_list":{"0":"post-61911","1":"product","2":"type-product","3":"status-publish","4":"has-post-thumbnail","6":"product_brand-skywatcher","7":"product_cat-azimutales","8":"product_cat-optique","9":"product_cat-telescope-pour-debutants","10":"product_cat-telescopes-fr","12":"first","13":"instock","14":"sale","15":"taxable","16":"shipping-taxable","17":"purchasable","18":"product-type-simple"},"acf":[],"_links":{"self":[{"href":"https:\/\/www.teleskopshop.ch\/fr\/wp-json\/wp\/v2\/product\/61911","targetHints":{"allow":["GET"]}}],"collection":[{"href":"https:\/\/www.teleskopshop.ch\/fr\/wp-json\/wp\/v2\/product"}],"about":[{"href":"https:\/\/www.teleskopshop.ch\/fr\/wp-json\/wp\/v2\/types\/product"}],"replies":[{"embeddable":true,"href":"https:\/\/www.teleskopshop.ch\/fr\/wp-json\/wp\/v2\/comments?post=61911"}],"wp:featuredmedia":[{"embeddable":true,"href":"https:\/\/www.teleskopshop.ch\/fr\/wp-json\/wp\/v2\/media\/5582"}],"wp:attachment":[{"href":"https:\/\/www.teleskopshop.ch\/fr\/wp-json\/wp\/v2\/media?parent=61911"}],"wp:term":[{"taxonomy":"product_brand","embeddable":true,"href":"https:\/\/www.teleskopshop.ch\/fr\/wp-json\/wp\/v2\/product_brand?post=61911"},{"taxonomy":"product_cat","embeddable":true,"href":"https:\/\/www.teleskopshop.ch\/fr\/wp-json\/wp\/v2\/product_cat?post=61911"},{"taxonomy":"product_tag","embeddable":true,"href":"https:\/\/www.teleskopshop.ch\/fr\/wp-json\/wp\/v2\/product_tag?post=61911"}],"curies":[{"name":"wp","href":"https:\/\/api.w.org\/{rel}","templated":true}]}}