{"id":61905,"date":"2022-05-09T00:00:00","date_gmt":"2022-05-08T22:00:00","guid":{"rendered":"https:\/\/2025.teleskopshop.ch\/shop\/non%20class\u00e9\/skywatcher-teleskop-skyliner-250px-classic\/"},"modified":"2025-10-15T13:36:01","modified_gmt":"2025-10-15T11:36:01","slug":"skywatcher-teleskop-skyliner-250px-classic","status":"publish","type":"product","link":"https:\/\/www.teleskopshop.ch\/fr\/shop\/optique\/telescopes-fr\/telescope-pour-debutants\/azimutales\/skywatcher-teleskop-skyliner-250px-classic\/","title":{"rendered":"T\u00e9lescope Skywatcher Skyliner 250PX Classic"},"content":{"rendered":"<p>L&rsquo;optique du t\u00e9lescope : Le t\u00e9lescope Skywatcher Skyliner 250PX Classic Dobson contient une optique newtonienne parabolique de 254 mm. Avec sa grande ouverture, elle est tr\u00e8s bien adapt\u00e9e \u00e0 l&rsquo;observation d&rsquo;objets du ciel profond, m\u00eame les plus faibles, avec une r\u00e9solution et un contraste \u00e9lev\u00e9s. Mais les plan\u00e8tes, la Lune et tous les autres objets astronomiques du ciel nocturne procurent \u00e9galement beaucoup de plaisir. La monture du t\u00e9lescope : Les t\u00e9lescopes Dobson ont un rapport qualit\u00e9\/prix incroyable. La monture Dobson, introduite par John Dobson dans les ann\u00e9es 1970, est une m\u00e9thode simple mais efficace pour monter un t\u00e9lescope Newton en azimut. Elle est simple et rapide \u00e0 monter et permet un mouvement en altitude et en azimut. Le secret de la monture r\u00e9side dans l&rsquo;\u00e9quilibre pr\u00e9cis du t\u00e9lescope et dans l&rsquo;utilisation de mat\u00e9riaux sp\u00e9ciaux pour la friction, qui permettent un mouvement l\u00e9ger et doux et maintiennent le t\u00e9lescope \u00e0 l&rsquo;arr\u00eat en toute s\u00e9curit\u00e9. Cette monture a \u00e9t\u00e9 con\u00e7ue pour \u00eatre d\u00e9plac\u00e9e \u00e0 la main. Les t\u00e9lescopes Dobson Sky-Watcher offrent d&rsquo;excellentes performances pour l&rsquo;observation de la Lune, des plan\u00e8tes et des objets du ciel profond comme les galaxies et les n\u00e9buleuses. Contenu de la livraison : 254mm Newton Tube du t\u00e9lescope Monture Dobson avec rangement des accessoires Rallonge d&rsquo;oculaire avec raccordement 2&Prime; et 1,25&Prime; Raccordement direct pour appareil photo DSLR Viseur 9&#215;50 Oculaires : 10mm &amp; 25mm !L&rsquo;alimentation et les piles ne sont pas comprises dans la livraison !<br \/>\nG\u00e9n\u00e9ralit\u00e9s<\/p>\n<table>\n<tbody>\n<tr>\n<td>Poids \u00e0 l&rsquo;exp\u00e9dition<\/td>\n<td>33.9kg<\/td>\n<\/tr>\n<\/tbody>\n<\/table>\n<table>\n<tbody>\n<tr>\n<td>Taille d&rsquo;exp\u00e9dition<\/td>\n<td>125x47x52cm \/ 75x67x11.5cm<\/td>\n<\/tr>\n<\/tbody>\n<\/table>\n<p>Optique<\/p>\n<table>\n<tbody>\n<tr>\n<td>Type de construction<\/td>\n<td>Newton \/ T\u00e9lescope \u00e0 miroir<\/td>\n<\/tr>\n<\/tbody>\n<\/table>\n<table>\n<tbody>\n<tr>\n<td>Longueur focale (mm)<\/td>\n<td>1250<\/td>\n<\/tr>\n<\/tbody>\n<\/table>\n<table>\n<tbody>\n<tr>\n<td>Ouverture (mm)<\/td>\n<td>254<\/td>\n<\/tr>\n<\/tbody>\n<\/table>\n<table>\n<tbody>\n<tr>\n<td>Rapport d&rsquo;ouverture<\/td>\n<td>f:5<\/td>\n<\/tr>\n<\/tbody>\n<\/table>\n<table>\n<tbody>\n<tr>\n<td>Porte-oculaire<\/td>\n<td>2&Prime;<\/td>\n<\/tr>\n<\/tbody>\n<\/table>\n<table>\n<tbody>\n<tr>\n<td>Poids du tube (kg)<\/td>\n<td>12.00<\/td>\n<\/tr>\n<\/tbody>\n<\/table>\n<p>Monture<\/p>\n<table>\n<tbody>\n<tr>\n<td>Type<\/td>\n<td>Monture Dobson azimutale<\/td>\n<\/tr>\n<\/tbody>\n<\/table>\n","protected":false},"excerpt":{"rendered":"<p>Nous vous remercions de votre visite sur Teleskopshop.ch.<\/p>\n<p>Nous sommes heureux de pouvoir vous proposer le produit <b>Skywatcher Teleskop Skyliner 250PX Classic<\/b> aux conditions suivantes.<\/p>\n","protected":false},"featured_media":5534,"comment_status":"closed","ping_status":"closed","template":"","meta":{"_acf_changed":false},"product_brand":[675],"product_cat":[1579,1573,1339,1576,1567],"product_tag":[],"class_list":{"0":"post-61905","1":"product","2":"type-product","3":"status-publish","4":"has-post-thumbnail","6":"product_brand-skywatcher","7":"product_cat-azimutales","8":"product_cat-dobsen-fr","9":"product_cat-optique","10":"product_cat-telescope-pour-debutants","11":"product_cat-telescopes-fr","13":"first","14":"instock","15":"sale","16":"taxable","17":"shipping-taxable","18":"purchasable","19":"product-type-simple"},"acf":[],"_links":{"self":[{"href":"https:\/\/www.teleskopshop.ch\/fr\/wp-json\/wp\/v2\/product\/61905","targetHints":{"allow":["GET"]}}],"collection":[{"href":"https:\/\/www.teleskopshop.ch\/fr\/wp-json\/wp\/v2\/product"}],"about":[{"href":"https:\/\/www.teleskopshop.ch\/fr\/wp-json\/wp\/v2\/types\/product"}],"replies":[{"embeddable":true,"href":"https:\/\/www.teleskopshop.ch\/fr\/wp-json\/wp\/v2\/comments?post=61905"}],"wp:featuredmedia":[{"embeddable":true,"href":"https:\/\/www.teleskopshop.ch\/fr\/wp-json\/wp\/v2\/media\/5534"}],"wp:attachment":[{"href":"https:\/\/www.teleskopshop.ch\/fr\/wp-json\/wp\/v2\/media?parent=61905"}],"wp:term":[{"taxonomy":"product_brand","embeddable":true,"href":"https:\/\/www.teleskopshop.ch\/fr\/wp-json\/wp\/v2\/product_brand?post=61905"},{"taxonomy":"product_cat","embeddable":true,"href":"https:\/\/www.teleskopshop.ch\/fr\/wp-json\/wp\/v2\/product_cat?post=61905"},{"taxonomy":"product_tag","embeddable":true,"href":"https:\/\/www.teleskopshop.ch\/fr\/wp-json\/wp\/v2\/product_tag?post=61905"}],"curies":[{"name":"wp","href":"https:\/\/api.w.org\/{rel}","templated":true}]}}