{"id":61902,"date":"2022-05-09T00:00:00","date_gmt":"2022-05-08T22:00:00","guid":{"rendered":"https:\/\/2025.teleskopshop.ch\/shop\/non%20class\u00e9\/skywatcher-teleskop-skyliner-200p-classic\/"},"modified":"2025-02-24T10:16:17","modified_gmt":"2025-02-24T09:16:17","slug":"skywatcher-teleskop-skyliner-200p-classic","status":"publish","type":"product","link":"https:\/\/www.teleskopshop.ch\/fr\/shop\/optique\/telescopes-fr\/telescope-pour-debutants\/azimutales\/skywatcher-teleskop-skyliner-200p-classic\/","title":{"rendered":"Skywatcher Teleskop Skyliner 200P Classic"},"content":{"rendered":"<p>Die Teleskop Optik: Das Skywatcher Skyliner 200P Classic Dobson Teleskop enth\u00e4lt eine 203 mm parbolische Newton Optik. Er ist sehr gut geeignet um Mond und Planeten, aber auch viele Deep Sky Objekte und vieles mehr an unserem Nachthimmel zu beobachten. Die Teleskop Montierung: Dobson Teleskope haben ein unglaublich gutes Preis-Leistungsverh\u00e4ltnis. Die Dobson Montierung wurde von John Dobson in den 1970er Jahren eingef\u00fchrt und ist eine einfache aber effiziente Methode, ein Newton Teleskop azimutal zu montieren. Es ist einfach und schnell aufzubauen und erlaubt eine Bewegung in Altitude (H\u00f6he) und Azimut. Das Geheimnis der Montierung ist dabei die exakte Balance des Teleskopes und die Verwendung von speziellen Materialien f\u00fcr die Friktion die eine leichte, sanfte Bewegung zulassen und das Teleskop sicher im Stillstand halten. Diese Montierung wurde f\u00fcr die Bewegung von Hand entwickelt. Sky-Watcher Dobson Teleskope bieten eine excellente Performance bei der Beobachtung von Mond, Planeten und Deep Sky Objekten wie Galaxien und Nebeln. Lieferumfang: 203mm Newton Teleskoptubus Dobson Montierung mit Zubeh\u00f6rablage Okularauszug mit 2\u201c und 1,25\u201c Anschlu\u00df Direkter Anschlu\u00df f\u00fcr DSLR Kamera 9&#215;50 Sucher Okulare: 10mm &amp; 25mm !Stromversorgung und Batterien sind nicht im Lieferumfang enthalten!<br \/>\nAllgemein<\/p>\n<table>\n<tbody>\n<tr>\n<td>Versandgewicht<\/td>\n<td>28kg<\/td>\n<\/tr>\n<\/tbody>\n<\/table>\n<table>\n<tbody>\n<tr>\n<td>Versandgr\u00f6\u00dfe<\/td>\n<td>123x39x45cm \/ 76x67x11.5cm<\/td>\n<\/tr>\n<\/tbody>\n<\/table>\n<p>Optik<\/p>\n<table>\n<tbody>\n<tr>\n<td>Bauart<\/td>\n<td>Newton \/ Spiegelteleskop<\/td>\n<\/tr>\n<\/tbody>\n<\/table>\n<table>\n<tbody>\n<tr>\n<td>Brennweite (mm)<\/td>\n<td>1200<\/td>\n<\/tr>\n<\/tbody>\n<\/table>\n<table>\n<tbody>\n<tr>\n<td>\u00d6ffnung (mm)<\/td>\n<td>203<\/td>\n<\/tr>\n<\/tbody>\n<\/table>\n<table>\n<tbody>\n<tr>\n<td>\u00d6ffnungsverh\u00e4ltnis<\/td>\n<td>f:5.91<\/td>\n<\/tr>\n<\/tbody>\n<\/table>\n<table>\n<tbody>\n<tr>\n<td>Okularauszug<\/td>\n<td>2&Prime;<\/td>\n<\/tr>\n<\/tbody>\n<\/table>\n<table>\n<tbody>\n<tr>\n<td>Tubusgewicht (kg)<\/td>\n<td>13.00<\/td>\n<\/tr>\n<\/tbody>\n<\/table>\n<p>Montierung<\/p>\n<table>\n<tbody>\n<tr>\n<td>Typ<\/td>\n<td>Azimutale Dobson Montierung<\/td>\n<\/tr>\n<\/tbody>\n<\/table>\n<table>\n<tbody>\n<tr>\n<td>Montierungsgewicht gesamt (kg)<\/td>\n<td>15.00<\/td>\n<\/tr>\n<\/tbody>\n<\/table>\n","protected":false},"excerpt":{"rendered":"<p>Vielen Dank f\u00fcr Ihren Besuch bei Teleskopshop.ch.<\/p>\n<p>Es freut uns, Ihnen das Produkt <b>Skywatcher Teleskop Skyliner 200P Classic<\/b> zu den nachfolgenden Konditionen anbieten zu d\u00fcrfen.<\/p>\n","protected":false},"featured_media":5442,"comment_status":"closed","ping_status":"closed","template":"","meta":{"_acf_changed":false},"product_brand":[675],"product_cat":[1579,1573,1339,1576,1567],"product_tag":[],"class_list":{"0":"post-61902","1":"product","2":"type-product","3":"status-publish","4":"has-post-thumbnail","6":"product_brand-skywatcher","7":"product_cat-azimutales","8":"product_cat-dobsen-fr","9":"product_cat-optique","10":"product_cat-telescope-pour-debutants","11":"product_cat-telescopes-fr","13":"first","14":"instock","15":"sale","16":"taxable","17":"shipping-taxable","18":"purchasable","19":"product-type-simple"},"acf":[],"_links":{"self":[{"href":"https:\/\/www.teleskopshop.ch\/fr\/wp-json\/wp\/v2\/product\/61902","targetHints":{"allow":["GET"]}}],"collection":[{"href":"https:\/\/www.teleskopshop.ch\/fr\/wp-json\/wp\/v2\/product"}],"about":[{"href":"https:\/\/www.teleskopshop.ch\/fr\/wp-json\/wp\/v2\/types\/product"}],"replies":[{"embeddable":true,"href":"https:\/\/www.teleskopshop.ch\/fr\/wp-json\/wp\/v2\/comments?post=61902"}],"wp:featuredmedia":[{"embeddable":true,"href":"https:\/\/www.teleskopshop.ch\/fr\/wp-json\/wp\/v2\/media\/5442"}],"wp:attachment":[{"href":"https:\/\/www.teleskopshop.ch\/fr\/wp-json\/wp\/v2\/media?parent=61902"}],"wp:term":[{"taxonomy":"product_brand","embeddable":true,"href":"https:\/\/www.teleskopshop.ch\/fr\/wp-json\/wp\/v2\/product_brand?post=61902"},{"taxonomy":"product_cat","embeddable":true,"href":"https:\/\/www.teleskopshop.ch\/fr\/wp-json\/wp\/v2\/product_cat?post=61902"},{"taxonomy":"product_tag","embeddable":true,"href":"https:\/\/www.teleskopshop.ch\/fr\/wp-json\/wp\/v2\/product_tag?post=61902"}],"curies":[{"name":"wp","href":"https:\/\/api.w.org\/{rel}","templated":true}]}}