{"id":61893,"date":"2022-05-09T00:00:00","date_gmt":"2022-05-08T22:00:00","guid":{"rendered":"https:\/\/2025.teleskopshop.ch\/shop\/non%20class\u00e9\/skywatcher-teleskop-mercury-705\/"},"modified":"2025-01-25T11:56:21","modified_gmt":"2025-01-25T10:56:21","slug":"skywatcher-teleskop-mercury-705","status":"publish","type":"product","link":"https:\/\/www.teleskopshop.ch\/fr\/shop\/optique\/telescopes-fr\/telescope-pour-debutants\/azimutales\/skywatcher-teleskop-mercury-705\/","title":{"rendered":"T\u00e9lescope Skywatcher Mercure 705"},"content":{"rendered":"<p>L&rsquo;optique du t\u00e9lescope : T\u00e9lescope id\u00e9al pour l&rsquo;observation d&rsquo;objets terrestres de jour mais aussi d&rsquo;objets du ciel profond en observation astronomique. Le Skywatcher Mercury-705 est un r\u00e9fracteur achromatique \u00e0 2 \u00e9l\u00e9ments, utile pour les observations \u00e0 grand champ des com\u00e8tes, des champs d&rsquo;\u00e9toiles, des amas d&rsquo;\u00e9toiles, des n\u00e9buleuses, des galaxies brillantes, mais aussi des plan\u00e8tes, de la lune et du soleil (uniquement avec des filtres !), mais aussi l&rsquo;observation de la nature, a fait ses preuves. La monture du t\u00e9lescope : La monture azimutale AZ3 intuitive et facile \u00e0 utiliser offre une grande stabilit\u00e9 et un contr\u00f4le pr\u00e9cis du t\u00e9lescope via deux axes de r\u00e9glage flexibles dans les directions horizontale et verticale. Contenu de la livraison : T\u00e9lescope r\u00e9fracteur 70 mm Sky-Watcher Monture AZ3 Viseur \u00e0 point rouge 1,25&Prime; 45\u00b0 Oculaires \u00e0 prisme Amici : tr\u00e9pied en aluminium 10 mm et 25 mm avec plaque de rangement ! L&rsquo;alimentation et les piles ne sont pas incluses !<\/p>\n<p>G\u00e9n\u00e9ralit\u00e9s<\/p>\n<table>\n<tr>\n<td>Poids<\/td>\n<p> d&rsquo;exp\u00e9dition <\/p>\n<td>8,4 kg<\/td>\n<\/tr>\n<\/table>\n<table>\n<tr>\n<td>Taille<\/td>\n<p> d&rsquo;exp\u00e9dition <\/p>\n<td>95x37x23.5cm<\/td>\n<\/tr>\n<\/table>\n<p>Optique<\/p>\n<table>\n<tr>\n<td>Type<\/td>\n<td>de r\u00e9fracteur achromatique<\/td>\n<\/tr>\n<\/table>\n<table>\n<tr>\n<td>Distance focale (mm)<\/td>\n<td>500<\/td>\n<\/tr>\n<\/table>\n<table>\n<tr>\n<td>Ouverture (mm)<\/td>\n<td>70<\/td>\n<\/tr>\n<\/table>\n<table>\n<tr>\n<td>Ouverture<\/td>\n<td>f:7.14<\/td>\n<\/tr>\n<\/table>\n<table>\n<tr>\n<td>Mise au point<\/td>\n<td>1.25&Prime;<\/td>\n<\/tr>\n<\/table>\n<table>\n<tr>\n<td>Poids du tube (kg)<\/td>\n<td>1,30<\/td>\n<\/tr>\n<\/table>\n<\/td>\n<td>Monter<\/p>\n<table>\n<tr>\n<td>Type<\/td>\n<td>Montage manuel en azimut AZ3<\/td>\n<\/tr>\n<\/table>\n<table>\n<tr>\n<td>Max. Charge utile visuelle (kg)<\/td>\n<td>5.00<\/td>\n<\/tr>\n<\/table>\n<table>\n<tr>\n<td>Poids total du support (kg)<\/td>\n<td>3,90<\/td>\n<\/tr>\n<\/table>\n","protected":false},"excerpt":{"rendered":"<p>T\u00e9lescope r\u00e9fracteur Skywatcher 70 mm (2,75&Prime;) F\/500 avec monture Azimuth AZ3<\/p>\n","protected":false},"featured_media":5430,"comment_status":"closed","ping_status":"open","template":"","meta":{"_acf_changed":false},"product_brand":[675],"product_cat":[1579,1339,1576,1567],"product_tag":[],"class_list":{"0":"post-61893","1":"product","2":"type-product","3":"status-publish","4":"has-post-thumbnail","6":"product_brand-skywatcher","7":"product_cat-azimutales","8":"product_cat-optique","9":"product_cat-telescope-pour-debutants","10":"product_cat-telescopes-fr","12":"first","13":"instock","14":"taxable","15":"shipping-taxable","16":"purchasable","17":"product-type-simple"},"acf":[],"_links":{"self":[{"href":"https:\/\/www.teleskopshop.ch\/fr\/wp-json\/wp\/v2\/product\/61893","targetHints":{"allow":["GET"]}}],"collection":[{"href":"https:\/\/www.teleskopshop.ch\/fr\/wp-json\/wp\/v2\/product"}],"about":[{"href":"https:\/\/www.teleskopshop.ch\/fr\/wp-json\/wp\/v2\/types\/product"}],"replies":[{"embeddable":true,"href":"https:\/\/www.teleskopshop.ch\/fr\/wp-json\/wp\/v2\/comments?post=61893"}],"wp:featuredmedia":[{"embeddable":true,"href":"https:\/\/www.teleskopshop.ch\/fr\/wp-json\/wp\/v2\/media\/5430"}],"wp:attachment":[{"href":"https:\/\/www.teleskopshop.ch\/fr\/wp-json\/wp\/v2\/media?parent=61893"}],"wp:term":[{"taxonomy":"product_brand","embeddable":true,"href":"https:\/\/www.teleskopshop.ch\/fr\/wp-json\/wp\/v2\/product_brand?post=61893"},{"taxonomy":"product_cat","embeddable":true,"href":"https:\/\/www.teleskopshop.ch\/fr\/wp-json\/wp\/v2\/product_cat?post=61893"},{"taxonomy":"product_tag","embeddable":true,"href":"https:\/\/www.teleskopshop.ch\/fr\/wp-json\/wp\/v2\/product_tag?post=61893"}],"curies":[{"name":"wp","href":"https:\/\/api.w.org\/{rel}","templated":true}]}}