{"id":61890,"date":"2022-05-09T00:00:00","date_gmt":"2022-05-08T22:00:00","guid":{"rendered":"https:\/\/2025.teleskopshop.ch\/shop\/non%20class\u00e9\/skywatcher-teleskop-mercury-607\/"},"modified":"2025-01-25T11:56:19","modified_gmt":"2025-01-25T10:56:19","slug":"skywatcher-teleskop-mercury-607","status":"publish","type":"product","link":"https:\/\/www.teleskopshop.ch\/fr\/shop\/optique\/telescopes-fr\/telescope-pour-debutants\/azimutales\/skywatcher-teleskop-mercury-607\/","title":{"rendered":"T\u00e9lescope Skywatcher Mercure 607"},"content":{"rendered":"<p>L&rsquo;optique du t\u00e9lescope : Le tr\u00e8s recommand\u00e9 t\u00e9lescope r\u00e9fracteur Skywatcher Mercury-607 permet aux jeunes astronomes amateurs de faire leurs premiers pas dans le monde fascinant de l&rsquo;astronomie. Il se distingue de la plupart des autres t\u00e9lescopes pour d\u00e9butants de ce type sur le march\u00e9 en \u00e9tant mieux \u00e9quip\u00e9 d&rsquo;oculaires de 1,25&Prime; (au lieu de petits oculaires de 0,96&Prime;), et ceux-ci ont \u00e9t\u00e9 sp\u00e9cialement s\u00e9lectionn\u00e9s pour \u00e9viter des grossissements inutilement \u00e9lev\u00e9s et inutiles. La monture du t\u00e9lescope : La monture azimutale permet au t\u00e9lescope d&rsquo;\u00eatre d\u00e9plac\u00e9 librement horizontalement et verticalement, mais aussi d&rsquo;\u00eatre ajust\u00e9 pr\u00e9cis\u00e9ment en hauteur avec des r\u00e9glages fins. Les objets d&rsquo;observation recommand\u00e9s sont la lune, les \u00e9toiles et les plan\u00e8tes lumineuses, mais aussi d&rsquo;autres objets du ciel nocturne. Cependant, les objets terrestres peuvent \u00e9galement \u00eatre tr\u00e8s bien vus. Contenu de la livraison : T\u00e9lescope r\u00e9fracteur 60 mm Monture Sky-Watcher AZ Viseur 5&#215;24 Diagonale \u00e9toile 1,25&Prime; Oculaires : 10 mm et 25 mm 2x Lentille de Barlow Tr\u00e9pied en aluminium avec plaque de rangement ! L&rsquo;alimentation et les piles ne sont pas incluses dans la livraison !<br \/>\nG\u00e9n\u00e9ralit\u00e9s<\/p>\n<table>\n<tbody>\n<tr>\n<td>Poids \u00e0 l\u2019exp\u00e9dition<\/td>\n<td>4,6 kg<\/td>\n<\/tr>\n<\/tbody>\n<\/table>\n<table>\n<tbody>\n<tr>\n<td>Taille de l\u2019exp\u00e9dition<\/td>\n<td>95&#215;28.5&#215;17.5cm<\/td>\n<\/tr>\n<\/tbody>\n<\/table>\n<p>Optique<\/p>\n<table>\n<tbody>\n<tr>\n<td>Concevoir<\/td>\n<td>R\u00e9fracteur achromatique<\/td>\n<\/tr>\n<\/tbody>\n<\/table>\n<table>\n<tbody>\n<tr>\n<td>Distance focale (mm)<\/td>\n<td>700<\/td>\n<\/tr>\n<\/tbody>\n<\/table>\n<table>\n<tbody>\n<tr>\n<td>Ouverture (mm)<\/td>\n<td>60<\/td>\n<\/tr>\n<\/tbody>\n<\/table>\n<table>\n<tbody>\n<tr>\n<td>Rapport focal<\/td>\n<td>f:11.66<\/td>\n<\/tr>\n<\/tbody>\n<\/table>\n<table>\n<tbody>\n<tr>\n<td>Mise au point<\/td>\n<td>1.25&Prime;<\/td>\n<\/tr>\n<\/tbody>\n<\/table>\n<table>\n<tbody>\n<tr>\n<td>Poids du tube (kg)<\/td>\n<td>0.80<\/td>\n<\/tr>\n<\/tbody>\n<\/table>\n<p>Monter<\/p>\n<table>\n<tbody>\n<tr>\n<td>Type<\/td>\n<td>Monture manuelle azimutale AZ2<\/td>\n<\/tr>\n<\/tbody>\n<\/table>\n<table>\n<tbody>\n<tr>\n<td>Max. Charge utile visuelle (kg)<\/td>\n<td>2.00<\/td>\n<\/tr>\n<\/tbody>\n<\/table>\n<table>\n<tbody>\n<tr>\n<td>Poids total de la monture (kg)<\/td>\n<td>1.50<\/td>\n<\/tr>\n<\/tbody>\n<\/table>\n","protected":false},"excerpt":{"rendered":"<p>T\u00e9lescope r\u00e9fracteur Skywatcher 60 mm (2,4&Prime;) F\/700 avec monture Azimuth AZ2<\/p>\n","protected":false},"featured_media":5426,"comment_status":"closed","ping_status":"open","template":"","meta":{"_acf_changed":false},"product_brand":[675],"product_cat":[1579,1339,1576,1567],"product_tag":[],"class_list":{"0":"post-61890","1":"product","2":"type-product","3":"status-publish","4":"has-post-thumbnail","6":"product_brand-skywatcher","7":"product_cat-azimutales","8":"product_cat-optique","9":"product_cat-telescope-pour-debutants","10":"product_cat-telescopes-fr","12":"first","13":"instock","14":"taxable","15":"shipping-taxable","16":"purchasable","17":"product-type-simple"},"acf":[],"_links":{"self":[{"href":"https:\/\/www.teleskopshop.ch\/fr\/wp-json\/wp\/v2\/product\/61890","targetHints":{"allow":["GET"]}}],"collection":[{"href":"https:\/\/www.teleskopshop.ch\/fr\/wp-json\/wp\/v2\/product"}],"about":[{"href":"https:\/\/www.teleskopshop.ch\/fr\/wp-json\/wp\/v2\/types\/product"}],"replies":[{"embeddable":true,"href":"https:\/\/www.teleskopshop.ch\/fr\/wp-json\/wp\/v2\/comments?post=61890"}],"wp:featuredmedia":[{"embeddable":true,"href":"https:\/\/www.teleskopshop.ch\/fr\/wp-json\/wp\/v2\/media\/5426"}],"wp:attachment":[{"href":"https:\/\/www.teleskopshop.ch\/fr\/wp-json\/wp\/v2\/media?parent=61890"}],"wp:term":[{"taxonomy":"product_brand","embeddable":true,"href":"https:\/\/www.teleskopshop.ch\/fr\/wp-json\/wp\/v2\/product_brand?post=61890"},{"taxonomy":"product_cat","embeddable":true,"href":"https:\/\/www.teleskopshop.ch\/fr\/wp-json\/wp\/v2\/product_cat?post=61890"},{"taxonomy":"product_tag","embeddable":true,"href":"https:\/\/www.teleskopshop.ch\/fr\/wp-json\/wp\/v2\/product_tag?post=61890"}],"curies":[{"name":"wp","href":"https:\/\/api.w.org\/{rel}","templated":true}]}}