{"id":61869,"date":"2022-05-09T00:00:00","date_gmt":"2022-05-08T22:00:00","guid":{"rendered":"https:\/\/2025.teleskopshop.ch\/shop\/non%20class\u00e9\/skywatcher-teleskop-explorer-130ps-az5\/"},"modified":"2025-03-03T09:40:10","modified_gmt":"2025-03-03T08:40:10","slug":"skywatcher-teleskop-explorer-130ps-az5","status":"publish","type":"product","link":"https:\/\/www.teleskopshop.ch\/fr\/shop\/optique\/telescopes-fr\/telescope-pour-debutants\/azimutales\/skywatcher-teleskop-explorer-130ps-az5\/","title":{"rendered":"Skywatcher Teleskop Explorer 130PS AZ5"},"content":{"rendered":"<p>Die ideale, unkomplizierte Montierung zum immer dabei haben, sowohl f\u00fcr die bequeme und einfache visuelle Astronomische Beobachtung, als auch f\u00fcr Terrestrische Beobachtungen am Tage perfekt geeignet! Mit einem 130 mm Explorer 130PS Newton Teleskop im Bundle. Die azimutale AZ5 Deluxe Montierung wurde aus solidem Aluminium Guss gefertigt f\u00fcr kleinere Teleskope mit bis zu 5 kg Gewicht, die sich mit einer Vixen \/ Skywatcher Norm Schwalbenschwanzschiene einfach befestigen lassen. Sie k\u00f6nnen aber auch andere Ger\u00e4te mit einem optional erh\u00e4ltlichen L-Halter verwenden. Sie wird mit einem Aluminium Stativ geliefert, das sich stufenlos in jeder H\u00f6he arretieren l\u00e4sst sowie einer kurzen Verl\u00e4ngerungss\u00e4ule. Enthalten sind zus\u00e4tzlich zwei biegsame Wellen zur Bet\u00e4tigung der Feinuntersetzungen. Sie k\u00f6nnen die Montierung aber auch manuell in jeder Achse bewegen, f\u00fcr schnelles Schwenken in horizontaler und vertikaler Richtung. Mit seinem leistungsf\u00e4higen, superben 130 mm Parabol Spiegel ist der Explorer 130PS ein vielseitiger Allrounder f\u00fcr die Beobachtung von Mond, hellen Planeten aber auch Nebeln, Galaxien und Sternhaufen. Lieferumfang: Azimutaler AZ5 Montierungskopf Verl\u00e4ngerungss\u00e4ule 2 biegsame Wellen Aluminium Stativ Explorer 130PS Newton Teleskop Rotlichtsucher 10 mm &amp; 25 mm Okular !Stromversorgung und Batterien sind nicht im Lieferumfang enthalten!<br \/>\nAllgemein<\/p>\n<table>\n<tbody>\n<tr>\n<td>Versandgewicht<\/td>\n<td>12.20kg<\/td>\n<\/tr>\n<\/tbody>\n<\/table>\n<table>\n<tbody>\n<tr>\n<td>Versandgr\u00f6\u00dfe<\/td>\n<td>96x51x27cm<\/td>\n<\/tr>\n<\/tbody>\n<\/table>\n<p>Optik<\/p>\n<table>\n<tbody>\n<tr>\n<td>Bauart<\/td>\n<td>Newton \/ Spiegelteleskop<\/td>\n<\/tr>\n<\/tbody>\n<\/table>\n<table>\n<tbody>\n<tr>\n<td>Brennweite (mm)<\/td>\n<td>650<\/td>\n<\/tr>\n<\/tbody>\n<\/table>\n<table>\n<tbody>\n<tr>\n<td>\u00d6ffnung (mm)<\/td>\n<td>130<\/td>\n<\/tr>\n<\/tbody>\n<\/table>\n<table>\n<tbody>\n<tr>\n<td>\u00d6ffnungsverh\u00e4ltnis<\/td>\n<td>f:5.0<\/td>\n<\/tr>\n<\/tbody>\n<\/table>\n<table>\n<tbody>\n<tr>\n<td>Okularauszug<\/td>\n<td>1.25&Prime; Zahnstangenauszug<\/td>\n<\/tr>\n<\/tbody>\n<\/table>\n<table>\n<tbody>\n<tr>\n<td>Tubusgewicht (kg)<\/td>\n<td>2.70<\/td>\n<\/tr>\n<\/tbody>\n<\/table>\n<p>Montierung<\/p>\n<table>\n<tbody>\n<tr>\n<td>Typ<\/td>\n<td>Azimutale manuelle Montierung<\/td>\n<\/tr>\n<\/tbody>\n<\/table>\n<table>\n<tbody>\n<tr>\n<td>Max. Zuladung visuell (kg)<\/td>\n<td>5.00<\/td>\n<\/tr>\n<\/tbody>\n<\/table>\n<table>\n<tbody>\n<tr>\n<td>Max. Zuladung photografisch (kg)<\/td>\n<td>5.00<\/td>\n<\/tr>\n<\/tbody>\n<\/table>\n<table>\n<tbody>\n<tr>\n<td>Montierungsgewicht gesamt (kg)<\/td>\n<td>4.90<\/td>\n<\/tr>\n<\/tbody>\n<\/table>\n","protected":false},"excerpt":{"rendered":"<p>Vielen Dank f\u00fcr Ihren Besuch bei Teleskopshop.ch. <\/p>\n<p>Es freut uns, Ihnen das Produkt <b>Skywatcher Teleskop Explorer 130PS AZ5<\/b> zu den nachfolgenden Konditionen anbieten zu d\u00fcrfen.<\/p>\n","protected":false},"featured_media":5314,"comment_status":"closed","ping_status":"closed","template":"","meta":{"_acf_changed":false},"product_brand":[675],"product_cat":[1579,1339,1576,1567],"product_tag":[],"class_list":{"0":"post-61869","1":"product","2":"type-product","3":"status-publish","4":"has-post-thumbnail","6":"product_brand-skywatcher","7":"product_cat-azimutales","8":"product_cat-optique","9":"product_cat-telescope-pour-debutants","10":"product_cat-telescopes-fr","12":"first","13":"instock","14":"sale","15":"taxable","16":"shipping-taxable","17":"purchasable","18":"product-type-simple"},"acf":[],"_links":{"self":[{"href":"https:\/\/www.teleskopshop.ch\/fr\/wp-json\/wp\/v2\/product\/61869","targetHints":{"allow":["GET"]}}],"collection":[{"href":"https:\/\/www.teleskopshop.ch\/fr\/wp-json\/wp\/v2\/product"}],"about":[{"href":"https:\/\/www.teleskopshop.ch\/fr\/wp-json\/wp\/v2\/types\/product"}],"replies":[{"embeddable":true,"href":"https:\/\/www.teleskopshop.ch\/fr\/wp-json\/wp\/v2\/comments?post=61869"}],"wp:featuredmedia":[{"embeddable":true,"href":"https:\/\/www.teleskopshop.ch\/fr\/wp-json\/wp\/v2\/media\/5314"}],"wp:attachment":[{"href":"https:\/\/www.teleskopshop.ch\/fr\/wp-json\/wp\/v2\/media?parent=61869"}],"wp:term":[{"taxonomy":"product_brand","embeddable":true,"href":"https:\/\/www.teleskopshop.ch\/fr\/wp-json\/wp\/v2\/product_brand?post=61869"},{"taxonomy":"product_cat","embeddable":true,"href":"https:\/\/www.teleskopshop.ch\/fr\/wp-json\/wp\/v2\/product_cat?post=61869"},{"taxonomy":"product_tag","embeddable":true,"href":"https:\/\/www.teleskopshop.ch\/fr\/wp-json\/wp\/v2\/product_tag?post=61869"}],"curies":[{"name":"wp","href":"https:\/\/api.w.org\/{rel}","templated":true}]}}