{"id":61866,"date":"2022-05-09T00:00:00","date_gmt":"2022-05-08T22:00:00","guid":{"rendered":"https:\/\/2025.teleskopshop.ch\/shop\/non%20class\u00e9\/skywatcher-teleskop-explorer-130ps-az-pronto\/"},"modified":"2025-01-25T11:48:45","modified_gmt":"2025-01-25T10:48:45","slug":"skywatcher-teleskop-explorer-130ps-az-pronto","status":"publish","type":"product","link":"https:\/\/www.teleskopshop.ch\/fr\/shop\/optique\/telescopes-fr\/telescope-pour-debutants\/azimutales\/skywatcher-teleskop-explorer-130ps-az-pronto\/","title":{"rendered":"Skywatcher T\u00e9lescope Explorer 130HP AZ Pronto"},"content":{"rendered":"<p>Le support de t\u00e9lescope id\u00e9al et simple \u00e0 avoir toujours avec vous pour l&rsquo;astronomie et l&rsquo;observation de la nature dans un ensemble avec le t\u00e9lescope Explorer 130PS compact mais puissant. La monture Skywatcher AZ Pronto est une monture azimutale tr\u00e8s l\u00e9g\u00e8re et portable en fonte d&rsquo;aluminium solide pour les petits t\u00e9lescopes jusqu&rsquo;\u00e0 3 kg \u00e9quip\u00e9s d&rsquo;un rail \u00e0 queue d&rsquo;aronde standard Vixen \/ Skywatcher. Les pieds extensibles du tr\u00e9pied en aluminium peuvent \u00eatre fix\u00e9s \u00e0 n&rsquo;importe quelle hauteur gr\u00e2ce aux pinces rapides int\u00e9gr\u00e9es. Le support est \u00e9quip\u00e9 de 2 arbres flexibles qui permettent un r\u00e9glage sensible dans les directions horizontale et verticale. Les tiges peuvent chacune \u00eatre mont\u00e9es de chaque c\u00f4t\u00e9 pour offrir une position confortable, selon que vous ayez une lunette ou un t\u00e9lescope \u00e0 r\u00e9flexion mont\u00e9.Vous pouvez \u00e9galement faire pivoter le t\u00e9lescope directement, ce qui vous permet de localiser un objet plus rapidement. Vous pouvez ensuite facilement suivre les objets avec les arbres flexibles. Vous pouvez utiliser cette monture tr\u00e8s confortable et de haute qualit\u00e9, facilement transportable, aussi bien pour l&rsquo;observation terrestre que pour l&rsquo;astronomie. Avec son puissant et superbe miroir parabolique de 130 mm, l&rsquo;Explorer 130PS est un polyvalent polyvalent pour observer la lune, les plan\u00e8tes brillantes, mais aussi les n\u00e9buleuses, les galaxies et les amas d&rsquo;\u00e9toiles. Contenu de la livraison: T\u00eate de montage azimutale AZ Pronto Colonne d&rsquo;extension Tr\u00e9pied en aluminium 2 arbres flexibles T\u00e9lescope newtonien Explorer 130PS Viseur de lumi\u00e8re rouge Oculaire 10 mm et 25 mm L&rsquo;alimentation et les piles ne sont pas incluses!<\/p>\n<p>G\u00e9n\u00e9ral<\/p>\n<table>\n<tr>\n<td>Poids<\/td>\n<p> d&rsquo;exp\u00e9dition <\/p>\n<td>10,50 kg<\/td>\n<\/tr>\n<\/table>\n<table>\n<tr>\n<td>Taille<\/td>\n<p> d&rsquo;exp\u00e9dition <\/p>\n<td>92x51x27cm<\/td>\n<\/tr>\n<\/table>\n<p>optique<\/p>\n<table>\n<tr>\n<td>Type<\/td>\n<td>Newton \/ t\u00e9lescope \u00e0 r\u00e9flexion<\/td>\n<\/tr>\n<\/table>\n<table>\n<tr>\n<td>Distance focale (mm)<\/td>\n<td>650<\/td>\n<\/tr>\n<\/table>\n<table>\n<tr>\n<td>Ouverture (mm)<\/td>\n<td>130<\/td>\n<\/tr>\n<\/table>\n<table>\n<tr>\n<td>Ouverture<\/td>\n<td>f:5.0<\/td>\n<\/tr>\n<\/table>\n<table>\n<tr>Mise au point \u00e0 <\/p>\n<td>cr\u00e9maill\u00e8re<\/td>\n<td>1,25&Prime;<\/td>\n<\/tr>\n<\/table>\n<table>\n<tr>\n<td>Poids du tube (kg)<\/td>\n<td>2,70<\/td>\n<\/tr>\n<\/table>\n<\/td>\n<td>monter<\/p>\n<table>\n<tr>\n<td>Type<\/td>\n<td>Montage manuel en azimut<\/td>\n<\/tr>\n<\/table>\n<table>\n<tr>\n<td>Max. Charge utile visuelle (kg)<\/td>\n<td>3.00<\/td>\n<\/tr>\n<\/table>\n<table>\n<tr>\n<td>Max. Charge photographique (kg)<\/td>\n<td>3.00<\/td>\n<\/tr>\n<\/table>\n<table>\n<tr>\n<td>Poids total de la monture (kg)<\/td>\n<td>3,85<\/td>\n<\/tr>\n<\/table>\n","protected":false},"excerpt":{"rendered":"<p>T\u00e9lescope Skywatcher Newton Explorer 130PS avec monture Azimuth AZ Pronto<\/p>\n","protected":false},"featured_media":5398,"comment_status":"closed","ping_status":"open","template":"","meta":{"_acf_changed":false},"product_brand":[675],"product_cat":[1579,1339,1576,1567],"product_tag":[],"class_list":{"0":"post-61866","1":"product","2":"type-product","3":"status-publish","4":"has-post-thumbnail","6":"product_brand-skywatcher","7":"product_cat-azimutales","8":"product_cat-optique","9":"product_cat-telescope-pour-debutants","10":"product_cat-telescopes-fr","12":"first","13":"instock","14":"taxable","15":"shipping-taxable","16":"purchasable","17":"product-type-simple"},"acf":[],"_links":{"self":[{"href":"https:\/\/www.teleskopshop.ch\/fr\/wp-json\/wp\/v2\/product\/61866","targetHints":{"allow":["GET"]}}],"collection":[{"href":"https:\/\/www.teleskopshop.ch\/fr\/wp-json\/wp\/v2\/product"}],"about":[{"href":"https:\/\/www.teleskopshop.ch\/fr\/wp-json\/wp\/v2\/types\/product"}],"replies":[{"embeddable":true,"href":"https:\/\/www.teleskopshop.ch\/fr\/wp-json\/wp\/v2\/comments?post=61866"}],"wp:featuredmedia":[{"embeddable":true,"href":"https:\/\/www.teleskopshop.ch\/fr\/wp-json\/wp\/v2\/media\/5398"}],"wp:attachment":[{"href":"https:\/\/www.teleskopshop.ch\/fr\/wp-json\/wp\/v2\/media?parent=61866"}],"wp:term":[{"taxonomy":"product_brand","embeddable":true,"href":"https:\/\/www.teleskopshop.ch\/fr\/wp-json\/wp\/v2\/product_brand?post=61866"},{"taxonomy":"product_cat","embeddable":true,"href":"https:\/\/www.teleskopshop.ch\/fr\/wp-json\/wp\/v2\/product_cat?post=61866"},{"taxonomy":"product_tag","embeddable":true,"href":"https:\/\/www.teleskopshop.ch\/fr\/wp-json\/wp\/v2\/product_tag?post=61866"}],"curies":[{"name":"wp","href":"https:\/\/api.w.org\/{rel}","templated":true}]}}