{"id":61863,"date":"2022-05-09T00:00:00","date_gmt":"2022-05-08T22:00:00","guid":{"rendered":"https:\/\/2025.teleskopshop.ch\/shop\/non%20class\u00e9\/skywatcher-teleskop-evostar-90-az-pronto\/"},"modified":"2025-03-03T10:37:02","modified_gmt":"2025-03-03T09:37:02","slug":"skywatcher-teleskop-evostar-90-az-pronto","status":"publish","type":"product","link":"https:\/\/www.teleskopshop.ch\/fr\/shop\/optique\/telescopes-fr\/telescope-pour-debutants\/azimutales\/skywatcher-teleskop-evostar-90-az-pronto\/","title":{"rendered":"Skywatcher Teleskop Evostar 90 AZ Pronto"},"content":{"rendered":"<p>Die ideale, unkomplizierte Teleskop Montierung zum immer dabei haben f\u00fcr die Astronomie und Naturbeobachtung im Set mit dem kompakten Evostar 90 Refraktor Teleskop und einem Amici Prisma, das auch die Naturbeobachtung m\u00f6glich macht. Die Skywatcher AZ Pronto Montierung ist eine sehr leichte und transportable azimutale Montierung aus solidem Aluminium Guss, gemacht f\u00fcr kleine Teleskope bis 3 kg Gewicht, die mit einer Vixen \/ Skywatcher Norm Schwalbenschwanzschiene ausgestattet sind. Die ausziehbaren Aluminium Stativbeine k\u00f6nnen in jeder H\u00f6he mit den eingebauten Schnellklemmen fixiert werden. Die Montierung ist mit 2 biegsamen Wellen ausgestattet, die eine feinf\u00fchlige Einstellung in horizontaler und vertikaler Richtung erlauben. Die Wellen k\u00f6nnen jeweils beidseitig montiert werden, um eine bequeme Position zu erm\u00f6glichen, je nachdem ob Sie einen Refraktor oder ein Spiegelteleskop montiert haben.Sie k\u00f6nnen das Teleskop aber auch direkt schwenken und so ein Objekt schneller einstellen. Mit den biegsamen Wellen k\u00f6nnen Sie Objekte dann leicht nachf\u00fchren. Diese sehr komfortable und hochwertig gefertigte leicht transportable Montierung k\u00f6nnen Sie sowohl f\u00fcr die terrestrische Beobachtung als auch f\u00fcr die Astronomie verwenden. Der Skywatcher Evostar 90 Refraktor ist ein klassischer Zweilinsiger Luftspalt Achromat. Mit seiner langen Brennweite erm\u00f6glicht er knackscharfe, kontrastreiche Bilder f\u00fcr die detailierte Beobachtung von Mond, Planeten und anderen Objekten unseres Sonnensystems. Lieferumfang: Azimutaler AZ Pronto Montierungskopf Verl\u00e4ngerungss\u00e4ule 2 biegsame Wellen Aluminium Stativ Evostar 90 Refraktor Teleskop 6&#215;30 Sucher Fernrohr 1.25&Prime; Amici Prisma 10 mm &amp; 25 mm Okular !Stromversorgung und Batterien sind nicht im Lieferumfang enthalten!<br \/>\nAllgemein<\/p>\n<table>\n<tbody>\n<tr>\n<td>Versandgewicht<\/td>\n<td>10.50kg<\/td>\n<\/tr>\n<\/tbody>\n<\/table>\n<table>\n<tbody>\n<tr>\n<td>Versandgr\u00f6\u00dfe<\/td>\n<td>104x42x26cm<\/td>\n<\/tr>\n<\/tbody>\n<\/table>\n<p>Optik<\/p>\n<table>\n<tbody>\n<tr>\n<td>Bauart<\/td>\n<td>Achromat \/ Linsen Teleskop<\/td>\n<\/tr>\n<\/tbody>\n<\/table>\n<table>\n<tbody>\n<tr>\n<td>Brennweite (mm)<\/td>\n<td>900<\/td>\n<\/tr>\n<\/tbody>\n<\/table>\n<table>\n<tbody>\n<tr>\n<td>\u00d6ffnung (mm)<\/td>\n<td>90<\/td>\n<\/tr>\n<\/tbody>\n<\/table>\n<table>\n<tbody>\n<tr>\n<td>\u00d6ffnungsverh\u00e4ltnis<\/td>\n<td>f:10<\/td>\n<\/tr>\n<\/tbody>\n<\/table>\n<table>\n<tbody>\n<tr>\n<td>Okularauszug<\/td>\n<td>1.25&Prime; Zahnstangenauszug<\/td>\n<\/tr>\n<\/tbody>\n<\/table>\n<table>\n<tbody>\n<tr>\n<td>Tubusgewicht (kg)<\/td>\n<td>2.40<\/td>\n<\/tr>\n<\/tbody>\n<\/table>\n<p>Montierung<\/p>\n<table>\n<tbody>\n<tr>\n<td>Typ<\/td>\n<td>Azimutale manuelle Montierung<\/td>\n<\/tr>\n<\/tbody>\n<\/table>\n<table>\n<tbody>\n<tr>\n<td>Max. Zuladung visuell (kg)<\/td>\n<td>3.00<\/td>\n<\/tr>\n<\/tbody>\n<\/table>\n<table>\n<tbody>\n<tr>\n<td>Max. Zuladung photografisch (kg)<\/td>\n<td>3.00<\/td>\n<\/tr>\n<\/tbody>\n<\/table>\n<table>\n<tbody>\n<tr>\n<td>Montierungsgewicht gesamt (kg)<\/td>\n<td>3.85<\/td>\n<\/tr>\n<\/tbody>\n<\/table>\n","protected":false},"excerpt":{"rendered":"<p>Vielen Dank f\u00fcr Ihren Besuch bei Teleskopshop.ch. <\/p>\n<p>Es freut uns, Ihnen das Produkt <b>Skywatcher Teleskop Evostar 90 AZ Pronto<\/b> zu den nachfolgenden Konditionen anbieten zu d\u00fcrfen.<\/p>\n","protected":false},"featured_media":5390,"comment_status":"closed","ping_status":"closed","template":"","meta":{"_acf_changed":false},"product_brand":[675],"product_cat":[1579,1339,1576,1567],"product_tag":[],"class_list":{"0":"post-61863","1":"product","2":"type-product","3":"status-publish","4":"has-post-thumbnail","6":"product_brand-skywatcher","7":"product_cat-azimutales","8":"product_cat-optique","9":"product_cat-telescope-pour-debutants","10":"product_cat-telescopes-fr","12":"first","13":"instock","14":"sale","15":"taxable","16":"shipping-taxable","17":"purchasable","18":"product-type-simple"},"acf":[],"_links":{"self":[{"href":"https:\/\/www.teleskopshop.ch\/fr\/wp-json\/wp\/v2\/product\/61863","targetHints":{"allow":["GET"]}}],"collection":[{"href":"https:\/\/www.teleskopshop.ch\/fr\/wp-json\/wp\/v2\/product"}],"about":[{"href":"https:\/\/www.teleskopshop.ch\/fr\/wp-json\/wp\/v2\/types\/product"}],"replies":[{"embeddable":true,"href":"https:\/\/www.teleskopshop.ch\/fr\/wp-json\/wp\/v2\/comments?post=61863"}],"wp:featuredmedia":[{"embeddable":true,"href":"https:\/\/www.teleskopshop.ch\/fr\/wp-json\/wp\/v2\/media\/5390"}],"wp:attachment":[{"href":"https:\/\/www.teleskopshop.ch\/fr\/wp-json\/wp\/v2\/media?parent=61863"}],"wp:term":[{"taxonomy":"product_brand","embeddable":true,"href":"https:\/\/www.teleskopshop.ch\/fr\/wp-json\/wp\/v2\/product_brand?post=61863"},{"taxonomy":"product_cat","embeddable":true,"href":"https:\/\/www.teleskopshop.ch\/fr\/wp-json\/wp\/v2\/product_cat?post=61863"},{"taxonomy":"product_tag","embeddable":true,"href":"https:\/\/www.teleskopshop.ch\/fr\/wp-json\/wp\/v2\/product_tag?post=61863"}],"curies":[{"name":"wp","href":"https:\/\/api.w.org\/{rel}","templated":true}]}}