{"id":61857,"date":"2022-05-09T00:00:00","date_gmt":"2022-05-08T22:00:00","guid":{"rendered":"https:\/\/2025.teleskopshop.ch\/shop\/non%20class\u00e9\/skywatcher-star-discovery-p150i-mit-wifi-az-goto-montierung\/"},"modified":"2025-04-22T13:47:57","modified_gmt":"2025-04-22T11:47:57","slug":"skywatcher-star-discovery-p150i-mit-wifi-az-goto-montierung","status":"publish","type":"product","link":"https:\/\/www.teleskopshop.ch\/fr\/shop\/optique\/telescopes-fr\/telescope-pour-debutants\/azimutales\/skywatcher-star-discovery-p150i-mit-wifi-az-goto-montierung\/","title":{"rendered":"Skywatcher Star Discovery P150i mit WIFI AZ GoTo Montierung"},"content":{"rendered":"<p>Der Skywatcher Star Discovery P150i mit SynScan\u2122 WIFI Modul wurde f\u00fcr die bequeme, drahtlose Steuerung mit Ihrem Android oder iOS Smartphone oder Tablet mit der kostenlosen Freeware SynScan App, designed. Das beigef\u00fcgte WLAN Modul erstellt sein eigenes WIFI Netzwerk, womit die Montierung \u00fcberall, auch ohne vorhandenes anderes WIFI Netzwerk, genutzt werden kann. Nachdem Sie die Koordinaten in der App eingegeben und die einfache Ausrichtungsprozedur durchgef\u00fchrt haben, sind Sie bereit das Universum zu entdecken mit dem intuitiven Touchscreen Men\u00fc der App. Der Skywatcher Star Discovery P150i mit der SynScan App erm\u00f6glicht eine vollst\u00e4ndig Computergesteuerte GoTo Steuerung der Montierung und f\u00e4hrt Ihr Teleskop automatisch zu jedem Objekt, das Sie aus der umfangreichen Datenbank der App mit \u00fcber 10.000 Objekten ausgew\u00e4hlt haben. Die Montierung ist mit der patentierten Skywatcher Freedom-Find\u2122 Doppel-Encoder Technologie ausgestattet,welche es erlaubt, die Montierung frei von Hand zu bewegen, ohne die Positions und Ausrichtungsdaten zu verlieren. Das gibt Ihnen enormen Freiraum und zus\u00e4tzliche Bequemlichkeit und Flexibilit\u00e4t w\u00e4hrend Ihrer Beobachtungen. Mit seiner sehr sinnvollen, gro\u00dfen 150 mm lichtsammelnden \u00d6ffnung und dem superben Parabol Hauptspiegel ist der Star Discovery P150i ein leistungsf\u00e4higer Allrounder f\u00fcr die Beobachtung von Mond, hellen Planeten, Nebeln, Galaxien und Sternhaufen und dabei leicht zu tragen und transportieren. Ausstattung: Star Discovery AZ GoTo Azimutale GoTo Montierung mit Nachf\u00fchrung in beiden Achsen Freedom-Find\u2122 Doppel Encoder Technologie SynScan\u2122 WIFI Modul Steuerung: SynScan App f\u00fcr iOS und Android oder Synscan Handsteuerbox (nicht im Lieferumfang) SynScan App Datenbank: 10,000+ Objekte. Deep Sky Objekte: 10759, inkl. Messier, NGC, IC, Caldwell Katalog, Benannte DSOs, Benannte Sterne: 305, Doppelsterne: 55, Sonnensystem Objekte: 7 Planeten, Sonne , Mond. (Unlimitierte Objekte bei Verwendung einer Drittanbieter Planetarium Software). SynScan App Ausrichtungs-Methoden: Hellster Stern Ausrichtung, Nord-Eben Ausrichtung SynScan App&rsquo;s weitere Funktionen: H\u00f6hepunkte der Nacht, Zeigen und Ausrichten mit einem Mobilger\u00e4t, Identifikation von Himmelsobjekten, Fernbedienung \u00fcber das Internet, Benutzerdefinierte Objekte, Verbesserung der Ausrichtungspr\u00e4zision (PAE) Anschl\u00fcsse: SynScan Handsteuerbox, DSLR Verschlu\u00dfsteuerung (Kabel optional erh\u00e4ltlich) Schnittstellen: ASCOM Plattform f\u00fcr Windows PC, Mobile Planetarium App f\u00fcr iOS und Android ( SkySafari Plus\/Pro, sp\u00e4ter mehr). Nachf\u00fchrgeschwindigkeiten: Siderisch, Mond, Sonne Schwenk Geschwindigkeiten: 1.0x, 2.0x, 16x, 32x, 64x, 128x, 400x, 500x, 600x, 800x Zuladung: 5kg Mechanische Kupplungen f\u00fcr manuelle Bewegung H\u00f6henverstellbares Stativ mit Edelstahl Beinen und Zubeh\u00f6rablage Klemmung f\u00fcr Skywatcher \/ Vixen Norm Prismenschienen Besonders leise Nachf\u00fchrung Electronischer DSLR Verschlu\u00dfausl\u00f6se SNAP Port (Kabel optional erh\u00e4ltlich) Spannungsversorgung: 12v DC Netzteil (Mittenkontakt Positiv) oder 8 x AA Batterien (nicht im Lieferumfang enthalten). Skywatcher 7Ah oder 17Ah Power Tank empfehlenswert. Vergr\u00f6\u00dferungen (mit beigef\u00fcgten Okularen): x30 &#038; x75 Maximal sinnvolle Vergr\u00f6\u00dferung: x300 Objectivdurchmesser: 150mm Teleskop Brennweite: 750mm (f\/5) Okulare (1,25&Prime;): 10mm &#038; 25mm Rotlichtsucher 1.25\u201d Zahnstangenauszug Lieferumfang: Star Discovery Montierung Stativ mit Edelstahl Beinen und Ablageplatte 150mm f\/5 Newton Spiegel Teleskop Rotlicht Sucher Okulare 10 \/ 25 mm WIFI Modul \/ Kabel !Stromversorgung und Batterien sind nicht im Lieferumfang enthalten!<\/p>\n<p>Allgemein<\/p>\n<table>\n<tr>\n<td>Versandgewicht<\/td>\n<td>16.5kg<\/td>\n<\/tr>\n<\/table>\n<table>\n<tr>\n<td>Versandgr\u00f6\u00dfe<\/td>\n<td>87x47x25.5cm \/ 80x40x35cm<\/td>\n<\/tr>\n<\/table>\n<p>Optik<\/p>\n<table>\n<tr>\n<td>Bauart<\/td>\n<td>Newton \/ Spiegelteleskop<\/td>\n<\/tr>\n<\/table>\n<table>\n<tr>\n<td>Brennweite (mm)<\/td>\n<td>750<\/td>\n<\/tr>\n<\/table>\n<table>\n<tr>\n<td>\u00d6ffnung (mm)<\/td>\n<td>150<\/td>\n<\/tr>\n<\/table>\n<table>\n<tr>\n<td>\u00d6ffnungsverh\u00e4ltnis<\/td>\n<td>f:5<\/td>\n<\/tr>\n<\/table>\n<table>\n<tr>\n<td>Okularauszug<\/td>\n<td>1.25&Prime; Zahnstangenauszug<\/td>\n<\/tr>\n<\/table>\n<table>\n<tr>\n<td>Tubusgewicht (kg)<\/td>\n<td>4.00<\/td>\n<\/tr>\n<\/table>\n<\/td>\n<td>Montierung<\/p>\n<table>\n<tr>\n<td>Typ<\/td>\n<td>Azimutale GoTo Montierung mit WIFI f\u00fcr Astronomie und Fotografie<\/td>\n<\/tr>\n<\/table>\n<table>\n<tr>\n<td>GoTo<\/td>\n<td> ja <\/td>\n<\/tr>\n<\/table>\n<table>\n<tr>\n<td>Max. Zuladung visuell (kg)<\/td>\n<td>5.00<\/td>\n<\/tr>\n<\/table>\n<table>\n<tr>\n<td>Montierungsgewicht gesamt (kg)<\/td>\n<td>6.50<\/td>\n<\/tr>\n<\/table>\n","protected":false},"excerpt":{"rendered":"<p>Vielen Dank f\u00fcr Ihren Besuch bei Teleskopshop.ch. <\/p>\n<p>Es freut uns, Ihnen das Produkt <b>Skywatcher Star Discovery P150i mit WIFI AZ GoTo Montierung<\/b> zu den nachfolgenden Konditionen anbieten zu d\u00fcrfen.<\/p>\n","protected":false},"featured_media":5258,"comment_status":"closed","ping_status":"closed","template":"","meta":{"_acf_changed":false},"product_brand":[675],"product_cat":[1579,1339,1576,1567],"product_tag":[],"class_list":{"0":"post-61857","1":"product","2":"type-product","3":"status-publish","4":"has-post-thumbnail","6":"product_brand-skywatcher","7":"product_cat-azimutales","8":"product_cat-optique","9":"product_cat-telescope-pour-debutants","10":"product_cat-telescopes-fr","12":"first","13":"instock","14":"sale","15":"taxable","16":"shipping-taxable","17":"purchasable","18":"product-type-simple"},"acf":[],"_links":{"self":[{"href":"https:\/\/www.teleskopshop.ch\/fr\/wp-json\/wp\/v2\/product\/61857","targetHints":{"allow":["GET"]}}],"collection":[{"href":"https:\/\/www.teleskopshop.ch\/fr\/wp-json\/wp\/v2\/product"}],"about":[{"href":"https:\/\/www.teleskopshop.ch\/fr\/wp-json\/wp\/v2\/types\/product"}],"replies":[{"embeddable":true,"href":"https:\/\/www.teleskopshop.ch\/fr\/wp-json\/wp\/v2\/comments?post=61857"}],"wp:featuredmedia":[{"embeddable":true,"href":"https:\/\/www.teleskopshop.ch\/fr\/wp-json\/wp\/v2\/media\/5258"}],"wp:attachment":[{"href":"https:\/\/www.teleskopshop.ch\/fr\/wp-json\/wp\/v2\/media?parent=61857"}],"wp:term":[{"taxonomy":"product_brand","embeddable":true,"href":"https:\/\/www.teleskopshop.ch\/fr\/wp-json\/wp\/v2\/product_brand?post=61857"},{"taxonomy":"product_cat","embeddable":true,"href":"https:\/\/www.teleskopshop.ch\/fr\/wp-json\/wp\/v2\/product_cat?post=61857"},{"taxonomy":"product_tag","embeddable":true,"href":"https:\/\/www.teleskopshop.ch\/fr\/wp-json\/wp\/v2\/product_tag?post=61857"}],"curies":[{"name":"wp","href":"https:\/\/api.w.org\/{rel}","templated":true}]}}