{"id":61854,"date":"2022-05-09T00:00:00","date_gmt":"2022-05-08T22:00:00","guid":{"rendered":"https:\/\/2025.teleskopshop.ch\/shop\/non%20class\u00e9\/skywatcher-montierung-az5-mit-stativ\/"},"modified":"2025-01-25T11:56:56","modified_gmt":"2025-01-25T10:56:56","slug":"skywatcher-montierung-az5-mit-stativ","status":"publish","type":"product","link":"https:\/\/www.teleskopshop.ch\/fr\/shop\/optique\/telescopes-fr\/telescope-pour-debutants\/azimutales\/skywatcher-montierung-az5-mit-stativ\/","title":{"rendered":"Monture Skywatcher AZ5 avec tr\u00e9pied"},"content":{"rendered":"<p>La monture id\u00e9ale et simple \u00e0 avoir toujours avec soi, aussi bien pour une observation astronomique visuelle pratique et simple, que pour des observations terrestres de jour ! La monture azimutale AZ5 Deluxe a \u00e9t\u00e9 fabriqu\u00e9e en fonte d&rsquo;aluminium solide pour les petits t\u00e9lescopes pesant jusqu&rsquo;\u00e0 5 kg, qui peut \u00eatre facilement fix\u00e9e avec un rail \u00e0 queue d&rsquo;aronde standard Vixen \/ Skywatcher. Cependant, vous pouvez \u00e9galement utiliser d&rsquo;autres appareils avec un support en L disponible en option. Il est livr\u00e9 avec un tr\u00e9pied en aluminium qui peut \u00eatre verrouill\u00e9 \u00e0 n&rsquo;importe quelle hauteur et une courte colonne d&rsquo;extension. Sont \u00e9galement inclus deux arbres flexibles pour actionner les engrenages de r\u00e9duction fine. Vous pouvez \u00e9galement d\u00e9placer manuellement le support dans chaque axe pour un panoramique horizontal et vertical rapide. Contenu de la livraison : T\u00eate de montage azimutale AZ5 Colonne d&rsquo;extension 2 tiges flexibles Tr\u00e9pied en aluminium L&rsquo;alimentation et les piles ne sont pas incluses dans la livraison !<\/p>\n<p>G\u00e9n\u00e9ralit\u00e9s<\/p>\n<table>\n<tr>\n<td>Poids<\/td>\n<p> d&rsquo;exp\u00e9dition <\/p>\n<td>8,20 kg<\/td>\n<\/tr>\n<\/table>\n<table>\n<tr>\n<td>Taille<\/td>\n<p> d&rsquo;exp\u00e9dition <\/p>\n<td>77x43x26cm<\/td>\n<\/tr>\n<\/table>\n<p>Monter<\/p>\n<table>\n<tr>\n<td>Type<\/td>\n<td>Monture manuelle azimutale avec tr\u00e9pied<\/td>\n<\/tr>\n<\/table>\n<table>\n<tr>\n<td>Max. Charge utile visuelle (kg)<\/td>\n<td>5.00<\/td>\n<\/tr>\n<\/table>\n<table>\n<tr>\n<td>Max. Charge photographique (kg)<\/td>\n<td>5.00<\/td>\n<\/tr>\n<\/table>\n<table>\n<tr>\n<td>Poids total du support (kg)<\/td>\n<td>4,90<\/td>\n<\/tr>\n<\/table>\n","protected":false},"excerpt":{"rendered":"<p>Monture azimutale manuelle Skywatcher AZ5 avec tiges flexibles et tr\u00e9pied<\/p>\n","protected":false},"featured_media":4766,"comment_status":"closed","ping_status":"open","template":"","meta":{"_acf_changed":false},"product_brand":[675],"product_cat":[1579,1339,1576,1567],"product_tag":[],"class_list":{"0":"post-61854","1":"product","2":"type-product","3":"status-publish","4":"has-post-thumbnail","6":"product_brand-skywatcher","7":"product_cat-azimutales","8":"product_cat-optique","9":"product_cat-telescope-pour-debutants","10":"product_cat-telescopes-fr","12":"first","13":"instock","14":"taxable","15":"shipping-taxable","16":"purchasable","17":"product-type-simple"},"acf":[],"_links":{"self":[{"href":"https:\/\/www.teleskopshop.ch\/fr\/wp-json\/wp\/v2\/product\/61854","targetHints":{"allow":["GET"]}}],"collection":[{"href":"https:\/\/www.teleskopshop.ch\/fr\/wp-json\/wp\/v2\/product"}],"about":[{"href":"https:\/\/www.teleskopshop.ch\/fr\/wp-json\/wp\/v2\/types\/product"}],"replies":[{"embeddable":true,"href":"https:\/\/www.teleskopshop.ch\/fr\/wp-json\/wp\/v2\/comments?post=61854"}],"wp:featuredmedia":[{"embeddable":true,"href":"https:\/\/www.teleskopshop.ch\/fr\/wp-json\/wp\/v2\/media\/4766"}],"wp:attachment":[{"href":"https:\/\/www.teleskopshop.ch\/fr\/wp-json\/wp\/v2\/media?parent=61854"}],"wp:term":[{"taxonomy":"product_brand","embeddable":true,"href":"https:\/\/www.teleskopshop.ch\/fr\/wp-json\/wp\/v2\/product_brand?post=61854"},{"taxonomy":"product_cat","embeddable":true,"href":"https:\/\/www.teleskopshop.ch\/fr\/wp-json\/wp\/v2\/product_cat?post=61854"},{"taxonomy":"product_tag","embeddable":true,"href":"https:\/\/www.teleskopshop.ch\/fr\/wp-json\/wp\/v2\/product_tag?post=61854"}],"curies":[{"name":"wp","href":"https:\/\/api.w.org\/{rel}","templated":true}]}}