{"id":61851,"date":"2022-05-09T00:00:00","date_gmt":"2022-05-08T22:00:00","guid":{"rendered":"https:\/\/2025.teleskopshop.ch\/shop\/non%20class\u00e9\/skywatcher-montierung-az5\/"},"modified":"2025-01-25T11:56:57","modified_gmt":"2025-01-25T10:56:57","slug":"skywatcher-montierung-az5","status":"publish","type":"product","link":"https:\/\/www.teleskopshop.ch\/fr\/shop\/optique\/telescopes-fr\/telescope-pour-debutants\/azimutales\/skywatcher-montierung-az5\/","title":{"rendered":"Monture Skywatcher AZ5"},"content":{"rendered":"<p>La monture id\u00e9ale et simple \u00e0 avoir toujours avec soi, aussi bien pour une observation astronomique visuelle pratique et simple, que pour des observations terrestres de jour ! La monture azimutale AZ5 Deluxe peut \u00eatre facilement mont\u00e9e sur n&rsquo;importe quel tr\u00e9pied avec une connexion de filetage photo standard de 3\/8&Prime;. Elle est fabriqu\u00e9e en fonte d&rsquo;aluminium solide pour les petits t\u00e9lescopes pesant jusqu&rsquo;\u00e0 5 kg, qui peut \u00eatre facilement fix\u00e9e avec une norme Vixen\/Skywatcher Cependant, vous pouvez \u00e9galement utiliser d&rsquo;autres appareils avec un support en L disponible en option. Deux arbres flexibles sont \u00e9galement inclus pour actionner les engrenages de r\u00e9duction fine. Vous pouvez \u00e9galement d\u00e9placer le support manuellement dans chaque axe pour un panoramique horizontal et vertical rapide. t\u00eate de montage 2 arbres flexibles ! L&rsquo;alimentation et les piles ne sont pas incluses !<\/p>\n<p>G\u00e9n\u00e9ralit\u00e9s<\/p>\n<table>\n<tr>\n<td>Poids<\/td>\n<p> d&rsquo;exp\u00e9dition <\/p>\n<td>3,3 kg<\/td>\n<\/tr>\n<\/table>\n<table>\n<tr>\n<td>Taille<\/td>\n<p> d&rsquo;exp\u00e9dition <\/p>\n<td>49x23x23cm<\/td>\n<\/tr>\n<\/table>\n<p>Monter<\/p>\n<table>\n<tr>\n<td>Type<\/td>\n<td>Montage manuel en azimut<\/td>\n<\/tr>\n<\/table>\n<table>\n<tr>\n<td>Max. Charge utile visuelle (kg)<\/td>\n<td>5.00<\/td>\n<\/tr>\n<\/table>\n<table>\n<tr>\n<td>Poids total du support (kg)<\/td>\n<td>2,30<\/td>\n<\/tr>\n<\/table>\n","protected":false},"excerpt":{"rendered":"<p>Skywatcher Azimuth Telescope Mount AZ5 &#8211; t\u00eate de montage sans tr\u00e9pied<\/p>\n","protected":false},"featured_media":4762,"comment_status":"closed","ping_status":"open","template":"","meta":{"_acf_changed":false},"product_brand":[675],"product_cat":[1579,1339,1576,1567],"product_tag":[],"class_list":{"0":"post-61851","1":"product","2":"type-product","3":"status-publish","4":"has-post-thumbnail","6":"product_brand-skywatcher","7":"product_cat-azimutales","8":"product_cat-optique","9":"product_cat-telescope-pour-debutants","10":"product_cat-telescopes-fr","12":"first","13":"instock","14":"taxable","15":"shipping-taxable","16":"purchasable","17":"product-type-simple"},"acf":[],"_links":{"self":[{"href":"https:\/\/www.teleskopshop.ch\/fr\/wp-json\/wp\/v2\/product\/61851","targetHints":{"allow":["GET"]}}],"collection":[{"href":"https:\/\/www.teleskopshop.ch\/fr\/wp-json\/wp\/v2\/product"}],"about":[{"href":"https:\/\/www.teleskopshop.ch\/fr\/wp-json\/wp\/v2\/types\/product"}],"replies":[{"embeddable":true,"href":"https:\/\/www.teleskopshop.ch\/fr\/wp-json\/wp\/v2\/comments?post=61851"}],"wp:featuredmedia":[{"embeddable":true,"href":"https:\/\/www.teleskopshop.ch\/fr\/wp-json\/wp\/v2\/media\/4762"}],"wp:attachment":[{"href":"https:\/\/www.teleskopshop.ch\/fr\/wp-json\/wp\/v2\/media?parent=61851"}],"wp:term":[{"taxonomy":"product_brand","embeddable":true,"href":"https:\/\/www.teleskopshop.ch\/fr\/wp-json\/wp\/v2\/product_brand?post=61851"},{"taxonomy":"product_cat","embeddable":true,"href":"https:\/\/www.teleskopshop.ch\/fr\/wp-json\/wp\/v2\/product_cat?post=61851"},{"taxonomy":"product_tag","embeddable":true,"href":"https:\/\/www.teleskopshop.ch\/fr\/wp-json\/wp\/v2\/product_tag?post=61851"}],"curies":[{"name":"wp","href":"https:\/\/api.w.org\/{rel}","templated":true}]}}