{"id":61848,"date":"2022-05-09T00:00:00","date_gmt":"2022-05-08T22:00:00","guid":{"rendered":"https:\/\/2025.teleskopshop.ch\/shop\/non%20class\u00e9\/skywatcher-montierung-az-pronto\/"},"modified":"2025-01-25T11:50:13","modified_gmt":"2025-01-25T10:50:13","slug":"skywatcher-montierung-az-pronto","status":"publish","type":"product","link":"https:\/\/www.teleskopshop.ch\/fr\/shop\/optique\/telescopes-fr\/telescope-pour-debutants\/azimutales\/skywatcher-montierung-az-pronto\/","title":{"rendered":"Monture Skywatcher AZ Pronto"},"content":{"rendered":"<p>La monture de t\u00e9lescope id\u00e9ale et simple \u00e0 avoir toujours avec soi pour l&rsquo;astronomie et l&rsquo;observation de la nature ! La monture Skywatcher AZ Pronto est une monture azimutale tr\u00e8s l\u00e9g\u00e8re et portable en fonte d&rsquo;aluminium solide pour les petits t\u00e9lescopes jusqu&rsquo;\u00e0 3 kg \u00e9quip\u00e9s d&rsquo;un rail \u00e0 queue d&rsquo;aronde standard Vixen \/ Skywatcher. Les pieds extensibles du tr\u00e9pied en aluminium peuvent \u00eatre fix\u00e9s \u00e0 n&rsquo;importe quelle hauteur gr\u00e2ce aux pinces rapides int\u00e9gr\u00e9es. Le support est \u00e9quip\u00e9 de 2 arbres flexibles qui permettent un r\u00e9glage sensible dans les directions horizontale et verticale. Les arbres peuvent chacun \u00eatre mont\u00e9s de chaque c\u00f4t\u00e9 pour permettre une position confortable selon que vous avez un r\u00e9fracteur ou un t\u00e9lescope \u00e0 r\u00e9flexion mont\u00e9. Cependant, vous pouvez \u00e9galement effectuer un panoramique direct du t\u00e9lescope et ainsi vous concentrer plus rapidement sur un objet. Vous pouvez ensuite facilement suivre les objets avec les arbres flexibles. Vous pouvez utiliser cette monture tr\u00e8s confortable et de haute qualit\u00e9, facilement transportable, aussi bien pour l&rsquo;observation terrestre que pour l&rsquo;astronomie. Contenu de la livraison : t\u00eate de montage azimutale AZ Pronto Tr\u00e9pied en aluminium 2 tiges flexibles L&rsquo;alimentation et les piles ne sont pas incluses dans la livraison !<\/p>\n<p>G\u00e9n\u00e9ral<\/p>\n<table>\n<tr>\n<td>Poids<\/td>\n<p> d&rsquo;exp\u00e9dition <\/p>\n<td>6,0 kg<\/td>\n<\/tr>\n<\/table>\n<table>\n<tr>\n<td>Taille<\/td>\n<p> d&rsquo;exp\u00e9dition <\/p>\n<td>117x25x23cm<\/td>\n<\/tr>\n<\/table>\n<p>monter<\/p>\n<table>\n<tr>\n<td>Type<\/td>\n<td>Montage manuel azimut sur tr\u00e9pied<\/td>\n<\/tr>\n<\/table>\n<table>\n<tr>\n<td>Max. Charge utile visuelle (kg)<\/td>\n<td>3.00<\/td>\n<\/tr>\n<\/table>\n<table>\n<tr>\n<td>Max. Charge photographique (kg)<\/td>\n<td>3.00<\/td>\n<\/tr>\n<\/table>\n<table>\n<tr>\n<td>Poids total de la monture (kg)<\/td>\n<td>3,85<\/td>\n<\/tr>\n<\/table>\n","protected":false},"excerpt":{"rendered":"<p>Monture de t\u00e9lescope Skywatcher Azimuth AZ Pronto avec tr\u00e9pied<\/p>\n","protected":false},"featured_media":4758,"comment_status":"closed","ping_status":"open","template":"","meta":{"_acf_changed":false},"product_brand":[675],"product_cat":[1579,1339,1576,1567],"product_tag":[],"class_list":{"0":"post-61848","1":"product","2":"type-product","3":"status-publish","4":"has-post-thumbnail","6":"product_brand-skywatcher","7":"product_cat-azimutales","8":"product_cat-optique","9":"product_cat-telescope-pour-debutants","10":"product_cat-telescopes-fr","12":"first","13":"instock","14":"taxable","15":"shipping-taxable","16":"purchasable","17":"product-type-simple"},"acf":[],"_links":{"self":[{"href":"https:\/\/www.teleskopshop.ch\/fr\/wp-json\/wp\/v2\/product\/61848","targetHints":{"allow":["GET"]}}],"collection":[{"href":"https:\/\/www.teleskopshop.ch\/fr\/wp-json\/wp\/v2\/product"}],"about":[{"href":"https:\/\/www.teleskopshop.ch\/fr\/wp-json\/wp\/v2\/types\/product"}],"replies":[{"embeddable":true,"href":"https:\/\/www.teleskopshop.ch\/fr\/wp-json\/wp\/v2\/comments?post=61848"}],"wp:featuredmedia":[{"embeddable":true,"href":"https:\/\/www.teleskopshop.ch\/fr\/wp-json\/wp\/v2\/media\/4758"}],"wp:attachment":[{"href":"https:\/\/www.teleskopshop.ch\/fr\/wp-json\/wp\/v2\/media?parent=61848"}],"wp:term":[{"taxonomy":"product_brand","embeddable":true,"href":"https:\/\/www.teleskopshop.ch\/fr\/wp-json\/wp\/v2\/product_brand?post=61848"},{"taxonomy":"product_cat","embeddable":true,"href":"https:\/\/www.teleskopshop.ch\/fr\/wp-json\/wp\/v2\/product_cat?post=61848"},{"taxonomy":"product_tag","embeddable":true,"href":"https:\/\/www.teleskopshop.ch\/fr\/wp-json\/wp\/v2\/product_tag?post=61848"}],"curies":[{"name":"wp","href":"https:\/\/api.w.org\/{rel}","templated":true}]}}