{"id":61845,"date":"2022-05-09T00:00:00","date_gmt":"2022-05-08T22:00:00","guid":{"rendered":"https:\/\/2025.teleskopshop.ch\/shop\/non%20class\u00e9\/skywatcher-az4-schwere-azimutale-teleskop-montierung-2\/"},"modified":"2025-01-25T11:50:15","modified_gmt":"2025-01-25T10:50:15","slug":"skywatcher-az4-schwere-azimutale-teleskop-montierung-2","status":"publish","type":"product","link":"https:\/\/www.teleskopshop.ch\/fr\/shop\/optique\/telescopes-fr\/telescope-pour-debutants\/azimutales\/skywatcher-az4-schwere-azimutale-teleskop-montierung-2\/","title":{"rendered":"Skywatcher AZ4 Support de t\u00e9lescope \u00e0 azimut lourd"},"content":{"rendered":"<p>Monture de t\u00e9lescope : la monture de t\u00e9lescope Skywatcher AZ4 Azimuth tant attendue est parfaite pour les astronomes et les observateurs terrestres. Le support contient deux embrayages s\u00e9par\u00e9s pour l&rsquo;altitude et le mouvement horizontal et un bras pivotant qui peut \u00eatre fix\u00e9 dans 2 positions diff\u00e9rentes. Les mouvements sont fluides et les t\u00e9lescopes peuvent \u00eatre ajust\u00e9s avec pr\u00e9cision. Le tube du t\u00e9lescope est fix\u00e9 \u00e0 l&rsquo;aide d&rsquo;un rail \u00e0 queue d&rsquo;aronde Skywatcher standard. L&rsquo;ensemble comprend \u00e9galement un rail en L pour fixer facilement une longue-vue ou une cam\u00e9ra. Un tr\u00e9pied avec pieds en acier inoxydable de 1,75&Prime; est inclus pour une stabilit\u00e9 et une rigidit\u00e9 maximales. Le Sky-Watcher D150\/F1200 Newtonian (Explorer-150PL) est recommand\u00e9 comme charge maximale. Contenu de la livraison : Tr\u00e9pied \u00e0 montage azimutal avec pieds en acier inoxydable Rail en L ! L&rsquo;alimentation et les piles ne sont pas incluses !<\/p>\n<p>G\u00e9n\u00e9ral<\/p>\n<table>\n<tr>\n<td>Poids<\/td>\n<p> d&rsquo;exp\u00e9dition <\/p>\n<td>11,4 kg<\/td>\n<\/tr>\n<\/table>\n<table>\n<tr>\n<td>Taille<\/td>\n<p> d&rsquo;exp\u00e9dition <\/p>\n<td>139x25x23cm<\/td>\n<\/tr>\n<\/table>\n<p>monter<\/p>\n<table>\n<tr>\n<td>Type<\/td>\n<td>Montage manuel en azimut<\/td>\n<\/tr>\n<\/table>\n<table>\n<tr>\n<td>Max. Charge utile visuelle (kg)<\/td>\n<td>6.00<\/td>\n<\/tr>\n<\/table>\n<table>\n<tr>\n<td>Poids total du support (kg)<\/td>\n<td>9,40<\/td>\n<\/tr>\n<\/table>\n","protected":false},"excerpt":{"rendered":"<p>Support de t\u00e9lescope Skywatcher Heavy Azimuth avec tr\u00e9pied avec pieds en acier inoxydable de 1,75&Prime;<\/p>\n","protected":false},"featured_media":4750,"comment_status":"closed","ping_status":"open","template":"","meta":{"_acf_changed":false},"product_brand":[675],"product_cat":[1579,1339,1576,1567],"product_tag":[],"class_list":{"0":"post-61845","1":"product","2":"type-product","3":"status-publish","4":"has-post-thumbnail","6":"product_brand-skywatcher","7":"product_cat-azimutales","8":"product_cat-optique","9":"product_cat-telescope-pour-debutants","10":"product_cat-telescopes-fr","12":"first","13":"instock","14":"taxable","15":"shipping-taxable","16":"purchasable","17":"product-type-simple"},"acf":[],"_links":{"self":[{"href":"https:\/\/www.teleskopshop.ch\/fr\/wp-json\/wp\/v2\/product\/61845","targetHints":{"allow":["GET"]}}],"collection":[{"href":"https:\/\/www.teleskopshop.ch\/fr\/wp-json\/wp\/v2\/product"}],"about":[{"href":"https:\/\/www.teleskopshop.ch\/fr\/wp-json\/wp\/v2\/types\/product"}],"replies":[{"embeddable":true,"href":"https:\/\/www.teleskopshop.ch\/fr\/wp-json\/wp\/v2\/comments?post=61845"}],"wp:featuredmedia":[{"embeddable":true,"href":"https:\/\/www.teleskopshop.ch\/fr\/wp-json\/wp\/v2\/media\/4750"}],"wp:attachment":[{"href":"https:\/\/www.teleskopshop.ch\/fr\/wp-json\/wp\/v2\/media?parent=61845"}],"wp:term":[{"taxonomy":"product_brand","embeddable":true,"href":"https:\/\/www.teleskopshop.ch\/fr\/wp-json\/wp\/v2\/product_brand?post=61845"},{"taxonomy":"product_cat","embeddable":true,"href":"https:\/\/www.teleskopshop.ch\/fr\/wp-json\/wp\/v2\/product_cat?post=61845"},{"taxonomy":"product_tag","embeddable":true,"href":"https:\/\/www.teleskopshop.ch\/fr\/wp-json\/wp\/v2\/product_tag?post=61845"}],"curies":[{"name":"wp","href":"https:\/\/api.w.org\/{rel}","templated":true}]}}