{"id":61839,"date":"2022-05-09T00:00:00","date_gmt":"2022-05-08T22:00:00","guid":{"rendered":"https:\/\/2025.teleskopshop.ch\/shop\/non%20class\u00e9\/skytee-2-teleskop-montierung\/"},"modified":"2025-01-25T11:56:55","modified_gmt":"2025-01-25T10:56:55","slug":"skytee-2-teleskop-montierung","status":"publish","type":"product","link":"https:\/\/www.teleskopshop.ch\/fr\/shop\/optique\/telescopes-fr\/telescope-pour-debutants\/azimutales\/skytee-2-teleskop-montierung\/","title":{"rendered":"Monture de t\u00e9lescope SkyTee 2"},"content":{"rendered":"<p>L&rsquo;OVL Skytee-2 est une monture azimutale lourde capable de faire fonctionner en parall\u00e8le 2 t\u00e9lescopes pesant chacun jusqu&rsquo;\u00e0 15 kg. Il y a un accouplement \u00e0 queue d&rsquo;aronde de type Skywatcher\/Vixen de chaque c\u00f4t\u00e9 du support. Les axes peuvent \u00eatre r\u00e9gl\u00e9s finement manuellement via des arbres de commande. Les contrepoids Skywatcher peuvent \u00eatre utilis\u00e9s sur la barre de contrepoids int\u00e9gr\u00e9e. La monture est destin\u00e9e \u00e0 \u00eatre mont\u00e9e sur un tr\u00e9pied en acier inoxydable Skywatcher 1,75&Prime; (EQ5 ou HEQ5). Ce tr\u00e9pied est disponible en option. Contenu de la livraison : monture azimutale Skytee-2 (livr\u00e9e sans tr\u00e9pied !) ! L&rsquo;alimentation et les piles ne sont pas compris dans la livraison !<\/p>\n<p>G\u00e9n\u00e9ralit\u00e9s<\/p>\n<table>\n<tr>\n<td>Poids<\/td>\n<p> d&rsquo;exp\u00e9dition <\/p>\n<td>6,5 kg<\/td>\n<\/tr>\n<\/table>\n<table>\n<tr>\n<td>Taille<\/td>\n<p> d&rsquo;exp\u00e9dition <\/p>\n<td>39x34x23cm<\/td>\n<\/tr>\n<\/table>\n<p>Monter<\/p>\n<table>\n<tr>Monture manuelle de <\/p>\n<td>type<\/td>\n<td>Azimuth pour 2 t\u00e9lescopes<\/td>\n<\/tr>\n<\/table>\n<table>\n<tr>\n<td>Max. Charge utile visuelle (kg)<\/td>\n<td>15.00<\/td>\n<\/tr>\n<\/table>\n<table>\n<tr>\n<td>Poids total du support (kg)<\/td>\n<td>4,90<\/td>\n<\/tr>\n<\/table>\n","protected":false},"excerpt":{"rendered":"<p>Monture azimutale lourde pour 2 t\u00e9lescopes<\/p>\n","protected":false},"featured_media":4742,"comment_status":"closed","ping_status":"open","template":"","meta":{"_acf_changed":false},"product_brand":[677],"product_cat":[1579,1339,1576,1567],"product_tag":[],"class_list":{"0":"post-61839","1":"product","2":"type-product","3":"status-publish","4":"has-post-thumbnail","6":"product_brand-skytee","7":"product_cat-azimutales","8":"product_cat-optique","9":"product_cat-telescope-pour-debutants","10":"product_cat-telescopes-fr","12":"first","13":"instock","14":"taxable","15":"shipping-taxable","16":"purchasable","17":"product-type-simple"},"acf":[],"_links":{"self":[{"href":"https:\/\/www.teleskopshop.ch\/fr\/wp-json\/wp\/v2\/product\/61839","targetHints":{"allow":["GET"]}}],"collection":[{"href":"https:\/\/www.teleskopshop.ch\/fr\/wp-json\/wp\/v2\/product"}],"about":[{"href":"https:\/\/www.teleskopshop.ch\/fr\/wp-json\/wp\/v2\/types\/product"}],"replies":[{"embeddable":true,"href":"https:\/\/www.teleskopshop.ch\/fr\/wp-json\/wp\/v2\/comments?post=61839"}],"wp:featuredmedia":[{"embeddable":true,"href":"https:\/\/www.teleskopshop.ch\/fr\/wp-json\/wp\/v2\/media\/4742"}],"wp:attachment":[{"href":"https:\/\/www.teleskopshop.ch\/fr\/wp-json\/wp\/v2\/media?parent=61839"}],"wp:term":[{"taxonomy":"product_brand","embeddable":true,"href":"https:\/\/www.teleskopshop.ch\/fr\/wp-json\/wp\/v2\/product_brand?post=61839"},{"taxonomy":"product_cat","embeddable":true,"href":"https:\/\/www.teleskopshop.ch\/fr\/wp-json\/wp\/v2\/product_cat?post=61839"},{"taxonomy":"product_tag","embeddable":true,"href":"https:\/\/www.teleskopshop.ch\/fr\/wp-json\/wp\/v2\/product_tag?post=61839"}],"curies":[{"name":"wp","href":"https:\/\/api.w.org\/{rel}","templated":true}]}}