{"id":61833,"date":"2022-05-09T00:00:00","date_gmt":"2022-05-08T22:00:00","guid":{"rendered":"https:\/\/2025.teleskopshop.ch\/shop\/non%20class\u00e9\/skywatcher-teleskop-startravel-80-eq1\/"},"modified":"2025-01-25T11:56:32","modified_gmt":"2025-01-25T10:56:32","slug":"skywatcher-teleskop-startravel-80-eq1","status":"publish","type":"product","link":"https:\/\/www.teleskopshop.ch\/fr\/shop\/optique\/telescopes-fr\/telescope-pour-debutants\/equatorial-fr\/skywatcher-teleskop-startravel-80-eq1\/","title":{"rendered":"T\u00e9lescope Skywatcher Startravel 80 EQ1"},"content":{"rendered":"<p>L&rsquo;optique du t\u00e9lescope&nbsp;: les t\u00e9lescopes Skywatcher Startravel sont des r\u00e9fracteurs achromatiques \u00e0 2 \u00e9l\u00e9ments espac\u00e9s dans l&rsquo;air qui conviennent bien aux observations \u00e0 large champ des com\u00e8tes, des champs d&rsquo;\u00e9toiles, des amas d&rsquo;\u00e9toiles, des n\u00e9buleuses, des galaxies et des plan\u00e8tes plus brillantes, de la lune et du soleil (avec un , filtre de s\u00e9curit\u00e9), mais aussi l&rsquo;observation terrestre de jour lorsqu&rsquo;il est utilis\u00e9 avec un prisme d&rsquo;Amici 1,25&Prime; (disponible en option). Ce t\u00e9lescope \u00e0 grand champ avec son tube court peut \u00e9galement \u00eatre utilis\u00e9 avec une ouverture fixe pour l&rsquo;astrophotographie ou la photographie terrestre. Son Le rapport focal rapide le rend id\u00e9al pour la photographie de la lune et des \u00e9clipses solaires ainsi que pour la photographie de la nature. La monture de t\u00e9lescope : cette plus petite monture \u00e9quatoriale de Skywatcher correspond d\u00e9j\u00e0 \u00e0 la structure des mod\u00e8les plus grands. Vous pouvez utiliser les tiges flexibles pour ajuster et suivre l&rsquo;objet dans le t\u00e9lescope. Pour un mouvement rapide, vous pouvez desserrer les pinces sur les essieux Une particularit\u00e9 de cette monture est que vous pouvez \u00e9galement l&rsquo;utiliser comme une monture azimutale et pouvez \u00e9galement ajuster facilement les objets terrestres. En tant qu&rsquo;accessoire optionnel, il existe \u00e9galement un moteur d&rsquo;entra\u00eenement pour l&rsquo;axe d&rsquo;ascension droite pour ce support. Contenu de la livraison : T\u00e9lescope r\u00e9fracteur 80 mm Monture Skywatcher EQ1 Viseur 6&#215;30 Diagonale \u00e9toile 1,25&Prime; Oculaires : 10 mm et 25 mm 2x objectif Barlow de luxe avec adaptateur pour appareil photo Tr\u00e9pied en aluminium avec plaque de rangement ! L&rsquo;alimentation et les piles ne sont pas incluses dans la livraison !<\/p>\n<p>G\u00e9n\u00e9ralit\u00e9s<\/p>\n<table>\n<tr>\n<td>Poids<\/td>\n<p> d&rsquo;exp\u00e9dition <\/p>\n<td>10,1 kg<\/td>\n<\/tr>\n<\/table>\n<table>\n<tr>\n<td>Taille<\/td>\n<p> d&rsquo;exp\u00e9dition <\/p>\n<td>76x37x25cm<\/td>\n<\/tr>\n<\/table>\n<p>Optique<\/p>\n<table>\n<tr>\n<td>Type<\/td>\n<td>de r\u00e9fracteur achromatique<\/td>\n<\/tr>\n<\/table>\n<table>\n<tr>\n<td>Distance focale (mm)<\/td>\n<td>400<\/td>\n<\/tr>\n<\/table>\n<table>\n<tr>\n<td>Ouverture (mm)<\/td>\n<td>80<\/td>\n<\/tr>\n<\/table>\n<table>\n<tr>\n<td>Ouverture<\/td>\n<td>f:5<\/td>\n<\/tr>\n<\/table>\n<table>\n<tr>\n<td>Mise au point<\/td>\n<td>1.25&Prime;<\/td>\n<\/tr>\n<\/table>\n<table>\n<tr>\n<td>Poids du tube (kg)<\/td>\n<td>1,80<\/td>\n<\/tr>\n<\/table>\n<\/td>\n<td>Monter<\/p>\n<table>\n<tr>\n<td>Monture \u00e9quatoriale<\/td>\n<td>EQ1<\/td>\n<\/tr>\n<\/table>\n<table>\n<tr>\n<td>Max. Charge utile visuelle (kg)<\/td>\n<td>3.00<\/td>\n<\/tr>\n<\/table>\n<table>\n<tr>\n<td>Poids total du support (kg)<\/td>\n<td>3,50<\/td>\n<\/tr>\n<\/table>\n","protected":false},"excerpt":{"rendered":"<p>T\u00e9lescope r\u00e9fracteur Skywatcher 80 mm (3,1&Prime;) F\/400 avec monture \u00e9quatoriale EQ1<\/p>\n","protected":false},"featured_media":5382,"comment_status":"closed","ping_status":"open","template":"","meta":{"_acf_changed":false},"product_brand":[675],"product_cat":[1591,1339,1576,1567],"product_tag":[],"class_list":{"0":"post-61833","1":"product","2":"type-product","3":"status-publish","4":"has-post-thumbnail","6":"product_brand-skywatcher","7":"product_cat-equatorial-fr","8":"product_cat-optique","9":"product_cat-telescope-pour-debutants","10":"product_cat-telescopes-fr","12":"first","13":"instock","14":"taxable","15":"shipping-taxable","16":"purchasable","17":"product-type-simple"},"acf":[],"_links":{"self":[{"href":"https:\/\/www.teleskopshop.ch\/fr\/wp-json\/wp\/v2\/product\/61833","targetHints":{"allow":["GET"]}}],"collection":[{"href":"https:\/\/www.teleskopshop.ch\/fr\/wp-json\/wp\/v2\/product"}],"about":[{"href":"https:\/\/www.teleskopshop.ch\/fr\/wp-json\/wp\/v2\/types\/product"}],"replies":[{"embeddable":true,"href":"https:\/\/www.teleskopshop.ch\/fr\/wp-json\/wp\/v2\/comments?post=61833"}],"wp:featuredmedia":[{"embeddable":true,"href":"https:\/\/www.teleskopshop.ch\/fr\/wp-json\/wp\/v2\/media\/5382"}],"wp:attachment":[{"href":"https:\/\/www.teleskopshop.ch\/fr\/wp-json\/wp\/v2\/media?parent=61833"}],"wp:term":[{"taxonomy":"product_brand","embeddable":true,"href":"https:\/\/www.teleskopshop.ch\/fr\/wp-json\/wp\/v2\/product_brand?post=61833"},{"taxonomy":"product_cat","embeddable":true,"href":"https:\/\/www.teleskopshop.ch\/fr\/wp-json\/wp\/v2\/product_cat?post=61833"},{"taxonomy":"product_tag","embeddable":true,"href":"https:\/\/www.teleskopshop.ch\/fr\/wp-json\/wp\/v2\/product_tag?post=61833"}],"curies":[{"name":"wp","href":"https:\/\/api.w.org\/{rel}","templated":true}]}}