{"id":61804,"date":"2022-05-09T00:00:00","date_gmt":"2022-05-08T22:00:00","guid":{"rendered":"https:\/\/2025.teleskopshop.ch\/shop\/non%20class\u00e9\/skywatcher-teleskop-explorer-130p\/"},"modified":"2025-01-25T11:56:20","modified_gmt":"2025-01-25T10:56:20","slug":"skywatcher-teleskop-explorer-130p","status":"publish","type":"product","link":"https:\/\/www.teleskopshop.ch\/fr\/shop\/optique\/telescopes-fr\/telescope-pour-debutants\/equatorial-fr\/skywatcher-teleskop-explorer-130p\/","title":{"rendered":"Skywatcher T\u00e9lescope Explorer 130P"},"content":{"rendered":"<p>L&rsquo;optique du t\u00e9lescope : Le t\u00e9lescope newtonien Skywatcher Explorer-130P est un excellent choix pour les d\u00e9butants avertis et m\u00e9rite \u00e9galement les \u00e9loges des astronomes plus exp\u00e9riment\u00e9s. Avec l&rsquo;ouverture utile de 130 mm, combin\u00e9e \u00e0 un miroir parabolique de haute qualit\u00e9, ce t\u00e9lescope est un bon polyvalent pour observer la lune, les plan\u00e8tes brillantes, les n\u00e9buleuses, les galaxies et aussi les amas d&rsquo;\u00e9toiles. Les t\u00e9lescopes Explorer-130P sont \u00e9quip\u00e9s d&rsquo;un miroir parabolique de qualit\u00e9 sup\u00e9rieure, que l&rsquo;on ne trouve normalement que dans les t\u00e9lescopes plus grands et plus chers, pour \u00e9liminer les erreurs sph\u00e9riques et fournir une image plus nette avec un contraste plus \u00e9lev\u00e9 et des d\u00e9tails plus riches. Un miroir parabolique recueille tous les rayons lumineux entrants en un point pour une mise au point parfaite. De plus, nous utilisons des entretoises particuli\u00e8rement fines de 0,5 mm pour accrocher le miroir secondaire, ce qui r\u00e9duit les effets de diffraction et les pertes de lumi\u00e8re. La monture de t\u00e9lescope : La monture \u00e9quatoriale EQ2 vous permet de suivre facilement un objet \u00e0 l&rsquo;aide des tiges flexibles une fois qu&rsquo;il est align\u00e9 avec Polaris. Contenu de la livraison : t\u00e9lescope newtonien 130 mm monture Sky-Watcher EQ2 viseur point rouge oculaires : tr\u00e9pied en aluminium 10 mm et 25 mm avec plaque de rangement L&rsquo;alimentation et les piles ne sont pas incluses dans la livraison !<\/p>\n<p>G\u00e9n\u00e9ralit\u00e9s<\/p>\n<table>\n<tr>\n<td>Poids<\/td>\n<p> d&rsquo;exp\u00e9dition <\/p>\n<td>18,6 kg<\/td>\n<\/tr>\n<\/table>\n<table>\n<tr>\n<td>Taille<\/td>\n<p> d&rsquo;exp\u00e9dition <\/p>\n<td>106&#215;50.5x28cm<\/td>\n<\/tr>\n<\/table>\n<p>Optique<\/p>\n<table>\n<tr>\n<td>Type<\/td>\n<td>Newtonien \/ t\u00e9lescope r\u00e9fl\u00e9chissant<\/td>\n<\/tr>\n<\/table>\n<table>\n<tr>\n<td>Distance focale (mm)<\/td>\n<td>650<\/td>\n<\/tr>\n<\/table>\n<table>\n<tr>\n<td>Ouverture (mm)<\/td>\n<td>130<\/td>\n<\/tr>\n<\/table>\n<table>\n<tr>\n<td>Ouverture<\/td>\n<td>f:5<\/td>\n<\/tr>\n<\/table>\n<table>\n<tr>\n<td>Mise au point<\/td>\n<td>1.25&Prime;<\/td>\n<\/tr>\n<\/table>\n<table>\n<tr>\n<td>Poids du tube (kg)<\/td>\n<td>3,00<\/td>\n<\/tr>\n<\/table>\n<\/td>\n<td>Monter<\/p>\n<table>\n<tr>\n<td>Type<\/td>\n<td>: Monture manuelle \u00e9quatoriale<\/td>\n<\/tr>\n<\/table>\n<table>\n<tr>\n<td>Max. Charge utile visuelle (kg)<\/td>\n<td>4.00<\/td>\n<\/tr>\n<\/table>\n<table>\n<tr>\n<td>Poids total du support (kg)<\/td>\n<td>7,00<\/td>\n<\/tr>\n<\/table>\n","protected":false},"excerpt":{"rendered":"<p>T\u00e9lescope \u00e0 miroir Skywatcher 130 mm (5,1&Prime;) F\/650 Newton avec miroir parabolique et monture EQ2<\/p>\n","protected":false},"featured_media":5358,"comment_status":"closed","ping_status":"open","template":"","meta":{"_acf_changed":false},"product_brand":[675],"product_cat":[1591,1339,1576,1567],"product_tag":[],"class_list":{"0":"post-61804","1":"product","2":"type-product","3":"status-publish","4":"has-post-thumbnail","6":"product_brand-skywatcher","7":"product_cat-equatorial-fr","8":"product_cat-optique","9":"product_cat-telescope-pour-debutants","10":"product_cat-telescopes-fr","12":"first","13":"instock","14":"taxable","15":"shipping-taxable","16":"purchasable","17":"product-type-simple"},"acf":[],"_links":{"self":[{"href":"https:\/\/www.teleskopshop.ch\/fr\/wp-json\/wp\/v2\/product\/61804","targetHints":{"allow":["GET"]}}],"collection":[{"href":"https:\/\/www.teleskopshop.ch\/fr\/wp-json\/wp\/v2\/product"}],"about":[{"href":"https:\/\/www.teleskopshop.ch\/fr\/wp-json\/wp\/v2\/types\/product"}],"replies":[{"embeddable":true,"href":"https:\/\/www.teleskopshop.ch\/fr\/wp-json\/wp\/v2\/comments?post=61804"}],"wp:featuredmedia":[{"embeddable":true,"href":"https:\/\/www.teleskopshop.ch\/fr\/wp-json\/wp\/v2\/media\/5358"}],"wp:attachment":[{"href":"https:\/\/www.teleskopshop.ch\/fr\/wp-json\/wp\/v2\/media?parent=61804"}],"wp:term":[{"taxonomy":"product_brand","embeddable":true,"href":"https:\/\/www.teleskopshop.ch\/fr\/wp-json\/wp\/v2\/product_brand?post=61804"},{"taxonomy":"product_cat","embeddable":true,"href":"https:\/\/www.teleskopshop.ch\/fr\/wp-json\/wp\/v2\/product_cat?post=61804"},{"taxonomy":"product_tag","embeddable":true,"href":"https:\/\/www.teleskopshop.ch\/fr\/wp-json\/wp\/v2\/product_tag?post=61804"}],"curies":[{"name":"wp","href":"https:\/\/api.w.org\/{rel}","templated":true}]}}