{"id":61801,"date":"2022-05-09T00:00:00","date_gmt":"2022-05-08T22:00:00","guid":{"rendered":"https:\/\/2025.teleskopshop.ch\/shop\/non%20class\u00e9\/skywatcher-teleskop-explorer-130m\/"},"modified":"2025-03-03T09:41:39","modified_gmt":"2025-03-03T08:41:39","slug":"skywatcher-teleskop-explorer-130m","status":"publish","type":"product","link":"https:\/\/www.teleskopshop.ch\/fr\/shop\/optique\/telescopes-fr\/telescope-pour-debutants\/equatorial-fr\/skywatcher-teleskop-explorer-130m\/","title":{"rendered":"Skywatcher Teleskop Explorer 130M"},"content":{"rendered":"<p>Die Teleskop Optik: Das Skywatcher Newton Teleskop Explorer-130M ist eine gro\u00dfartige Wahl f\u00fcr den anspruchsvollen Anf\u00e4nger und erntet gro\u00dfen Lob auch von erfahreneren Astronomen. Mit der sinnvollen \u00d6ffnung von 130 mm, kombiniert mit einem hochwertigen Parbol Spiegel ist dieses Teleskop ein guter Allrounder f\u00fcr die Beobachtung von Mond, hellen Planeten, Nebeln, Galaxien und auch Sternhaufen. Die Teleskop Montierung: Die EQ2 \u00c4quatoriale Montierung erm\u00f6glicht Ihnen leicht ein Objekt mit Hilfe der biegsamen Wellen nachzuf\u00fchren, nachdem sie einmal auf den Polarstern ausgerichtet wurde. Alternativ bietet dieses Version aber auch die motorische Nachf\u00fchrung in der Rektaszensionsachse und macht es Ihnen so besonders leicht die gew\u00fcnschten Objekte \u00fcber l\u00e4ngere Zeit zu beobachten. Lieferumfang: 130mm Newton Teleskop Sky-Watcher EQ2 Montierung RA Motor Antrieb mit Handbox Leuchtpunkt Sucher Okulare: 10mm &amp; 25mm Aluminium Stativ mit Ablageplatte !Stromversorgung und Batterien sind nicht im Lieferumfang enthalten!<br \/>\nAllgemein<\/p>\n<table>\n<tbody>\n<tr>\n<td>Versandgewicht<\/td>\n<td>19.6kg<\/td>\n<\/tr>\n<\/tbody>\n<\/table>\n<table>\n<tbody>\n<tr>\n<td>Versandgr\u00f6\u00dfe<\/td>\n<td>110x51x26cm<\/td>\n<\/tr>\n<\/tbody>\n<\/table>\n<p>Optik<\/p>\n<table>\n<tbody>\n<tr>\n<td>Bauart<\/td>\n<td>Newton \/ Spiegelteleskop<\/td>\n<\/tr>\n<\/tbody>\n<\/table>\n<table>\n<tbody>\n<tr>\n<td>Brennweite (mm)<\/td>\n<td>900<\/td>\n<\/tr>\n<\/tbody>\n<\/table>\n<table>\n<tbody>\n<tr>\n<td>\u00d6ffnung (mm)<\/td>\n<td>130<\/td>\n<\/tr>\n<\/tbody>\n<\/table>\n<table>\n<tbody>\n<tr>\n<td>\u00d6ffnungsverh\u00e4ltnis<\/td>\n<td>f:6.92<\/td>\n<\/tr>\n<\/tbody>\n<\/table>\n<table>\n<tbody>\n<tr>\n<td>Okularauszug<\/td>\n<td>1.25&Prime;<\/td>\n<\/tr>\n<\/tbody>\n<\/table>\n<table>\n<tbody>\n<tr>\n<td>Tubusgewicht (kg)<\/td>\n<td>3.50<\/td>\n<\/tr>\n<\/tbody>\n<\/table>\n<p>Montierung<\/p>\n<table>\n<tbody>\n<tr>\n<td>Typ<\/td>\n<td>\u00c4quatoriale Montierung mit Motorantrieb in Rektazension<\/td>\n<\/tr>\n<\/tbody>\n<\/table>\n<table>\n<tbody>\n<tr>\n<td>Max. Zuladung visuell (kg)<\/td>\n<td>4.00<\/td>\n<\/tr>\n<\/tbody>\n<\/table>\n<table>\n<tbody>\n<tr>\n<td>Montierungsgewicht gesamt (kg)<\/td>\n<td>7.50<\/td>\n<\/tr>\n<\/tbody>\n<\/table>\n","protected":false},"excerpt":{"rendered":"<p>Vielen Dank f\u00fcr Ihren Besuch bei Teleskopshop.ch. <\/p>\n<p>Es freut uns, Ihnen das Produkt <b>Skywatcher Teleskop Explorer 130M<\/b> zu den nachfolgenden Konditionen anbieten zu d\u00fcrfen.<\/p>\n","protected":false},"featured_media":5354,"comment_status":"closed","ping_status":"closed","template":"","meta":{"_acf_changed":false},"product_brand":[675],"product_cat":[1591,1339,1576,1567],"product_tag":[],"class_list":{"0":"post-61801","1":"product","2":"type-product","3":"status-publish","4":"has-post-thumbnail","6":"product_brand-skywatcher","7":"product_cat-equatorial-fr","8":"product_cat-optique","9":"product_cat-telescope-pour-debutants","10":"product_cat-telescopes-fr","12":"first","13":"instock","14":"sale","15":"taxable","16":"shipping-taxable","17":"purchasable","18":"product-type-simple"},"acf":[],"_links":{"self":[{"href":"https:\/\/www.teleskopshop.ch\/fr\/wp-json\/wp\/v2\/product\/61801","targetHints":{"allow":["GET"]}}],"collection":[{"href":"https:\/\/www.teleskopshop.ch\/fr\/wp-json\/wp\/v2\/product"}],"about":[{"href":"https:\/\/www.teleskopshop.ch\/fr\/wp-json\/wp\/v2\/types\/product"}],"replies":[{"embeddable":true,"href":"https:\/\/www.teleskopshop.ch\/fr\/wp-json\/wp\/v2\/comments?post=61801"}],"wp:featuredmedia":[{"embeddable":true,"href":"https:\/\/www.teleskopshop.ch\/fr\/wp-json\/wp\/v2\/media\/5354"}],"wp:attachment":[{"href":"https:\/\/www.teleskopshop.ch\/fr\/wp-json\/wp\/v2\/media?parent=61801"}],"wp:term":[{"taxonomy":"product_brand","embeddable":true,"href":"https:\/\/www.teleskopshop.ch\/fr\/wp-json\/wp\/v2\/product_brand?post=61801"},{"taxonomy":"product_cat","embeddable":true,"href":"https:\/\/www.teleskopshop.ch\/fr\/wp-json\/wp\/v2\/product_cat?post=61801"},{"taxonomy":"product_tag","embeddable":true,"href":"https:\/\/www.teleskopshop.ch\/fr\/wp-json\/wp\/v2\/product_tag?post=61801"}],"curies":[{"name":"wp","href":"https:\/\/api.w.org\/{rel}","templated":true}]}}