{"id":61798,"date":"2022-05-09T00:00:00","date_gmt":"2022-05-08T22:00:00","guid":{"rendered":"https:\/\/2025.teleskopshop.ch\/shop\/non%20class\u00e9\/skywatcher-teleskop-explorer-130-eq2\/"},"modified":"2025-01-25T11:56:36","modified_gmt":"2025-01-25T10:56:36","slug":"skywatcher-teleskop-explorer-130-eq2","status":"publish","type":"product","link":"https:\/\/www.teleskopshop.ch\/fr\/shop\/optique\/telescopes-fr\/telescope-pour-debutants\/equatorial-fr\/skywatcher-teleskop-explorer-130-eq2\/","title":{"rendered":"T\u00e9lescope Skywatcher Explorer 130 EQ2"},"content":{"rendered":"<p>L&rsquo;optique du t\u00e9lescope : Le t\u00e9lescope newtonien Skywatcher Explorer-130P est un excellent choix pour les d\u00e9butants avertis et m\u00e9rite \u00e9galement les \u00e9loges des astronomes plus exp\u00e9riment\u00e9s. Avec l&rsquo;ouverture utile de 130 mm, combin\u00e9e \u00e0 un miroir parabolique de haute qualit\u00e9, ce t\u00e9lescope est un bon polyvalent pour observer la lune, les plan\u00e8tes brillantes, les n\u00e9buleuses, les galaxies et aussi les amas d&rsquo;\u00e9toiles. La monture de t\u00e9lescope : Cette petite monture \u00e9quatoriale de Skywatcher correspond aux mod\u00e8les plus grands en termes de structure. Vous pouvez utiliser les arbres flexibles pour ajuster et suivre l&rsquo;objet dans le t\u00e9lescope. Vous pouvez desserrer les pinces sur les axes pour un mouvement rapide. En tant qu&rsquo;accessoire optionnel, il existe \u00e9galement un moteur d&rsquo;entra\u00eenement pour l&rsquo;axe d&rsquo;ascension droite pour ce support. Contenu de la livraison : T\u00e9lescope newtonien 130 mm Monture Skywatcher EQ2 Chercheur point rouge Oculaires : 10 mm et 25 mm 2x Lentille de Barlow Tr\u00e9pied en aluminium avec plaque de rangement L&rsquo;alimentation et les piles ne sont pas incluses dans la livraison !<br \/>\nG\u00e9n\u00e9ralit\u00e9s<\/p>\n<table>\n<tbody>\n<tr>\n<td>Poids \u00e0 l\u2019exp\u00e9dition<\/td>\n<td>19,1 kg<\/td>\n<\/tr>\n<\/tbody>\n<\/table>\n<table>\n<tbody>\n<tr>\n<td>Taille de l\u2019exp\u00e9dition<\/td>\n<td>110x51x27cm<\/td>\n<\/tr>\n<\/tbody>\n<\/table>\n<p>Optique<\/p>\n<table>\n<tbody>\n<tr>\n<td>Concevoir<\/td>\n<td>Newtonien \/ T\u00e9lescope r\u00e9fl\u00e9chissant<\/td>\n<\/tr>\n<\/tbody>\n<\/table>\n<table>\n<tbody>\n<tr>\n<td>Distance focale (mm)<\/td>\n<td>900<\/td>\n<\/tr>\n<\/tbody>\n<\/table>\n<table>\n<tbody>\n<tr>\n<td>Ouverture (mm)<\/td>\n<td>130<\/td>\n<\/tr>\n<\/tbody>\n<\/table>\n<table>\n<tbody>\n<tr>\n<td>Rapport focal<\/td>\n<td>Q:6.92<\/td>\n<\/tr>\n<\/tbody>\n<\/table>\n<table>\n<tbody>\n<tr>\n<td>Mise au point<\/td>\n<td>1.25&Prime;<\/td>\n<\/tr>\n<\/tbody>\n<\/table>\n<table>\n<tbody>\n<tr>\n<td>Poids du tube (kg)<\/td>\n<td>4.20<\/td>\n<\/tr>\n<\/tbody>\n<\/table>\n<p>Monter<\/p>\n<table>\n<tbody>\n<tr>\n<td>Type<\/td>\n<td>EQ2 \u00e0 montage manuel \u00e9quatorial<\/td>\n<\/tr>\n<\/tbody>\n<\/table>\n<table>\n<tbody>\n<tr>\n<td>Max. Charge utile visuelle (kg)<\/td>\n<td>4.00<\/td>\n<\/tr>\n<\/tbody>\n<\/table>\n<table>\n<tbody>\n<tr>\n<td>Poids total de la monture (kg)<\/td>\n<td>7.00<\/td>\n<\/tr>\n<\/tbody>\n<\/table>\n","protected":false},"excerpt":{"rendered":"<p>T\u00e9lescope \u00e0 r\u00e9flexion newtonien Skywatcher 130 mm (5,1&Prime;) F\/900 avec monture EQ2 \u00e9quatoriale<\/p>\n","protected":false},"featured_media":5350,"comment_status":"closed","ping_status":"open","template":"","meta":{"_acf_changed":false},"product_brand":[675],"product_cat":[1591,1339,1576,1567],"product_tag":[],"class_list":{"0":"post-61798","1":"product","2":"type-product","3":"status-publish","4":"has-post-thumbnail","6":"product_brand-skywatcher","7":"product_cat-equatorial-fr","8":"product_cat-optique","9":"product_cat-telescope-pour-debutants","10":"product_cat-telescopes-fr","12":"first","13":"instock","14":"taxable","15":"shipping-taxable","16":"purchasable","17":"product-type-simple"},"acf":[],"_links":{"self":[{"href":"https:\/\/www.teleskopshop.ch\/fr\/wp-json\/wp\/v2\/product\/61798","targetHints":{"allow":["GET"]}}],"collection":[{"href":"https:\/\/www.teleskopshop.ch\/fr\/wp-json\/wp\/v2\/product"}],"about":[{"href":"https:\/\/www.teleskopshop.ch\/fr\/wp-json\/wp\/v2\/types\/product"}],"replies":[{"embeddable":true,"href":"https:\/\/www.teleskopshop.ch\/fr\/wp-json\/wp\/v2\/comments?post=61798"}],"wp:featuredmedia":[{"embeddable":true,"href":"https:\/\/www.teleskopshop.ch\/fr\/wp-json\/wp\/v2\/media\/5350"}],"wp:attachment":[{"href":"https:\/\/www.teleskopshop.ch\/fr\/wp-json\/wp\/v2\/media?parent=61798"}],"wp:term":[{"taxonomy":"product_brand","embeddable":true,"href":"https:\/\/www.teleskopshop.ch\/fr\/wp-json\/wp\/v2\/product_brand?post=61798"},{"taxonomy":"product_cat","embeddable":true,"href":"https:\/\/www.teleskopshop.ch\/fr\/wp-json\/wp\/v2\/product_cat?post=61798"},{"taxonomy":"product_tag","embeddable":true,"href":"https:\/\/www.teleskopshop.ch\/fr\/wp-json\/wp\/v2\/product_tag?post=61798"}],"curies":[{"name":"wp","href":"https:\/\/api.w.org\/{rel}","templated":true}]}}