{"id":61789,"date":"2022-05-09T00:00:00","date_gmt":"2022-05-08T22:00:00","guid":{"rendered":"https:\/\/2025.teleskopshop.ch\/shop\/non%20class\u00e9\/skywatcher-teleskop-capricorn-70-eq1\/"},"modified":"2025-01-25T11:49:01","modified_gmt":"2025-01-25T10:49:01","slug":"skywatcher-teleskop-capricorn-70-eq1","status":"publish","type":"product","link":"https:\/\/www.teleskopshop.ch\/fr\/shop\/optique\/telescopes-fr\/telescope-pour-debutants\/equatorial-fr\/skywatcher-teleskop-capricorn-70-eq1\/","title":{"rendered":"T\u00e9lescope Skywatcher Capricorne 70 EQ1"},"content":{"rendered":"<p>L&rsquo;optique du t\u00e9lescope : Le t\u00e9lescope r\u00e9fracteur Skywatcher Capricorn-70 est un r\u00e9fracteur achromatique classique \u00e0 2 \u00e9l\u00e9ments de tr\u00e8s bonne qualit\u00e9 et constitue donc un excellent choix pour les astronomes d\u00e9butants int\u00e9ress\u00e9s. Il permet des vues m\u00e9morables de la lune, des \u00e9toiles, des amas d&rsquo;\u00e9toiles, des plan\u00e8tes lumineuses, des n\u00e9buleuses et des galaxies. La monture de t\u00e9lescope : Cette plus petite monture \u00e9quatoriale de Skywatcher correspond d\u00e9j\u00e0 aux mod\u00e8les plus grands en termes de structure. Vous pouvez utiliser les arbres flexibles pour ajuster et suivre l&rsquo;objet dans le t\u00e9lescope. Vous pouvez desserrer les pinces sur les axes pour un mouvement rapide. Une particularit\u00e9 de cette monture est que vous pouvez \u00e9galement l&rsquo;utiliser comme une monture azimutale et pouvez \u00e9galement ajuster facilement les objets terrestres. En tant qu&rsquo;accessoire optionnel, il existe \u00e9galement un moteur d&rsquo;entra\u00eenement pour l&rsquo;axe d&rsquo;ascension droite pour ce support. Contenu de la livraison : T\u00e9lescope r\u00e9fracteur 70 mm Monture Skywatcher EQ1 Viseur point rouge Diagonale \u00e9toile 1,25&Prime; Oculaires : 10 mm et 25 mm 2x Lentille de Barlow Tr\u00e9pied en aluminium avec plaque de rangement ! L&rsquo;alimentation et les piles ne sont pas incluses dans la livraison !<br \/>\nG\u00e9n\u00e9ral<\/p>\n<table>\n<tbody>\n<tr>\n<td>Poids d\u2019exp\u00e9dition<\/td>\n<td>10,8 kg<\/td>\n<\/tr>\n<\/tbody>\n<\/table>\n<table>\n<tbody>\n<tr>\n<td>Taille d\u2019exp\u00e9dition<\/td>\n<td>110&#215;31.5&#215;25.5cm<\/td>\n<\/tr>\n<\/tbody>\n<\/table>\n<p>optique<\/p>\n<table>\n<tbody>\n<tr>\n<td>Concevoir<\/td>\n<td>R\u00e9fracteur achromatique<\/td>\n<\/tr>\n<\/tbody>\n<\/table>\n<table>\n<tbody>\n<tr>\n<td>Distance focale (mm)<\/td>\n<td>900<\/td>\n<\/tr>\n<\/tbody>\n<\/table>\n<table>\n<tbody>\n<tr>\n<td>Ouverture (mm)<\/td>\n<td>70<\/td>\n<\/tr>\n<\/tbody>\n<\/table>\n<table>\n<tbody>\n<tr>\n<td>Rapport focal<\/td>\n<td>Q:12.8<\/td>\n<\/tr>\n<\/tbody>\n<\/table>\n<table>\n<tbody>\n<tr>\n<td>Focuser<\/td>\n<td>1.25&Prime;<\/td>\n<\/tr>\n<\/tbody>\n<\/table>\n<table>\n<tbody>\n<tr>\n<td>Poids du tube (kg)<\/td>\n<td>1.70<\/td>\n<\/tr>\n<\/tbody>\n<\/table>\n<p>monter<\/p>\n<table>\n<tbody>\n<tr>\n<td>Taper<\/td>\n<td>EQ1 \u00e0 montage manuel \u00e9quatorial<\/td>\n<\/tr>\n<\/tbody>\n<\/table>\n<table>\n<tbody>\n<tr>\n<td>Max. Charge utile visuelle (kg)<\/td>\n<td>3.00<\/td>\n<\/tr>\n<\/tbody>\n<\/table>\n<table>\n<tbody>\n<tr>\n<td>Poids total de montage (kg)<\/td>\n<td>3.50<\/td>\n<\/tr>\n<\/tbody>\n<\/table>\n","protected":false},"excerpt":{"rendered":"<p>T\u00e9lescope r\u00e9fracteur Skywatcher 70 mm (2,75&Prime;) F\/900 avec monture \u00e9quatoriale EQ1<\/p>\n","protected":false},"featured_media":5338,"comment_status":"closed","ping_status":"open","template":"","meta":{"_acf_changed":false},"product_brand":[675],"product_cat":[1591,1339,1576,1567],"product_tag":[],"class_list":{"0":"post-61789","1":"product","2":"type-product","3":"status-publish","4":"has-post-thumbnail","6":"product_brand-skywatcher","7":"product_cat-equatorial-fr","8":"product_cat-optique","9":"product_cat-telescope-pour-debutants","10":"product_cat-telescopes-fr","12":"first","13":"instock","14":"taxable","15":"shipping-taxable","16":"purchasable","17":"product-type-simple"},"acf":[],"_links":{"self":[{"href":"https:\/\/www.teleskopshop.ch\/fr\/wp-json\/wp\/v2\/product\/61789","targetHints":{"allow":["GET"]}}],"collection":[{"href":"https:\/\/www.teleskopshop.ch\/fr\/wp-json\/wp\/v2\/product"}],"about":[{"href":"https:\/\/www.teleskopshop.ch\/fr\/wp-json\/wp\/v2\/types\/product"}],"replies":[{"embeddable":true,"href":"https:\/\/www.teleskopshop.ch\/fr\/wp-json\/wp\/v2\/comments?post=61789"}],"wp:featuredmedia":[{"embeddable":true,"href":"https:\/\/www.teleskopshop.ch\/fr\/wp-json\/wp\/v2\/media\/5338"}],"wp:attachment":[{"href":"https:\/\/www.teleskopshop.ch\/fr\/wp-json\/wp\/v2\/media?parent=61789"}],"wp:term":[{"taxonomy":"product_brand","embeddable":true,"href":"https:\/\/www.teleskopshop.ch\/fr\/wp-json\/wp\/v2\/product_brand?post=61789"},{"taxonomy":"product_cat","embeddable":true,"href":"https:\/\/www.teleskopshop.ch\/fr\/wp-json\/wp\/v2\/product_cat?post=61789"},{"taxonomy":"product_tag","embeddable":true,"href":"https:\/\/www.teleskopshop.ch\/fr\/wp-json\/wp\/v2\/product_tag?post=61789"}],"curies":[{"name":"wp","href":"https:\/\/api.w.org\/{rel}","templated":true}]}}