{"id":61756,"date":"2022-05-09T00:00:00","date_gmt":"2022-05-08T22:00:00","guid":{"rendered":"https:\/\/2025.teleskopshop.ch\/shop\/non%20class\u00e9\/skywatcher-teleskop-skyliner-250px-flextube-dobson\/"},"modified":"2025-09-05T18:02:38","modified_gmt":"2025-09-05T16:02:38","slug":"skywatcher-teleskop-skyliner-250px-flextube-dobson","status":"publish","type":"product","link":"https:\/\/www.teleskopshop.ch\/fr\/shop\/optique\/telescopes-fr\/dobsen-fr\/skywatcher-teleskop-skyliner-250px-flextube-dobson\/","title":{"rendered":"Skywatcher Teleskop Skyliner 250PX FlexTube Dobson"},"content":{"rendered":"<p>Die Teleskop Optik: Das Sky-Watcher Skyliner-250PX Flextube Dobson Teleskop enth\u00e4lt eine 254mm parabolische Newton Spiegel Optik. Mit der gro\u00dfen \u00d6ffnung ist sie sehr gut geeignet um auch schw\u00e4chere Deep Sky Objekte in hoher Aufl\u00f6sung und Kontrast beobachten zu k\u00f6nnen. Aber auch Planeten, Mond und alle anderen Objekte des Nachthimmels bereiten mit diesem Spiegelteleskop viel Freude. Die Teleskop Montierung: Die Kombination der Leistung des gro\u00dfen optischen Tubus mit dem besonders gut transportablen, patentierten, zusammenschiebbaren FlexTube Design erm\u00f6glicht es Ihnen ein Leistungsstarkes Teleskop \u00fcberall einzusetzen. Dobson Teleskope haben ein unglaublich gutes Preis-Leistungsverh\u00e4ltnis. Die Dobson Montierung wurde von John Dobson in den 1970er Jahren eingef\u00fchrt und ist eine einfache aber effiziente Methode, ein Newton Teleskop azimutal zu montieren. Es ist einfach und schnell aufzubauen und erlaubt eine Bewegung in Altitude (H\u00f6he) und Azimut. Das Geheimnis der Montierung ist dabei die exakte Balance des Teleskopes und die Verwendung von speziellen Materialien f\u00fcr die Friktion, die eine leichte, sanfte Bewegung zulassen und das Newton Teleskop sicher im Stillstand halten. Diese Montierung wurde f\u00fcr die Bewegung von Hand entwickelt. Sky-Watcher Dobson Teleskope bieten eine excellente Performance bei der Beobachtung von Mond, Planeten und Deep Sky Objekten wie Galaxien und Nebeln. Lieferumfang: 254mm Flextube Newton Teleskoptubus Dobson Montierung mit Zubeh\u00f6rablage 2\u201c Crayford Okularauszug, 1,25\u201c Adapter und Kameraanschlu\u00df 9&#215;50 Sucher Okulare: 10mm &#038; 25mm !Stromversorgung und Batterien sind nicht im Lieferumfang enthalten!<\/p>\n<p>Allgemein<\/p>\n<table>\n<tr>\n<td>Versandgewicht<\/td>\n<td>34.9kg<\/td>\n<\/tr>\n<\/table>\n<table>\n<tr>\n<td>Versandgr\u00f6\u00dfe<\/td>\n<td>95x47x48cm \/ 76x67x11.5cm<\/td>\n<\/tr>\n<\/table>\n<p>Optik<\/p>\n<table>\n<tr>\n<td>Bauart<\/td>\n<td>Newton \/ Spiegelteleskop<\/td>\n<\/tr>\n<\/table>\n<table>\n<tr>\n<td>Brennweite (mm)<\/td>\n<td>1200<\/td>\n<\/tr>\n<\/table>\n<table>\n<tr>\n<td>\u00d6ffnung (mm)<\/td>\n<td>254<\/td>\n<\/tr>\n<\/table>\n<table>\n<tr>\n<td>\u00d6ffnungsverh\u00e4ltnis<\/td>\n<td>f:4.72<\/td>\n<\/tr>\n<\/table>\n<table>\n<tr>\n<td>Okularauszug<\/td>\n<td>2\u00a0\u00bb<\/td>\n<\/tr>\n<\/table>\n<table>\n<tr>\n<td>Tubusgewicht (kg)<\/td>\n<td>14.30<\/td>\n<\/tr>\n<\/table>\n<\/td>\n<td>Montierung<\/p>\n<table>\n<tr>\n<td>Typ<\/td>\n<td>Azimutale Dobson Montierung<\/td>\n<\/tr>\n<\/table>\n<table>\n<tr>\n<td>Montierungsgewicht gesamt (kg)<\/td>\n<td>11.50<\/td>\n<\/tr>\n<\/table>\n","protected":false},"excerpt":{"rendered":"<p>Vielen Dank f\u00fcr Ihren Besuch bei Teleskopshop.ch. <\/p>\n<p>Es freut uns, Ihnen das Produkt <b>Skywatcher Teleskop Skyliner 250PX FlexTube Dobson<\/b> zu den nachfolgenden Konditionen anbieten zu d\u00fcrfen.<\/p>\n","protected":false},"featured_media":5538,"comment_status":"closed","ping_status":"closed","template":"","meta":{"_acf_changed":false},"product_brand":[675],"product_cat":[1573,1339,1567],"product_tag":[],"class_list":{"0":"post-61756","1":"product","2":"type-product","3":"status-publish","4":"has-post-thumbnail","6":"product_brand-skywatcher","7":"product_cat-dobsen-fr","8":"product_cat-optique","9":"product_cat-telescopes-fr","11":"first","12":"instock","13":"sale","14":"taxable","15":"shipping-taxable","16":"purchasable","17":"product-type-simple"},"acf":[],"_links":{"self":[{"href":"https:\/\/www.teleskopshop.ch\/fr\/wp-json\/wp\/v2\/product\/61756","targetHints":{"allow":["GET"]}}],"collection":[{"href":"https:\/\/www.teleskopshop.ch\/fr\/wp-json\/wp\/v2\/product"}],"about":[{"href":"https:\/\/www.teleskopshop.ch\/fr\/wp-json\/wp\/v2\/types\/product"}],"replies":[{"embeddable":true,"href":"https:\/\/www.teleskopshop.ch\/fr\/wp-json\/wp\/v2\/comments?post=61756"}],"wp:featuredmedia":[{"embeddable":true,"href":"https:\/\/www.teleskopshop.ch\/fr\/wp-json\/wp\/v2\/media\/5538"}],"wp:attachment":[{"href":"https:\/\/www.teleskopshop.ch\/fr\/wp-json\/wp\/v2\/media?parent=61756"}],"wp:term":[{"taxonomy":"product_brand","embeddable":true,"href":"https:\/\/www.teleskopshop.ch\/fr\/wp-json\/wp\/v2\/product_brand?post=61756"},{"taxonomy":"product_cat","embeddable":true,"href":"https:\/\/www.teleskopshop.ch\/fr\/wp-json\/wp\/v2\/product_cat?post=61756"},{"taxonomy":"product_tag","embeddable":true,"href":"https:\/\/www.teleskopshop.ch\/fr\/wp-json\/wp\/v2\/product_tag?post=61756"}],"curies":[{"name":"wp","href":"https:\/\/api.w.org\/{rel}","templated":true}]}}