{"id":61744,"date":"2022-05-09T00:00:00","date_gmt":"2022-05-08T22:00:00","guid":{"rendered":"https:\/\/2025.teleskopshop.ch\/shop\/non%20class\u00e9\/helios-sport-deluxe-10x25-kompaktfernglas\/"},"modified":"2025-01-25T11:54:52","modified_gmt":"2025-01-25T10:54:52","slug":"helios-sport-deluxe-10x25-kompaktfernglas","status":"publish","type":"product","link":"https:\/\/www.teleskopshop.ch\/fr\/shop\/optique\/jumelles-et-lunettes-dopera\/jumelles\/jumelles-helios\/helios-sport-deluxe-10x25-kompaktfernglas\/","title":{"rendered":"Jumelles compactes Helios Sport Deluxe 10&#215;25"},"content":{"rendered":"<p>Ces jumelles compactes Helios extr\u00eamement \u00e9l\u00e9gantes contiennent des optiques trait\u00e9es et des prismes BK7 de haute qualit\u00e9 et sont \u00e9quip\u00e9es d&rsquo;\u0153illetons r\u00e9glables et d&rsquo;un bo\u00eetier caoutchout\u00e9. Le m\u00e9canisme de mise au point est install\u00e9 compl\u00e8tement \u00e0 l&rsquo;int\u00e9rieur et est ainsi prot\u00e9g\u00e9 contre la p\u00e9n\u00e9tration de salet\u00e9. Le d\u00e9gagement oculaire de l&rsquo;oculaire est de 10,5 mm. L&rsquo;Helios Glas est livr\u00e9 avec une sangle de transport et une pochette souple avec une boucle de ceinture. Contenu de la livraison : sacoche pour jumelles 10&#215;25 avec bandouli\u00e8re !Alimentation et piles non incluses !<\/p>\n<p>G\u00e9n\u00e9ral<\/p>\n<table>\n<tr>\n<td>Poids<\/td>\n<p> d&rsquo;exp\u00e9dition <\/p>\n<td>0,316 kg<\/td>\n<\/tr>\n<\/table>\n<table>\n<tr>\n<td>Taille<\/td>\n<p> d&rsquo;exp\u00e9dition <\/p>\n<td>14x10x7cm<\/td>\n<\/tr>\n<\/table>\n<p>observation de la nature<\/p>\n<table>\n<tr>\n<td>Type<\/td>\n<td>jumelles compactes \u00e0 prismes en toit<\/td>\n<\/tr>\n<\/table>\n<table>\n<tr>\n<td>Grossissement<\/td>\n<td>10x<\/td>\n<\/tr>\n<\/table>\n<table>\n<tr>\n<td>Diam\u00e8tre de l&rsquo;objectif (mm)<\/td>\n<td>25<\/td>\n<\/tr>\n<\/table>\n<table>\n<tr>\n<td>Pupille de sortie (mm)<\/td>\n<td>2,50<\/td>\n<\/tr>\n<\/table>\n<table>\n<tr>\n<td>Syst\u00e8me de mise au point Mise au point<\/td>\n<td>centrale avec r\u00e9glage dioptrique unilat\u00e9ral<\/td>\n<\/tr>\n<\/table>\n<table>\n<tr>\n<td>Cr\u00e9puscule<\/td>\n<td>num\u00e9ro 15.81<\/td>\n<\/tr>\n<\/table>\n<table>\n<tr>\n<td>Intensit\u00e9<\/td>\n<p> lumineuse <\/p>\n<td>6.25<\/td>\n<\/tr>\n<\/table>\n<table>\n<tr>\n<td>Compensation de l&rsquo;objectif<\/td>\n<td>Oui<\/td>\n<\/tr>\n<\/table>\n<table>\n<tr>\n<td>D\u00e9gagement oculaire \u00e0 l&rsquo;oculaire (mm)<\/td>\n<td>10,50<\/td>\n<\/tr>\n<\/table>\n<table>\n<tr>Champ <\/p>\n<td>de vision \u00e0 1000m<\/td>\n<td>96m<\/td>\n<\/tr>\n<\/table>\n<table>\n<tr>\n<td>Distance minimale de mise au point (m)<\/td>\n<td>6,00<\/td>\n<\/tr>\n<\/table>\n","protected":false},"excerpt":{"rendered":"<p>Jumelles Helios 10&#215;25 avec prismes en toit et grossissement 8x<\/p>\n","protected":false},"featured_media":6158,"comment_status":"closed","ping_status":"open","template":"","meta":{"_acf_changed":false},"product_brand":[682],"product_cat":[1345,1342,1357,1339],"product_tag":[],"class_list":{"0":"post-61744","1":"product","2":"type-product","3":"status-publish","4":"has-post-thumbnail","6":"product_brand-helios","7":"product_cat-jumelles","8":"product_cat-jumelles-et-lunettes-dopera","9":"product_cat-jumelles-helios","10":"product_cat-optique","12":"first","13":"instock","14":"taxable","15":"shipping-taxable","16":"purchasable","17":"product-type-simple"},"acf":[],"_links":{"self":[{"href":"https:\/\/www.teleskopshop.ch\/fr\/wp-json\/wp\/v2\/product\/61744","targetHints":{"allow":["GET"]}}],"collection":[{"href":"https:\/\/www.teleskopshop.ch\/fr\/wp-json\/wp\/v2\/product"}],"about":[{"href":"https:\/\/www.teleskopshop.ch\/fr\/wp-json\/wp\/v2\/types\/product"}],"replies":[{"embeddable":true,"href":"https:\/\/www.teleskopshop.ch\/fr\/wp-json\/wp\/v2\/comments?post=61744"}],"wp:featuredmedia":[{"embeddable":true,"href":"https:\/\/www.teleskopshop.ch\/fr\/wp-json\/wp\/v2\/media\/6158"}],"wp:attachment":[{"href":"https:\/\/www.teleskopshop.ch\/fr\/wp-json\/wp\/v2\/media?parent=61744"}],"wp:term":[{"taxonomy":"product_brand","embeddable":true,"href":"https:\/\/www.teleskopshop.ch\/fr\/wp-json\/wp\/v2\/product_brand?post=61744"},{"taxonomy":"product_cat","embeddable":true,"href":"https:\/\/www.teleskopshop.ch\/fr\/wp-json\/wp\/v2\/product_cat?post=61744"},{"taxonomy":"product_tag","embeddable":true,"href":"https:\/\/www.teleskopshop.ch\/fr\/wp-json\/wp\/v2\/product_tag?post=61744"}],"curies":[{"name":"wp","href":"https:\/\/api.w.org\/{rel}","templated":true}]}}