{"id":61724,"date":"2022-05-09T00:00:00","date_gmt":"2022-05-08T22:00:00","guid":{"rendered":"https:\/\/2025.teleskopshop.ch\/shop\/non%20class\u00e9\/helios-fernglas-stellar-ii-20x80\/"},"modified":"2025-01-25T11:46:02","modified_gmt":"2025-01-25T10:46:02","slug":"helios-fernglas-stellar-ii-20x80","status":"publish","type":"product","link":"https:\/\/www.teleskopshop.ch\/fr\/shop\/optique\/jumelles-et-lunettes-dopera\/jumelles\/jumelles-helios\/helios-fernglas-stellar-ii-20x80\/","title":{"rendered":"Jumelles H\u00e9lios Stellar II 20&#215;80"},"content":{"rendered":"<p>Jumelles Helios Stellar-II de haute qualit\u00e9 remplies d&rsquo;azote avec mise au point sur un seul oculaire, con\u00e7ues pour des distances d&rsquo;observation moyennes \u00e0 longues dans la nature ou pour des observations astronomiques. Les jumelles sont \u00e9tanches selon la norme IPX7 (1 m de profondeur pendant 30 minutes) et remplies d&rsquo;azote pour une observation claire et sans bu\u00e9e. La conception r\u00e9sistante aux chocs comprend un corps en alliage de magn\u00e9sium durable mais l\u00e9ger recouvert d&rsquo;une \u00e9l\u00e9gante finition en caoutchouc noir. Le verre contient des prismes BaK-4 et un syst\u00e8me optique enti\u00e8rement multicouche \u00e0 large bande, dont le rev\u00eatement sur les lentilles et les prismes permet une transmission lumineuse \u00e9lev\u00e9e de 85% dans le syst\u00e8me. Les oculaires contiennent des lentilles surdimensionn\u00e9es et des \u0153illetons en caoutchouc pliables pour les porteurs de lunettes et permettent un d\u00e9gagement oculaire g\u00e9n\u00e9reux. Les jumelles sont \u00e9quip\u00e9es d&rsquo;un tr\u00e9pied central. Un \u00e9tui de transport souple, une sangle de transport rembourr\u00e9e et des capuchons de protection pour les oculaires et les lentilles sont inclus. Contenu de la livraison : Jumelles 20&#215;80 Capuchons de protection d&rsquo;objectif Protection d&rsquo;oculaire Sangle de transport Mallette de transport L&rsquo;alimentation \u00e9lectrique et les piles ne sont pas incluses !<\/p>\n<p>G\u00e9n\u00e9ral<\/p>\n<table>\n<tr>\n<td>Poids<\/td>\n<p> d&rsquo;exp\u00e9dition <\/p>\n<td>2 400 kg<\/td>\n<\/tr>\n<\/table>\n<table>\n<tr>\n<td>Taille<\/td>\n<p> d&rsquo;exp\u00e9dition <\/p>\n<td>35x25x10cm<\/td>\n<\/tr>\n<\/table>\n<p>observation de la nature<\/p>\n<table>\n<tr>\n<td>Jumelles<\/td>\n<td>Porro<\/td>\n<\/tr>\n<\/table>\n<table>\n<tr>\n<td>Grossissement<\/td>\n<td>20x<\/td>\n<\/tr>\n<\/table>\n<table>\n<tr>\n<td>Diam\u00e8tre de l&rsquo;objectif (mm)<\/td>\n<td>80<\/td>\n<\/tr>\n<\/table>\n<table>\n<tr>\n<td>Pupille de sortie (mm)<\/td>\n<td>4,00<\/td>\n<\/tr>\n<\/table>\n<table>\n<tr>Syst\u00e8me de mise au point Mise au <\/p>\n<td>point<\/td>\n<td>monooculaire<\/td>\n<\/tr>\n<\/table>\n<table>\n<tr>Types de prismes en <\/p>\n<td>verre<\/td>\n<td>BaK4<\/td>\n<\/tr>\n<\/table>\n<table>\n<tr>\n<td>Cr\u00e9puscule<\/td>\n<td>num\u00e9ro 40.00<\/td>\n<\/tr>\n<\/table>\n<table>\n<tr>\n<td>Intensit\u00e9 lumineuse<\/td>\n<td>16.00<\/td>\n<\/tr>\n<\/table>\n<table>\n<tr>Rev\u00eatement de la <\/p>\n<td>lentille<\/td>\n<td>Rev\u00eatement multicouche \u00e0 large bande<\/td>\n<\/tr>\n<\/table>\n<table>\n<tr>\n<td>D\u00e9gagement oculaire \u00e0 l&rsquo;oculaire (mm)<\/td>\n<td>16,00<\/td>\n<\/tr>\n<\/table>\n<table>\n<tr>\n<td>Distance interpupillaire r\u00e9glable (mm)<\/td>\n<td>56-74<\/td>\n<\/tr>\n<\/table>\n<table>\n<tr>\n<td>Champ de vision \u00e0 1000m<\/td>\n<td>56m<\/td>\n<\/tr>\n<\/table>\n<table>\n<tr>\n<td>R\u00e9sistant aux \u00e9claboussures<\/td>\n<td>oui<\/td>\n<\/tr>\n<\/table>\n<table>\n<tr>\n<td>Remplissage d&rsquo;azote (oui \/ non)<\/td>\n<td>oui<\/td>\n<\/tr>\n<\/table>\n","protected":false},"excerpt":{"rendered":"<p>Jumelles d&rsquo;observation \u00e9tanches Helios pour la nature et l&rsquo;astronomie<\/p>\n","protected":false},"featured_media":6542,"comment_status":"closed","ping_status":"open","template":"","meta":{"_acf_changed":false},"product_brand":[682],"product_cat":[1345,1342,1357,1339],"product_tag":[],"class_list":{"0":"post-61724","1":"product","2":"type-product","3":"status-publish","4":"has-post-thumbnail","6":"product_brand-helios","7":"product_cat-jumelles","8":"product_cat-jumelles-et-lunettes-dopera","9":"product_cat-jumelles-helios","10":"product_cat-optique","12":"first","13":"instock","14":"taxable","15":"shipping-taxable","16":"purchasable","17":"product-type-simple"},"acf":[],"_links":{"self":[{"href":"https:\/\/www.teleskopshop.ch\/fr\/wp-json\/wp\/v2\/product\/61724","targetHints":{"allow":["GET"]}}],"collection":[{"href":"https:\/\/www.teleskopshop.ch\/fr\/wp-json\/wp\/v2\/product"}],"about":[{"href":"https:\/\/www.teleskopshop.ch\/fr\/wp-json\/wp\/v2\/types\/product"}],"replies":[{"embeddable":true,"href":"https:\/\/www.teleskopshop.ch\/fr\/wp-json\/wp\/v2\/comments?post=61724"}],"wp:featuredmedia":[{"embeddable":true,"href":"https:\/\/www.teleskopshop.ch\/fr\/wp-json\/wp\/v2\/media\/6542"}],"wp:attachment":[{"href":"https:\/\/www.teleskopshop.ch\/fr\/wp-json\/wp\/v2\/media?parent=61724"}],"wp:term":[{"taxonomy":"product_brand","embeddable":true,"href":"https:\/\/www.teleskopshop.ch\/fr\/wp-json\/wp\/v2\/product_brand?post=61724"},{"taxonomy":"product_cat","embeddable":true,"href":"https:\/\/www.teleskopshop.ch\/fr\/wp-json\/wp\/v2\/product_cat?post=61724"},{"taxonomy":"product_tag","embeddable":true,"href":"https:\/\/www.teleskopshop.ch\/fr\/wp-json\/wp\/v2\/product_tag?post=61724"}],"curies":[{"name":"wp","href":"https:\/\/api.w.org\/{rel}","templated":true}]}}