{"id":61691,"date":"2022-05-09T00:00:00","date_gmt":"2022-05-08T22:00:00","guid":{"rendered":"https:\/\/2025.teleskopshop.ch\/shop\/non%20class\u00e9\/helios-fernglas-solana-10x50\/"},"modified":"2025-01-25T11:48:04","modified_gmt":"2025-01-25T10:48:04","slug":"helios-fernglas-solana-10x50","status":"publish","type":"product","link":"https:\/\/www.teleskopshop.ch\/fr\/shop\/optique\/jumelles-et-lunettes-dopera\/jumelles\/jumelles-helios\/helios-fernglas-solana-10x50\/","title":{"rendered":"Jumelles H\u00e9lios Solana 10&#215;50"},"content":{"rendered":"<p>Jumelles Helios Porro de haute qualit\u00e9 et bien construites avec un beau rev\u00eatement en caoutchouc noir. Les poign\u00e9es nervur\u00e9es pour les doigts permettent une prise en main confortable et s\u00fbre. Les jumelles contiennent des prismes BK-7 de haute qualit\u00e9 et tous les \u00e9l\u00e9ments optiques sont multicouches pour obtenir de bonnes performances optiques. Construction et performances incroyables \u00e0 ce prix. Les jumelles Helios sont \u00e9quip\u00e9es d&rsquo;une connexion pour tr\u00e9pied et sont fournies avec une sangle de transport et un sac. Contenu de la livraison : sac binoculaire 10&#215;50&nbsp;! L&rsquo;alimentation et les piles ne sont pas incluses&nbsp;!<\/p>\n<p>G\u00e9n\u00e9ral<\/p>\n<table>\n<tr>\n<td>Poids<\/td>\n<p> d&rsquo;exp\u00e9dition 1 <\/p>\n<td>026 kg<\/td>\n<\/tr>\n<\/table>\n<table>\n<tr>\n<td>Taille<\/td>\n<p> d&rsquo;exp\u00e9dition <\/p>\n<td>21x21x8cm<\/td>\n<\/tr>\n<\/table>\n<p>observation de la nature<\/p>\n<table>\n<tr>\n<td>Jumelles<\/td>\n<td>Porro<\/td>\n<\/tr>\n<\/table>\n<table>\n<tr>\n<td>Grossissement<\/td>\n<td>10x<\/td>\n<\/tr>\n<\/table>\n<table>\n<tr>\n<td>Diam\u00e8tre de l&rsquo;objectif (mm)<\/td>\n<td>50<\/td>\n<\/tr>\n<\/table>\n<table>\n<tr>\n<td>Pupille de sortie (mm)<\/td>\n<td>5,00<\/td>\n<\/tr>\n<\/table>\n<table>\n<tr>\n<td>Syst\u00e8me<\/td>\n<p> de mise au <\/p>\n<td>point R\u00e9glage central de la mise au point avec compensation dioptrique unilat\u00e9rale<\/td>\n<\/tr>\n<\/table>\n<table>\n<tr>Types de <\/p>\n<td>verre<\/td>\n<td>prismes BK7<\/td>\n<\/tr>\n<\/table>\n<table>\n<tr>\n<td>Cr\u00e9puscule<\/td>\n<td>num\u00e9ro 22.36<\/td>\n<\/tr>\n<\/table>\n<table>\n<tr>\n<td>Intensit\u00e9<\/td>\n<p> lumineuse <\/p>\n<td>25.00<\/td>\n<\/tr>\n<\/table>\n<table>\n<tr>\n<td>Compensation de l&rsquo;objectif<\/td>\n<td>Oui<\/td>\n<\/tr>\n<\/table>\n<table>\n<tr>\n<td>D\u00e9gagement oculaire \u00e0 l&rsquo;oculaire (mm)<\/td>\n<td>10,00<\/td>\n<\/tr>\n<\/table>\n<table>\n<tr>Champ <\/p>\n<td>de vision \u00e0 1000m<\/td>\n<td>114m<\/td>\n<\/tr>\n<\/table>\n<table>\n<tr>\n<td>Distance minimale de mise au point (m)<\/td>\n<td>8,00<\/td>\n<\/tr>\n<\/table>\n","protected":false},"excerpt":{"rendered":"<p>Jumelles Helios 10&#215;50 \u00e0 prisme de Porro blind\u00e9 en caoutchouc<\/p>\n","protected":false},"featured_media":6438,"comment_status":"closed","ping_status":"open","template":"","meta":{"_acf_changed":false},"product_brand":[682],"product_cat":[1345,1342,1357,1339],"product_tag":[],"class_list":{"0":"post-61691","1":"product","2":"type-product","3":"status-publish","4":"has-post-thumbnail","6":"product_brand-helios","7":"product_cat-jumelles","8":"product_cat-jumelles-et-lunettes-dopera","9":"product_cat-jumelles-helios","10":"product_cat-optique","12":"first","13":"instock","14":"taxable","15":"shipping-taxable","16":"purchasable","17":"product-type-simple"},"acf":[],"_links":{"self":[{"href":"https:\/\/www.teleskopshop.ch\/fr\/wp-json\/wp\/v2\/product\/61691","targetHints":{"allow":["GET"]}}],"collection":[{"href":"https:\/\/www.teleskopshop.ch\/fr\/wp-json\/wp\/v2\/product"}],"about":[{"href":"https:\/\/www.teleskopshop.ch\/fr\/wp-json\/wp\/v2\/types\/product"}],"replies":[{"embeddable":true,"href":"https:\/\/www.teleskopshop.ch\/fr\/wp-json\/wp\/v2\/comments?post=61691"}],"wp:featuredmedia":[{"embeddable":true,"href":"https:\/\/www.teleskopshop.ch\/fr\/wp-json\/wp\/v2\/media\/6438"}],"wp:attachment":[{"href":"https:\/\/www.teleskopshop.ch\/fr\/wp-json\/wp\/v2\/media?parent=61691"}],"wp:term":[{"taxonomy":"product_brand","embeddable":true,"href":"https:\/\/www.teleskopshop.ch\/fr\/wp-json\/wp\/v2\/product_brand?post=61691"},{"taxonomy":"product_cat","embeddable":true,"href":"https:\/\/www.teleskopshop.ch\/fr\/wp-json\/wp\/v2\/product_cat?post=61691"},{"taxonomy":"product_tag","embeddable":true,"href":"https:\/\/www.teleskopshop.ch\/fr\/wp-json\/wp\/v2\/product_tag?post=61691"}],"curies":[{"name":"wp","href":"https:\/\/api.w.org\/{rel}","templated":true}]}}