{"id":61682,"date":"2022-05-09T00:00:00","date_gmt":"2022-05-08T22:00:00","guid":{"rendered":"https:\/\/2025.teleskopshop.ch\/shop\/non%20class\u00e9\/helios-fernglas-quantum-4-serie-15x70\/"},"modified":"2025-01-25T11:48:09","modified_gmt":"2025-01-25T10:48:09","slug":"helios-fernglas-quantum-4-serie-15x70","status":"publish","type":"product","link":"https:\/\/www.teleskopshop.ch\/fr\/shop\/optique\/jumelles-et-lunettes-dopera\/jumelles\/jumelles-helios\/helios-fernglas-quantum-4-serie-15x70\/","title":{"rendered":"Jumelles H\u00e9lios s\u00e9rie Quantum 4 15&#215;70"},"content":{"rendered":"<p>Grandes jumelles Helios de haute qualit\u00e9, \u00e9tanches et remplies d&rsquo;azote avec mise au point monooculaire, sp\u00e9cialement pour l&rsquo;observation terrestre \u00e0 moyenne et longue distance ainsi que l&rsquo;astronomie. Les lentilles sont \u00e9quip\u00e9es de prismes BaK-4 et d&rsquo;optiques multicouches \u00e0 large bande. Les jumelles ont une connexion tr\u00e9pied. La construction m\u00e9canique est constitu\u00e9e de composants m\u00e9talliques usin\u00e9s CNC. Les jumelles Helios sont en caoutchouc noir et sont livr\u00e9es dans un \u00e9tui. Contenu de la livraison&nbsp;: \u00e9tui pour jumelles 15&#215;70&nbsp;! L&rsquo;alimentation et les piles ne sont pas incluses&nbsp;!<\/p>\n<p>G\u00e9n\u00e9ral<\/p>\n<table>\n<tr>\n<td>Poids<\/td>\n<p> d&rsquo;exp\u00e9dition <\/p>\n<td>2,8 kg<\/td>\n<\/tr>\n<\/table>\n<table>\n<tr>\n<td>Taille<\/td>\n<p> d&rsquo;exp\u00e9dition <\/p>\n<td>26&#215;13.5x38cm<\/td>\n<\/tr>\n<\/table>\n<p>observation de la nature<\/p>\n<table>\n<tr>\n<td>Jumelles<\/td>\n<td>Porro<\/td>\n<\/tr>\n<\/table>\n<table>\n<tr>\n<td>Grossissement<\/td>\n<td>15x<\/td>\n<\/tr>\n<\/table>\n<table>\n<tr>\n<td>Diam\u00e8tre de l&rsquo;objectif (mm)<\/td>\n<td>70<\/td>\n<\/tr>\n<\/table>\n<table>\n<tr>\n<td>Pupille de sortie (mm)<\/td>\n<td>4,67<\/td>\n<\/tr>\n<\/table>\n<table>\n<tr>\n<td>Syst\u00e8me de mise au point Mise au point<\/td>\n<td>centrale avec r\u00e9glage dioptrique unilat\u00e9ral<\/td>\n<\/tr>\n<\/table>\n<table>\n<tr>Types de prismes en <\/p>\n<td>verre<\/td>\n<td>BaK4<\/td>\n<\/tr>\n<\/table>\n<table>\n<tr>\n<td>Cr\u00e9puscule<\/td>\n<td>num\u00e9ro 32.40<\/td>\n<\/tr>\n<\/table>\n<table>\n<tr>\n<td>Intensit\u00e9<\/td>\n<p> lumineuse <\/p>\n<td>21,78<\/td>\n<\/tr>\n<\/table>\n<table>\n<tr>Rev\u00eatement de la <\/p>\n<td>lentille<\/td>\n<td>Rev\u00eatement multicouche \u00e0 large bande<\/td>\n<\/tr>\n<\/table>\n<table>\n<tr>\n<td>Distance minimale de mise au point (m)<\/td>\n<td>15,00<\/td>\n<\/tr>\n<\/table>\n<table>\n<tr>\n<td>R\u00e9sistant aux \u00e9claboussures<\/td>\n<td>oui<\/td>\n<\/tr>\n<\/table>\n<table>\n<tr>\n<td>Remplissage d&rsquo;azote (oui \/ non)<\/td>\n<td>oui<\/td>\n<\/tr>\n<\/table>\n","protected":false},"excerpt":{"rendered":"<p>Jumelles Helios 70mm avec grossissement 15x<\/p>\n","protected":false},"featured_media":6526,"comment_status":"closed","ping_status":"open","template":"","meta":{"_acf_changed":false},"product_brand":[682],"product_cat":[1345,1342,1357,1339],"product_tag":[],"class_list":{"0":"post-61682","1":"product","2":"type-product","3":"status-publish","4":"has-post-thumbnail","6":"product_brand-helios","7":"product_cat-jumelles","8":"product_cat-jumelles-et-lunettes-dopera","9":"product_cat-jumelles-helios","10":"product_cat-optique","12":"first","13":"instock","14":"taxable","15":"shipping-taxable","16":"purchasable","17":"product-type-simple"},"acf":[],"_links":{"self":[{"href":"https:\/\/www.teleskopshop.ch\/fr\/wp-json\/wp\/v2\/product\/61682","targetHints":{"allow":["GET"]}}],"collection":[{"href":"https:\/\/www.teleskopshop.ch\/fr\/wp-json\/wp\/v2\/product"}],"about":[{"href":"https:\/\/www.teleskopshop.ch\/fr\/wp-json\/wp\/v2\/types\/product"}],"replies":[{"embeddable":true,"href":"https:\/\/www.teleskopshop.ch\/fr\/wp-json\/wp\/v2\/comments?post=61682"}],"wp:featuredmedia":[{"embeddable":true,"href":"https:\/\/www.teleskopshop.ch\/fr\/wp-json\/wp\/v2\/media\/6526"}],"wp:attachment":[{"href":"https:\/\/www.teleskopshop.ch\/fr\/wp-json\/wp\/v2\/media?parent=61682"}],"wp:term":[{"taxonomy":"product_brand","embeddable":true,"href":"https:\/\/www.teleskopshop.ch\/fr\/wp-json\/wp\/v2\/product_brand?post=61682"},{"taxonomy":"product_cat","embeddable":true,"href":"https:\/\/www.teleskopshop.ch\/fr\/wp-json\/wp\/v2\/product_cat?post=61682"},{"taxonomy":"product_tag","embeddable":true,"href":"https:\/\/www.teleskopshop.ch\/fr\/wp-json\/wp\/v2\/product_tag?post=61682"}],"curies":[{"name":"wp","href":"https:\/\/api.w.org\/{rel}","templated":true}]}}