{"id":61632,"date":"2022-05-09T00:00:00","date_gmt":"2022-05-08T22:00:00","guid":{"rendered":"https:\/\/2025.teleskopshop.ch\/shop\/non%20class\u00e9\/helios-fernglas-naturesport-7x50-fixfokus\/"},"modified":"2025-01-25T11:48:05","modified_gmt":"2025-01-25T10:48:05","slug":"helios-fernglas-naturesport-7x50-fixfokus","status":"publish","type":"product","link":"https:\/\/www.teleskopshop.ch\/fr\/shop\/optique\/jumelles-et-lunettes-dopera\/jumelles\/jumelles-helios\/helios-fernglas-naturesport-7x50-fixfokus\/","title":{"rendered":"Jumelles H\u00e9lios Naturesport 7&#215;50 focale fixe"},"content":{"rendered":"<p>Vous n&rsquo;avez pas besoin de mettre au point ces jumelles Helios, ce qui les rend tr\u00e8s faciles \u00e0 utiliser et \u00e0 observer des objets en mouvement tels que les sports m\u00e9caniques et les courses automobiles, mais bien s\u00fbr aussi pour l&rsquo;observation g\u00e9n\u00e9rale. Le seul inconv\u00e9nient est la plus grande distance de gros plan qu&rsquo;avec des jumelles \u00e0 mise au point centrale. Il ne peut \u00eatre utilis\u00e9 qu&rsquo;avec des objets \u00e0 une distance de 15 m. Le verre contient des prismes BK7 et les optiques sont multicouches, il contient \u00e9galement un filetage de connexion pour tr\u00e9pied et des \u0153illetons pliables. Une bandouli\u00e8re et une pochette sont incluses. Contenu de la livraison : Jumelles 7&#215;50 Bouchons anti-poussi\u00e8re Sangle de transport Sac L&rsquo;alimentation et les piles ne sont pas incluses !<\/p>\n<p>G\u00e9n\u00e9ral<\/p>\n<table>\n<tr>\n<td>Poids<\/td>\n<p> d&rsquo;exp\u00e9dition 1 <\/p>\n<td>094 kg<\/td>\n<\/tr>\n<\/table>\n<table>\n<tr>\n<td>Taille<\/td>\n<p> d&rsquo;exp\u00e9dition <\/p>\n<td>23x20x10cm<\/td>\n<\/tr>\n<\/table>\n<p>observation de la nature<\/p>\n<table>\n<tr>\n<td>Jumelles<\/td>\n<td>Porro<\/td>\n<\/tr>\n<\/table>\n<table>\n<tr>\n<td>Grossissement<\/td>\n<td>7x<\/td>\n<\/tr>\n<\/table>\n<table>\n<tr>\n<td>Diam\u00e8tre de l&rsquo;objectif (mm)<\/td>\n<td>50<\/td>\n<\/tr>\n<\/table>\n<table>\n<tr>\n<td>Pupille de sortie (mm)<\/td>\n<td>7,14<\/td>\n<\/tr>\n<\/table>\n<table>\n<tr>Syst\u00e8me de mise <\/p>\n<td>au point mise au point<\/td>\n<td>fixe<\/td>\n<\/tr>\n<\/table>\n<table>\n<tr>Types de <\/p>\n<td>verre<\/td>\n<td>prismes BK7<\/td>\n<\/tr>\n<\/table>\n<table>\n<tr>\n<td>Cr\u00e9puscule<\/td>\n<td>num\u00e9ro 18.71<\/td>\n<\/tr>\n<\/table>\n<table>\n<tr>\n<td>Intensit\u00e9<\/td>\n<p> lumineuse <\/p>\n<td>51.01<\/td>\n<\/tr>\n<\/table>\n<table>\n<tr>\n<td>Compensation de l&rsquo;objectif<\/td>\n<td>Oui<\/td>\n<\/tr>\n<\/table>\n<table>\n<tr>\n<td>Distance minimale de mise au point (m)<\/td>\n<td>15,00<\/td>\n<\/tr>\n<\/table>\n","protected":false},"excerpt":{"rendered":"<p>Jumelles Helios 7&#215;50 avec prismes de Porro et mise au point fixe<\/p>\n","protected":false},"featured_media":6390,"comment_status":"closed","ping_status":"open","template":"","meta":{"_acf_changed":false},"product_brand":[682],"product_cat":[1345,1342,1357,1339],"product_tag":[],"class_list":{"0":"post-61632","1":"product","2":"type-product","3":"status-publish","4":"has-post-thumbnail","6":"product_brand-helios","7":"product_cat-jumelles","8":"product_cat-jumelles-et-lunettes-dopera","9":"product_cat-jumelles-helios","10":"product_cat-optique","12":"first","13":"instock","14":"taxable","15":"shipping-taxable","16":"purchasable","17":"product-type-simple"},"acf":[],"_links":{"self":[{"href":"https:\/\/www.teleskopshop.ch\/fr\/wp-json\/wp\/v2\/product\/61632","targetHints":{"allow":["GET"]}}],"collection":[{"href":"https:\/\/www.teleskopshop.ch\/fr\/wp-json\/wp\/v2\/product"}],"about":[{"href":"https:\/\/www.teleskopshop.ch\/fr\/wp-json\/wp\/v2\/types\/product"}],"replies":[{"embeddable":true,"href":"https:\/\/www.teleskopshop.ch\/fr\/wp-json\/wp\/v2\/comments?post=61632"}],"wp:featuredmedia":[{"embeddable":true,"href":"https:\/\/www.teleskopshop.ch\/fr\/wp-json\/wp\/v2\/media\/6390"}],"wp:attachment":[{"href":"https:\/\/www.teleskopshop.ch\/fr\/wp-json\/wp\/v2\/media?parent=61632"}],"wp:term":[{"taxonomy":"product_brand","embeddable":true,"href":"https:\/\/www.teleskopshop.ch\/fr\/wp-json\/wp\/v2\/product_brand?post=61632"},{"taxonomy":"product_cat","embeddable":true,"href":"https:\/\/www.teleskopshop.ch\/fr\/wp-json\/wp\/v2\/product_cat?post=61632"},{"taxonomy":"product_tag","embeddable":true,"href":"https:\/\/www.teleskopshop.ch\/fr\/wp-json\/wp\/v2\/product_tag?post=61632"}],"curies":[{"name":"wp","href":"https:\/\/api.w.org\/{rel}","templated":true}]}}