{"id":61599,"date":"2022-05-09T00:00:00","date_gmt":"2022-05-08T22:00:00","guid":{"rendered":"https:\/\/2025.teleskopshop.ch\/shop\/non%20class\u00e9\/helios-fernglas-mistral-10x42\/"},"modified":"2025-01-25T11:54:39","modified_gmt":"2025-01-25T10:54:39","slug":"helios-fernglas-mistral-10x42","status":"publish","type":"product","link":"https:\/\/www.teleskopshop.ch\/fr\/shop\/optique\/jumelles-et-lunettes-dopera\/jumelles\/jumelles-helios\/helios-fernglas-mistral-10x42\/","title":{"rendered":"Jumelles H\u00e9lios Mistral 10&#215;42"},"content":{"rendered":"<p>La nouvelle s\u00e9rie de jumelles \u00e0 prisme en toit Helios Mistral WP6 de haute qualit\u00e9 contient dix mod\u00e8les avec des tailles d&rsquo;objectif de 32 mm, 42 mm et 50 mm. Ils sont particuli\u00e8rement adapt\u00e9s \u00e0 l&rsquo;observation des oiseaux, \u00e0 la chasse et \u00e0 l&rsquo;observation g\u00e9n\u00e9rale et repr\u00e9sentent un rapport qualit\u00e9-prix impressionnant. Ils int\u00e8grent un design tr\u00e8s \u00e9l\u00e9gant, ergonomique et moderne avec une armure en caoutchouc vert. Le bo\u00eetier est constitu\u00e9 d&rsquo;un polycarbonate l\u00e9ger mais robuste. Toutes les jumelles Helios Mistral contiennent des prismes BaK-4 argent\u00e9s de haute qualit\u00e9 et des optiques enti\u00e8rement multicouches pour d&rsquo;excellentes performances optiques. Les images sont nettes et nettes avec une tr\u00e8s bonne r\u00e9solution, luminosit\u00e9 et profondeur de champ avec des couleurs naturelles. La port\u00e9e rapproch\u00e9e est jusqu&rsquo;\u00e0 2,5 m ou m\u00eame moins pour tous les mod\u00e8les. Toutes les lentilles sont \u00e9tanches et remplies d&rsquo;azote pour une vue claire et sans bu\u00e9e. Les \u0153illetons en m\u00e9tal rev\u00eatu sont r\u00e9glables et s&rsquo;enclenchent dans 3 positions, \u00e9galement adapt\u00e9s aux porteurs de lunettes. Le bouton de r\u00e9glage de la mise au point en m\u00e9tal molet\u00e9 ne prend que 2 tours pour un r\u00e9glage proche de l&rsquo;infini. Une connexion filet\u00e9e est int\u00e9gr\u00e9e pour la fixation sur un tr\u00e9pied. Les jumelles sont livr\u00e9es avec une sangle de transport, des prot\u00e8ge-oculaires et des capuchons d&rsquo;objectif, ainsi qu&rsquo;un \u00e9tui de transport souple. Les mod\u00e8les de jumelles ED haut de gamme contiennent \u00e9galement du verre ED exotique dans l&rsquo;optique pour un rendu des couleurs encore meilleur et sont \u00e9galement \u00e9quip\u00e9s de prismes \u00e0 correction de phase pour une transmission de la lumi\u00e8re et un contraste accrus. Contenu de la livraison : 10&#215;42 jumelles capuchons oculaires sac sangle de transport !L&rsquo;alimentation et les piles ne sont pas incluses !<\/p>\n<p>G\u00e9n\u00e9ral<\/p>\n<table>\n<tr>\n<td>Poids<\/td>\n<p> d&rsquo;exp\u00e9dition <\/p>\n<td>0,9<\/td>\n<p> kg<\/tr>\n<\/table>\n<table>\n<tr>\n<td>Taille<\/td>\n<p> d&rsquo;exp\u00e9dition <\/p>\n<td>20x18x9cm<\/td>\n<\/tr>\n<\/table>\n<p>observation de la nature<\/p>\n<table>\n<tr>\n<td>Jumelles<\/td>\n<td>\u00e0 prisme en toit<\/td>\n<\/tr>\n<\/table>\n<table>\n<tr>\n<td>Grossissement<\/td>\n<td>10x<\/td>\n<\/tr>\n<\/table>\n<table>\n<tr>\n<td>Diam\u00e8tre de l&rsquo;objectif (mm)<\/td>\n<td>42<\/td>\n<\/tr>\n<\/table>\n<table>\n<tr>\n<td>Pupille de sortie (mm)<\/td>\n<td>4,20<\/td>\n<\/tr>\n<\/table>\n<table>\n<tr>\n<td>Syst\u00e8me de mise au point Mise au point<\/td>\n<td>centrale<\/td>\n<\/tr>\n<\/table>\n<table>\n<tr>Types de prismes <\/p>\n<td>en verre<\/td>\n<td>BaK-4<\/td>\n<\/tr>\n<\/table>\n<table>\n<tr>\n<td>Cr\u00e9puscule<\/td>\n<td>num\u00e9ro 20.49<\/td>\n<\/tr>\n<\/table>\n<table>\n<tr>\n<td>Intensit\u00e9<\/td>\n<p> lumineuse <\/p>\n<td>17,64<\/td>\n<\/tr>\n<\/table>\n<table>\n<tr>Rev\u00eatement de <\/p>\n<td>lentille Rev\u00eatement<\/td>\n<td>multicouche<\/td>\n<\/tr>\n<\/table>\n<table>\n<tr>\n<td>D\u00e9gagement oculaire \u00e0 l&rsquo;oculaire (mm)<\/td>\n<td>14,00<\/td>\n<\/tr>\n<\/table>\n<table>\n<tr>Champ <\/p>\n<td>de vision \u00e0 1000m<\/td>\n<td>101m<\/td>\n<\/tr>\n<\/table>\n<table>\n<tr>\n<td>Distance minimale de mise au point (m)<\/td>\n<td>2,00<\/td>\n<\/tr>\n<\/table>\n<table>\n<tr>\n<td>R\u00e9sistant aux \u00e9claboussures<\/td>\n<td>oui<\/td>\n<\/tr>\n<\/table>\n<table>\n<tr>\n<td>Remplissage d&rsquo;azote (oui \/ non)<\/td>\n<td>oui<\/td>\n<\/tr>\n<\/table>\n","protected":false},"excerpt":{"rendered":"<p>Jumelles Helios \u00e9tanches 10x avec ouverture de 42 mm<\/p>\n","protected":false},"featured_media":6346,"comment_status":"closed","ping_status":"open","template":"","meta":{"_acf_changed":false},"product_brand":[682],"product_cat":[1345,1342,1357,1339],"product_tag":[],"class_list":{"0":"post-61599","1":"product","2":"type-product","3":"status-publish","4":"has-post-thumbnail","6":"product_brand-helios","7":"product_cat-jumelles","8":"product_cat-jumelles-et-lunettes-dopera","9":"product_cat-jumelles-helios","10":"product_cat-optique","12":"first","13":"instock","14":"taxable","15":"shipping-taxable","16":"purchasable","17":"product-type-simple"},"acf":[],"_links":{"self":[{"href":"https:\/\/www.teleskopshop.ch\/fr\/wp-json\/wp\/v2\/product\/61599","targetHints":{"allow":["GET"]}}],"collection":[{"href":"https:\/\/www.teleskopshop.ch\/fr\/wp-json\/wp\/v2\/product"}],"about":[{"href":"https:\/\/www.teleskopshop.ch\/fr\/wp-json\/wp\/v2\/types\/product"}],"replies":[{"embeddable":true,"href":"https:\/\/www.teleskopshop.ch\/fr\/wp-json\/wp\/v2\/comments?post=61599"}],"wp:featuredmedia":[{"embeddable":true,"href":"https:\/\/www.teleskopshop.ch\/fr\/wp-json\/wp\/v2\/media\/6346"}],"wp:attachment":[{"href":"https:\/\/www.teleskopshop.ch\/fr\/wp-json\/wp\/v2\/media?parent=61599"}],"wp:term":[{"taxonomy":"product_brand","embeddable":true,"href":"https:\/\/www.teleskopshop.ch\/fr\/wp-json\/wp\/v2\/product_brand?post=61599"},{"taxonomy":"product_cat","embeddable":true,"href":"https:\/\/www.teleskopshop.ch\/fr\/wp-json\/wp\/v2\/product_cat?post=61599"},{"taxonomy":"product_tag","embeddable":true,"href":"https:\/\/www.teleskopshop.ch\/fr\/wp-json\/wp\/v2\/product_tag?post=61599"}],"curies":[{"name":"wp","href":"https:\/\/api.w.org\/{rel}","templated":true}]}}