{"id":61587,"date":"2022-05-09T00:00:00","date_gmt":"2022-05-08T22:00:00","guid":{"rendered":"https:\/\/2025.teleskopshop.ch\/shop\/non%20class\u00e9\/helios-fernglas-lightwing-8x32-hr\/"},"modified":"2025-01-25T11:48:23","modified_gmt":"2025-01-25T10:48:23","slug":"helios-fernglas-lightwing-8x32-hr","status":"publish","type":"product","link":"https:\/\/www.teleskopshop.ch\/fr\/shop\/optique\/jumelles-et-lunettes-dopera\/jumelles\/jumelles-helios\/helios-fernglas-lightwing-8x32-hr\/","title":{"rendered":"Jumelles Helios Lightwing 8&#215;32 HR"},"content":{"rendered":"<p>Les nouvelles jumelles \u00e0 prisme en toit Helios Lightwing HR satisfont m\u00eame les utilisateurs les plus exigeants. La s\u00e9rie contient 6 mod\u00e8les avec des objectifs de 32 mm et 42 mm, \u00e9ventuellement avec du verre ED exotique sur le verre de 42 mm. Les jumelles extr\u00eamement puissantes offrent des performances optiques \u00e9lev\u00e9es pour l&rsquo;observation des oiseaux, la chasse mais aussi les t\u00e2ches d&rsquo;observation g\u00e9n\u00e9rales et offrent ainsi une valeur incroyable. Le bo\u00eetier est fabriqu\u00e9 \u00e0 partir d&rsquo;un alliage de magn\u00e9sium l\u00e9ger mais solide et poss\u00e8de un \u00e9l\u00e9gant rev\u00eatement en caoutchouc vert. Tous les mod\u00e8les de jumelles contiennent des prismes BaK-4 \u00e0 correction de phase de haute qualit\u00e9 recouverts d&rsquo;argent di\u00e9lectrique. Les optiques sont enti\u00e8rement multicouches avec un rev\u00eatement de qualit\u00e9 sup\u00e9rieure avec une transmission extra \u00e9lev\u00e9e. Ces rev\u00eatements sp\u00e9ciaux permettent une transmission lumineuse de plus de 90% au niveau de l&rsquo;oculaire ! Les images apparaissent nettes et nettes avec une r\u00e9solution, un contraste, une luminosit\u00e9 et une profondeur de champ excellents ainsi que des couleurs naturelles. Le champ de vision est tr\u00e8s large avec une bonne nettet\u00e9 des contours. La distance rapproch\u00e9e atteint 2 m. Le verre est \u00e9tanche (3 min. \u00e0 1,5 m de profondeur d&rsquo;eau) et rempli d&rsquo;azote pour une vue claire et sans bu\u00e9e. Les \u0153illetons torsad\u00e9s en m\u00e9tal rev\u00eatu s&rsquo;enclenchent dans 3 positions, ce qui rend la lentille utilisable pour les porteurs de lunettes. La molette de mise au point en m\u00e9tal molet\u00e9e et facile \u00e0 utiliser permet un r\u00e9glage de pr\u00e8s \u00e0 l&rsquo;infini en seulement 1,5 tour. Un fil de connexion est disponible pour la fixation sur un tr\u00e9pied. Une sangle de transport, des capuchons de protection pour les oculaires et les optiques et un \u00e9tui de transport souple sont inclus. Contenu de la livraison : Jumelles 8&#215;32 Bouchons d&rsquo;oculaires Bouchons optiques Sac bandouli\u00e8re L&rsquo;alimentation et les piles ne sont pas incluses !<\/p>\n<p>G\u00e9n\u00e9ral<\/p>\n<table>\n<tr>\n<td>Poids<\/td>\n<p> d&rsquo;exp\u00e9dition <\/p>\n<td>0,7 kg<\/td>\n<\/tr>\n<\/table>\n<table>\n<tr>\n<td>Taille<\/td>\n<p> d&rsquo;exp\u00e9dition <\/p>\n<td>16x8x18cm<\/td>\n<\/tr>\n<\/table>\n<p>observation de la nature<\/p>\n<table>\n<tr>\n<td>Type<\/td>\n<td>bord de toit<\/td>\n<\/tr>\n<\/table>\n<table>\n<tr>\n<td>Grossissement<\/td>\n<td>8x<\/td>\n<\/tr>\n<\/table>\n<table>\n<tr>\n<td>Diam\u00e8tre de l&rsquo;objectif (mm)<\/td>\n<td>32<\/td>\n<\/tr>\n<\/table>\n<table>\n<tr>\n<td>Pupille de sortie (mm)<\/td>\n<td>4,00<\/td>\n<\/tr>\n<\/table>\n<table>\n<tr>Syst\u00e8me <\/p>\n<td>de<\/td>\n<td>mise au point central<\/td>\n<\/tr>\n<\/table>\n<table>\n<tr>Types de <\/p>\n<td>verre<\/td>\n<td>BaK-4<\/td>\n<\/tr>\n<\/table>\n<table>\n<tr>\n<td>Cr\u00e9puscule<\/td>\n<td>num\u00e9ro 15.95<\/td>\n<\/tr>\n<\/table>\n<table>\n<tr>\n<td>Intensit\u00e9 lumineuse<\/td>\n<td>16<\/td>\n<\/tr>\n<\/table>\n<table>\n<tr>Rev\u00eatement de la <\/p>\n<td>lentille<\/td>\n<td>Rev\u00eatement multicouche \u00e0 large bande<\/td>\n<\/tr>\n<\/table>\n<table>\n<tr>D\u00e9gagement <\/p>\n<td>oculaire \u00e0 l&rsquo;oculaire (mm)<\/td>\n<td>15,60<\/td>\n<\/tr>\n<\/table>\n<table>\n<tr>Champ <\/p>\n<td>de vision \u00e0 1000m<\/td>\n<td>137m<\/td>\n<\/tr>\n<\/table>\n<table>\n<tr>\n<td>Distance minimale de mise au point (m)<\/td>\n<td>2,00<\/td>\n<\/tr>\n<\/table>\n<table>\n<tr>\n<td>R\u00e9sistant aux \u00e9claboussures<\/td>\n<td>oui<\/td>\n<\/tr>\n<\/table>\n<table>\n<tr>\n<td>Remplissage d&rsquo;azote (oui \/ non)<\/td>\n<td>oui<\/td>\n<\/tr>\n<\/table>\n","protected":false},"excerpt":{"rendered":"<p>Jumelles de toit \u00e9tanches Helios 8&#215;32<\/p>\n","protected":false},"featured_media":6318,"comment_status":"closed","ping_status":"open","template":"","meta":{"_acf_changed":false},"product_brand":[682],"product_cat":[1345,1342,1357,1339],"product_tag":[],"class_list":{"0":"post-61587","1":"product","2":"type-product","3":"status-publish","4":"has-post-thumbnail","6":"product_brand-helios","7":"product_cat-jumelles","8":"product_cat-jumelles-et-lunettes-dopera","9":"product_cat-jumelles-helios","10":"product_cat-optique","12":"first","13":"instock","14":"taxable","15":"shipping-taxable","16":"purchasable","17":"product-type-simple"},"acf":[],"_links":{"self":[{"href":"https:\/\/www.teleskopshop.ch\/fr\/wp-json\/wp\/v2\/product\/61587","targetHints":{"allow":["GET"]}}],"collection":[{"href":"https:\/\/www.teleskopshop.ch\/fr\/wp-json\/wp\/v2\/product"}],"about":[{"href":"https:\/\/www.teleskopshop.ch\/fr\/wp-json\/wp\/v2\/types\/product"}],"replies":[{"embeddable":true,"href":"https:\/\/www.teleskopshop.ch\/fr\/wp-json\/wp\/v2\/comments?post=61587"}],"wp:featuredmedia":[{"embeddable":true,"href":"https:\/\/www.teleskopshop.ch\/fr\/wp-json\/wp\/v2\/media\/6318"}],"wp:attachment":[{"href":"https:\/\/www.teleskopshop.ch\/fr\/wp-json\/wp\/v2\/media?parent=61587"}],"wp:term":[{"taxonomy":"product_brand","embeddable":true,"href":"https:\/\/www.teleskopshop.ch\/fr\/wp-json\/wp\/v2\/product_brand?post=61587"},{"taxonomy":"product_cat","embeddable":true,"href":"https:\/\/www.teleskopshop.ch\/fr\/wp-json\/wp\/v2\/product_cat?post=61587"},{"taxonomy":"product_tag","embeddable":true,"href":"https:\/\/www.teleskopshop.ch\/fr\/wp-json\/wp\/v2\/product_tag?post=61587"}],"curies":[{"name":"wp","href":"https:\/\/api.w.org\/{rel}","templated":true}]}}