{"id":61557,"date":"2022-05-09T00:00:00","date_gmt":"2022-05-08T22:00:00","guid":{"rendered":"https:\/\/2025.teleskopshop.ch\/shop\/non%20class\u00e9\/helios-fernglas-lightquest-hr-10x50\/"},"modified":"2025-01-25T11:54:34","modified_gmt":"2025-01-25T10:54:34","slug":"helios-fernglas-lightquest-hr-10x50","status":"publish","type":"product","link":"https:\/\/www.teleskopshop.ch\/fr\/shop\/optique\/jumelles-et-lunettes-dopera\/jumelles\/jumelles-helios\/helios-fernglas-lightquest-hr-10x50\/","title":{"rendered":"Jumelles Helios Lightquest HR 10&#215;50"},"content":{"rendered":"<p>Les nouvelles jumelles d&rsquo;observation haut de gamme Helios Lightquest-HR combinent des caract\u00e9ristiques de conception m\u00e9caniques et optiques de pointe avec des performances exceptionnellement \u00e9lev\u00e9es ! Il est \u00e9tanche selon la norme IPX7 (1 m de profondeur d&rsquo;eau pendant 30 minutes) et rempli d&rsquo;azote pour une vue sans bu\u00e9e. Le verre est \u00e9quip\u00e9 d&rsquo;un oculaire unique et con\u00e7u pour des distances d&rsquo;observation moyennes \u00e0 longues dans des applications terrestres et astronomiques. Le bo\u00eetier est en alliage de magn\u00e9sium, ce qui le rend tr\u00e8s l\u00e9ger mais aussi tr\u00e8s robuste. Il est \u00e9galement recouvert de similicuir fortement textur\u00e9. Les jumelles sont \u00e9quip\u00e9es de prismes BaK-4 de haute qualit\u00e9 utilis\u00e9s dans des cages r\u00e9sistantes aux chocs et le syst\u00e8me optique est enti\u00e8rement multicouche \u00e0 large bande. Le syst\u00e8me optique haute r\u00e9solution contient des lentilles et des rev\u00eatements de prisme \u00e0 haute transmission et une transmission lumineuse totale d&rsquo;environ 90 %. Les rev\u00eatements des lentilles ont une r\u00e9flectivit\u00e9 extr\u00eamement faible et garantissent ainsi que la quantit\u00e9 maximale de lumi\u00e8re est fournie dans l&rsquo;oculaire. L&rsquo;image convainc par des couleurs vives et un champ d&rsquo;image plat et sans distorsion jusqu&rsquo;aux bords. La conception am\u00e9lior\u00e9e et innovante de l&rsquo;oculaire (8 \u00e9l\u00e9ments en 5 groupes) int\u00e8gre des lentilles surdimensionn\u00e9es pour une observation confortable et permet une imagerie hautement corrig\u00e9e. Les \u0153illetons pliables sont utiles pour le porteur de lunettes. La livraison comprend des bouchons d&rsquo;objectif, une protection d&rsquo;oculaire, une sangle de transport en n\u00e9opr\u00e8ne, un adaptateur pour tr\u00e9pied et une mallette de transport solide et rembourr\u00e9e. Contenu de la livraison : Jumelles 10&#215;50 Lentille Capuchons de protection Protection oculaire N\u00e9opr\u00e8ne Sangle de transport Adaptateur pour tr\u00e9pied Mallette de transport L&rsquo;alimentation \u00e9lectrique et les piles ne sont pas comprises dans la livraison !<\/p>\n<p>G\u00e9n\u00e9ral<\/p>\n<table>\n<tr>\n<td>Poids<\/td>\n<p> d&rsquo;exp\u00e9dition 1 <\/p>\n<td>320 kg<\/td>\n<\/tr>\n<\/table>\n<table>\n<tr>\n<td>Taille<\/td>\n<p> d&rsquo;exp\u00e9dition <\/p>\n<td>19&#215;21.5&#215;7.2cm<\/td>\n<\/tr>\n<\/table>\n<p>observation de la nature<\/p>\n<table>\n<tr>\n<td>Jumelles<\/td>\n<td>Porro<\/td>\n<\/tr>\n<\/table>\n<table>\n<tr>\n<td>Grossissement<\/td>\n<td>10x<\/td>\n<\/tr>\n<\/table>\n<table>\n<tr>\n<td>Diam\u00e8tre de l&rsquo;objectif (mm)<\/td>\n<td>50<\/td>\n<\/tr>\n<\/table>\n<table>\n<tr>\n<td>Pupille de sortie (mm)<\/td>\n<td>5,00<\/td>\n<\/tr>\n<\/table>\n<table>\n<tr>Syst\u00e8me de mise au point Mise au <\/p>\n<td>point<\/td>\n<td>monooculaire<\/td>\n<\/tr>\n<\/table>\n<table>\n<tr>Types de prismes en <\/p>\n<td>verre<\/td>\n<td>BaK4<\/td>\n<\/tr>\n<\/table>\n<table>\n<tr>\n<td>Cr\u00e9puscule<\/td>\n<td>num\u00e9ro 22.36<\/td>\n<\/tr>\n<\/table>\n<table>\n<tr>\n<td>Intensit\u00e9<\/td>\n<p> lumineuse <\/p>\n<td>25.00<\/td>\n<\/tr>\n<\/table>\n<table>\n<tr>Rev\u00eatement de la <\/p>\n<td>lentille<\/td>\n<td>Rev\u00eatement multicouche \u00e0 large bande<\/td>\n<\/tr>\n<\/table>\n<table>\n<tr>\n<td>D\u00e9gagement oculaire \u00e0 l&rsquo;oculaire (mm)<\/td>\n<td>20,00<\/td>\n<\/tr>\n<\/table>\n<table>\n<tr>\n<td>Distance interpupillaire r\u00e9glable (mm)<\/td>\n<td>56-74<\/td>\n<\/tr>\n<\/table>\n<table>\n<tr>Champ <\/p>\n<td>de vision \u00e0 1000m<\/td>\n<td>114m<\/td>\n<\/tr>\n<\/table>\n<table>\n<tr>\n<td>Distance minimale de mise au point (m)<\/td>\n<td>10,00<\/td>\n<\/tr>\n<\/table>\n<table>\n<tr>\n<td>R\u00e9sistant aux \u00e9claboussures<\/td>\n<td>oui<\/td>\n<\/tr>\n<\/table>\n<table>\n<tr>\n<td>Remplissage d&rsquo;azote (oui \/ non)<\/td>\n<td>oui<\/td>\n<\/tr>\n<\/table>\n","protected":false},"excerpt":{"rendered":"<p>Helios Jumelles d&rsquo;observation \u00e9tanches haute r\u00e9solution avec bo\u00eetier en magn\u00e9sium<\/p>\n","protected":false},"featured_media":6314,"comment_status":"closed","ping_status":"open","template":"","meta":{"_acf_changed":false},"product_brand":[682],"product_cat":[1345,1342,1357,1339],"product_tag":[],"class_list":{"0":"post-61557","1":"product","2":"type-product","3":"status-publish","4":"has-post-thumbnail","6":"product_brand-helios","7":"product_cat-jumelles","8":"product_cat-jumelles-et-lunettes-dopera","9":"product_cat-jumelles-helios","10":"product_cat-optique","12":"first","13":"instock","14":"taxable","15":"shipping-taxable","16":"purchasable","17":"product-type-simple"},"acf":[],"_links":{"self":[{"href":"https:\/\/www.teleskopshop.ch\/fr\/wp-json\/wp\/v2\/product\/61557","targetHints":{"allow":["GET"]}}],"collection":[{"href":"https:\/\/www.teleskopshop.ch\/fr\/wp-json\/wp\/v2\/product"}],"about":[{"href":"https:\/\/www.teleskopshop.ch\/fr\/wp-json\/wp\/v2\/types\/product"}],"replies":[{"embeddable":true,"href":"https:\/\/www.teleskopshop.ch\/fr\/wp-json\/wp\/v2\/comments?post=61557"}],"wp:featuredmedia":[{"embeddable":true,"href":"https:\/\/www.teleskopshop.ch\/fr\/wp-json\/wp\/v2\/media\/6314"}],"wp:attachment":[{"href":"https:\/\/www.teleskopshop.ch\/fr\/wp-json\/wp\/v2\/media?parent=61557"}],"wp:term":[{"taxonomy":"product_brand","embeddable":true,"href":"https:\/\/www.teleskopshop.ch\/fr\/wp-json\/wp\/v2\/product_brand?post=61557"},{"taxonomy":"product_cat","embeddable":true,"href":"https:\/\/www.teleskopshop.ch\/fr\/wp-json\/wp\/v2\/product_cat?post=61557"},{"taxonomy":"product_tag","embeddable":true,"href":"https:\/\/www.teleskopshop.ch\/fr\/wp-json\/wp\/v2\/product_tag?post=61557"}],"curies":[{"name":"wp","href":"https:\/\/api.w.org\/{rel}","templated":true}]}}