{"id":61536,"date":"2022-05-09T00:00:00","date_gmt":"2022-05-08T22:00:00","guid":{"rendered":"https:\/\/2025.teleskopshop.ch\/shop\/non%20class\u00e9\/helios-fernglas-aquila-ms-6-5x32\/"},"modified":"2025-01-25T11:54:48","modified_gmt":"2025-01-25T10:54:48","slug":"helios-fernglas-aquila-ms-6-5x32","status":"publish","type":"product","link":"https:\/\/www.teleskopshop.ch\/fr\/shop\/optique\/jumelles-et-lunettes-dopera\/jumelles\/jumelles-helios\/helios-fernglas-aquila-ms-6-5x32\/","title":{"rendered":"Jumelles H\u00e9lios Aquila MS 6.5&#215;32"},"content":{"rendered":"<p>Ces jumelles Helios Porro de haute qualit\u00e9, de taille moyenne, \u00e9tanches et remplies d&rsquo;azote sont \u00e9quip\u00e9es d&rsquo;un r\u00e9glage central de la mise au point. Ils ont un rev\u00eatement en caoutchouc noir solide et durable et sont principalement con\u00e7us pour observer par temps humide sans embuer les optiques. Gr\u00e2ce \u00e0 leur conception pratique et ergonomique et \u00e0 leur poids l\u00e9ger, ils sont extr\u00eamement confortables \u00e0 tenir. Les optiques et les prismes BaK-4 sont multicouches. Les jumelles offrent des performances exceptionnelles pour leur taille compacte. Les \u0153illetons en caoutchouc sont r\u00e9glables pour les porteurs de lunettes. Les jumelles Helios sont livr\u00e9es avec une bandouli\u00e8re et un \u00e9tui. Contenu de la livraison : 6,5 x 32 sac de capuchons anti-poussi\u00e8re pour jumelles ! L&rsquo;alimentation et les piles ne sont pas incluses.<\/p>\n<p>G\u00e9n\u00e9ral<\/p>\n<table>\n<tr>\n<td>Poids<\/td>\n<p> d&rsquo;exp\u00e9dition <\/p>\n<td>0,741 kg<\/td>\n<\/tr>\n<\/table>\n<table>\n<tr>\n<td>Taille<\/td>\n<p> d&rsquo;exp\u00e9dition <\/p>\n<td>19x17x9cm<\/td>\n<\/tr>\n<\/table>\n<p>observation de la nature<\/p>\n<table>\n<tr>\n<td>Jumelles<\/td>\n<td>Porro<\/td>\n<\/tr>\n<\/table>\n<table>\n<tr>\n<td>Grossissement<\/td>\n<td>6,5x<\/td>\n<\/tr>\n<\/table>\n<table>\n<tr>\n<td>Diam\u00e8tre de l&rsquo;objectif (mm)<\/td>\n<td>32<\/td>\n<\/tr>\n<\/table>\n<table>\n<tr>\n<td>Pupille de sortie (mm)<\/td>\n<td>4,92<\/td>\n<\/tr>\n<\/table>\n<table>\n<tr>\n<td>Syst\u00e8me de mise au point Mise au point<\/td>\n<td>centrale avec r\u00e9glage dioptrique unilat\u00e9ral<\/td>\n<\/tr>\n<\/table>\n<table>\n<tr>Types de prismes en <\/p>\n<td>verre<\/td>\n<td>BaK4<\/td>\n<\/tr>\n<\/table>\n<table>\n<tr>\n<td>Cr\u00e9puscule<\/td>\n<td>num\u00e9ro 14.42<\/td>\n<\/tr>\n<\/table>\n<table>\n<tr>\n<td>Intensit\u00e9<\/td>\n<p> lumineuse <\/p>\n<td>24.21<\/td>\n<\/tr>\n<\/table>\n<table>\n<tr>Rev\u00eatement de <\/p>\n<td>lentille Rev\u00eatement<\/td>\n<td>multicouche<\/td>\n<\/tr>\n<\/table>\n<table>\n<tr>\n<td>D\u00e9gagement oculaire \u00e0 l&rsquo;oculaire (mm)<\/td>\n<td>17,00<\/td>\n<\/tr>\n<\/table>\n<table>\n<tr>Champ <\/p>\n<td>de vision \u00e0 1000m<\/td>\n<td>143m<\/td>\n<\/tr>\n<\/table>\n<table>\n<tr>\n<td>Distance minimale de mise au point (m)<\/td>\n<td>3,50<\/td>\n<\/tr>\n<\/table>\n<table>\n<tr>\n<td>R\u00e9sistant aux \u00e9claboussures<\/td>\n<td>oui<\/td>\n<\/tr>\n<\/table>\n<table>\n<tr>\n<td>Remplissage d&rsquo;azote (oui \/ non)<\/td>\n<td>oui<\/td>\n<\/tr>\n<\/table>\n","protected":false},"excerpt":{"rendered":"<p>Jumelles Helios \u00e9tanches 32 mm avec grossissement 6,5x<\/p>\n","protected":false},"featured_media":6286,"comment_status":"closed","ping_status":"open","template":"","meta":{"_acf_changed":false},"product_brand":[682],"product_cat":[1345,1342,1357,1339],"product_tag":[],"class_list":{"0":"post-61536","1":"product","2":"type-product","3":"status-publish","4":"has-post-thumbnail","6":"product_brand-helios","7":"product_cat-jumelles","8":"product_cat-jumelles-et-lunettes-dopera","9":"product_cat-jumelles-helios","10":"product_cat-optique","12":"first","13":"instock","14":"taxable","15":"shipping-taxable","16":"purchasable","17":"product-type-simple"},"acf":[],"_links":{"self":[{"href":"https:\/\/www.teleskopshop.ch\/fr\/wp-json\/wp\/v2\/product\/61536","targetHints":{"allow":["GET"]}}],"collection":[{"href":"https:\/\/www.teleskopshop.ch\/fr\/wp-json\/wp\/v2\/product"}],"about":[{"href":"https:\/\/www.teleskopshop.ch\/fr\/wp-json\/wp\/v2\/types\/product"}],"replies":[{"embeddable":true,"href":"https:\/\/www.teleskopshop.ch\/fr\/wp-json\/wp\/v2\/comments?post=61536"}],"wp:featuredmedia":[{"embeddable":true,"href":"https:\/\/www.teleskopshop.ch\/fr\/wp-json\/wp\/v2\/media\/6286"}],"wp:attachment":[{"href":"https:\/\/www.teleskopshop.ch\/fr\/wp-json\/wp\/v2\/media?parent=61536"}],"wp:term":[{"taxonomy":"product_brand","embeddable":true,"href":"https:\/\/www.teleskopshop.ch\/fr\/wp-json\/wp\/v2\/product_brand?post=61536"},{"taxonomy":"product_cat","embeddable":true,"href":"https:\/\/www.teleskopshop.ch\/fr\/wp-json\/wp\/v2\/product_cat?post=61536"},{"taxonomy":"product_tag","embeddable":true,"href":"https:\/\/www.teleskopshop.ch\/fr\/wp-json\/wp\/v2\/product_tag?post=61536"}],"curies":[{"name":"wp","href":"https:\/\/api.w.org\/{rel}","templated":true}]}}