{"id":61518,"date":"2022-05-09T00:00:00","date_gmt":"2022-05-08T22:00:00","guid":{"rendered":"https:\/\/2025.teleskopshop.ch\/shop\/non%20class\u00e9\/helios-apollo-serie-10-5x70-grossfernglas\/"},"modified":"2025-01-25T11:48:07","modified_gmt":"2025-01-25T10:48:07","slug":"helios-apollo-serie-10-5x70-grossfernglas","status":"publish","type":"product","link":"https:\/\/www.teleskopshop.ch\/fr\/shop\/optique\/jumelles-et-lunettes-dopera\/jumelles\/jumelles-helios\/helios-apollo-serie-10-5x70-grossfernglas\/","title":{"rendered":"Jumelles Helios Apollo s\u00e9rie 10.5&#215;70 grandes"},"content":{"rendered":"<p>Jumelles d&rsquo;observation Helios de haute qualit\u00e9, \u00e9tanches et remplies d&rsquo;azote avec mise au point monooculaire, d\u00e9velopp\u00e9es pour l&rsquo;observation terrestre sur de moyennes \u00e0 longues distances et pour l&rsquo;astronomie. Le bo\u00eetier antichoc est constitu\u00e9 d&rsquo;une construction enti\u00e8rement m\u00e9tallique. Il int\u00e8gre des prismes BAK-4 et un syst\u00e8me optique enti\u00e8rement multicouche. Le syst\u00e8me optique haute r\u00e9solution se compose de lentilles \u00e0 transmission \u00e9lev\u00e9e et de rev\u00eatements prismatiques qui laissent passer 92 % de la lumi\u00e8re incidente et produisent une image plate et sans distorsion. La conception exotique des oculaires offre des lentilles surdimensionn\u00e9es et un long d\u00e9gagement oculaire. Les oculaires sont \u00e9quip\u00e9s d&rsquo;\u0153illetons en caoutchouc pliables pour une visualisation confortable m\u00eame pour les porteurs de lunettes. Les jumelles sont \u00e9quip\u00e9es d&rsquo;une connexion pour tr\u00e9pied et de filetages pour accueillir des filtres astronomiques standard de 1,25&Prime; dans les oculaires. Le bo\u00eetier est blind\u00e9 en caoutchouc noir. Les jumelles sont livr\u00e9es dans une mallette de transport\/stockage en aluminium doubl\u00e9e de mousse. Contenu de la livraison : 10,5 x 70 Jumelles Bouchons anti-poussi\u00e8re Bo\u00eetier ! L&rsquo;alimentation et les piles ne sont pas incluses !<\/p>\n<p>G\u00e9n\u00e9ral<\/p>\n<table>\n<tr>\n<td>Poids<\/td>\n<p> d&rsquo;exp\u00e9dition <\/p>\n<td>4,6 kg<\/td>\n<\/tr>\n<\/table>\n<table>\n<tr>\n<td>Taille<\/td>\n<p> d&rsquo;exp\u00e9dition <\/p>\n<td>31x19x37cm<\/td>\n<\/tr>\n<\/table>\n<p>observation de la nature<\/p>\n<table>\n<tr>\n<td>Jumelles<\/td>\n<td>Porro<\/td>\n<\/tr>\n<\/table>\n<table>\n<tr>\n<td>Grossissement<\/td>\n<td>10,5x<\/td>\n<\/tr>\n<\/table>\n<table>\n<tr>\n<td>Diam\u00e8tre de l&rsquo;objectif (mm)<\/td>\n<td>70<\/td>\n<\/tr>\n<\/table>\n<table>\n<tr>\n<td>Pupille de sortie (mm)<\/td>\n<td>6,66<\/td>\n<\/tr>\n<\/table>\n<table>\n<tr>Syst\u00e8me de mise au point Mise au <\/p>\n<td>point<\/td>\n<td>monooculaire<\/td>\n<\/tr>\n<\/table>\n<table>\n<tr>\n<td>Cr\u00e9puscule<\/td>\n<td>num\u00e9ro 27.1<\/td>\n<\/tr>\n<\/table>\n<table>\n<tr>\n<td>Intensit\u00e9<\/td>\n<p> lumineuse <\/p>\n<td>44,9<\/td>\n<\/tr>\n<\/table>\n<table>\n<tr>Rev\u00eatement de la <\/p>\n<td>lentille<\/td>\n<td>Rev\u00eatement multicouche \u00e0 large bande<\/td>\n<\/tr>\n<\/table>\n<table>\n<tr>Champ <\/p>\n<td>de vision \u00e0 1000m<\/td>\n<td>87m<\/td>\n<\/tr>\n<\/table>\n<table>\n<tr>\n<td>R\u00e9sistant aux \u00e9claboussures<\/td>\n<td>oui<\/td>\n<\/tr>\n<\/table>\n<table>\n<tr>\n<td>Remplissage d&rsquo;azote (oui \/ non)<\/td>\n<td>oui<\/td>\n<\/tr>\n<\/table>\n","protected":false},"excerpt":{"rendered":"<p>Jumelles Helios 70 mm haute r\u00e9solution avec grossissement 10,5x<\/p>\n","protected":false},"featured_media":6474,"comment_status":"closed","ping_status":"open","template":"","meta":{"_acf_changed":false},"product_brand":[682],"product_cat":[1345,1342,1357,1339],"product_tag":[],"class_list":{"0":"post-61518","1":"product","2":"type-product","3":"status-publish","4":"has-post-thumbnail","6":"product_brand-helios","7":"product_cat-jumelles","8":"product_cat-jumelles-et-lunettes-dopera","9":"product_cat-jumelles-helios","10":"product_cat-optique","12":"first","13":"instock","14":"taxable","15":"shipping-taxable","16":"purchasable","17":"product-type-simple"},"acf":[],"_links":{"self":[{"href":"https:\/\/www.teleskopshop.ch\/fr\/wp-json\/wp\/v2\/product\/61518","targetHints":{"allow":["GET"]}}],"collection":[{"href":"https:\/\/www.teleskopshop.ch\/fr\/wp-json\/wp\/v2\/product"}],"about":[{"href":"https:\/\/www.teleskopshop.ch\/fr\/wp-json\/wp\/v2\/types\/product"}],"replies":[{"embeddable":true,"href":"https:\/\/www.teleskopshop.ch\/fr\/wp-json\/wp\/v2\/comments?post=61518"}],"wp:featuredmedia":[{"embeddable":true,"href":"https:\/\/www.teleskopshop.ch\/fr\/wp-json\/wp\/v2\/media\/6474"}],"wp:attachment":[{"href":"https:\/\/www.teleskopshop.ch\/fr\/wp-json\/wp\/v2\/media?parent=61518"}],"wp:term":[{"taxonomy":"product_brand","embeddable":true,"href":"https:\/\/www.teleskopshop.ch\/fr\/wp-json\/wp\/v2\/product_brand?post=61518"},{"taxonomy":"product_cat","embeddable":true,"href":"https:\/\/www.teleskopshop.ch\/fr\/wp-json\/wp\/v2\/product_cat?post=61518"},{"taxonomy":"product_tag","embeddable":true,"href":"https:\/\/www.teleskopshop.ch\/fr\/wp-json\/wp\/v2\/product_tag?post=61518"}],"curies":[{"name":"wp","href":"https:\/\/api.w.org\/{rel}","templated":true}]}}